{"id":1366,"date":"2023-01-26T08:08:22","date_gmt":"2023-01-26T08:08:22","guid":{"rendered":"https:\/\/greencleangroup.es\/glasbewassing\/"},"modified":"2023-07-15T17:04:16","modified_gmt":"2023-07-15T17:04:16","slug":"fensterreinigung","status":"publish","type":"page","link":"https:\/\/greencleangroup.es\/de\/dienstleistungen\/fensterreinigung\/","title":{"rendered":"Fensterreinigung"},"content":{"rendered":"<div  class='flex_column av-osh1-a937a6d8dcc77c36fc8514388391b9ae av_one_full  avia-builder-el-0  el_before_av_one_full  avia-builder-el-first  first flex_column_div  '     ><section  class='av_textblock_section av-ldctcum5-a421911ccc26baf70b950298c914ebdd '   itemscope=\"itemscope\" itemtype=\"https:\/\/schema.org\/CreativeWork\" ><div class='avia_textblock'  itemprop=\"text\" ><div class=\"elementor-element elementor-element-36d489a jltma-glass-effect-no elementor-widget elementor-widget-heading\" data-id=\"36d489a\" data-element_type=\"widget\" data-widget_type=\"heading.default\">\n<div class=\"elementor-widget-container\">\n<h2 class=\"elementor-heading-title elementor-size-default\">PROFESSIONELLES FENSTERREINIGUNGSUNTERNEHMEN AN DER COSTA BLANCA<\/h2>\n<\/div>\n<\/div>\n<div class=\"elementor-element elementor-element-dd738ea jltma-glass-effect-no elementor-widget elementor-widget-text-editor\" data-id=\"dd738ea\" data-element_type=\"widget\" data-widget_type=\"text-editor.default\">\n<div class=\"elementor-widget-container\">\n<p>Fensterreinigung ist wichtig, um Ihre Fenster sauber zu halten. Fenster k\u00f6nnen durch verschiedene Einfl\u00fcsse verschmutzt werden. Denken Sie an St\u00fcrme, Luftverschmutzung, Insekten und andere Dinge, die Fenster und Rahmen angreifen. Regelm\u00e4\u00dfiges Fensterputzen sorgt daf\u00fcr, dass die Fenster l\u00e4nger ihren Glanz behalten, aber auch f\u00fcr eine l\u00e4ngere Lebensdauer der Fensterrahmen.<\/p>\n<h3>Fensterreinigung durch Green Clean Group<\/h3>\n<p>Green Clean Group sorgt daf\u00fcr, dass Ihre Fenster in einem Top-Zustand bleiben. Wir reinigen alle Arten von Fenstern, Glas, Plexiglas, spezielle Glaskonstruktionen und auch alle Arten von Rahmen, wie PVC, Aluminium, Holz und andere Arten von Rahmen reinigen wir gr\u00fcndlich f\u00fcr Sie. Green Clean Group reinigt Ihr Glas, die Rahmen, die Fensterb\u00e4nke, die Haust\u00fcr und das Tor.<\/p>\n<h3>Green Clean Group ist f\u00fcr Ihre komplette Fensterreinigung da<\/h3>\n<p>Wir k\u00f6nnen die Fensterreinigung unter den schwierigsten Bedingungen und an den schwierigsten Orten durchf\u00fchren. Wenn Sie Green Clean Group mit der Fensterreinigung beauftragen, k\u00f6nnen Sie sicher sein, dass Sie einen professionellen Fensterreiniger bekommen, der auf die Sicherheit achtet, ein Auge f\u00fcr Details hat und die Fassadenrahmen w\u00e4hrend der Fensterreinigung sch\u00fctzt. Bei Green Clean Group legen wir Wert auf Umweltfreundlichkeit, weshalb wir nur biologisch abbaubare Produkte verwenden.<\/p>\n<h3>Auch Glasreinigung in gro\u00dfer H\u00f6he<\/h3>\n<p>F\u00fcr Arbeiten in gro\u00dfen H\u00f6hen verwenden wir Hubarbeitsb\u00fchnen und Teleskopwaschanlagen mit Osmoseanlage oder eine Alternative wie Regenwasser. In der Tat ist Regenwasser auch Osmosewasser.<\/p>\n<h3>Kontaktieren Sie uns<\/h3>\n<p>M\u00f6chten Sie mehr \u00fcber die M\u00f6glichkeiten der Fensterreinigung erfahren, sowohl f\u00fcr Privath\u00e4user als auch f\u00fcr B\u00fcror\u00e4ume? Dann wenden Sie sich an Green Clean Group, um einen Termin zu vereinbaren oder ein <a href=\"https:\/\/greencleangroup.es\/de\/angebot\/\">Angebot<\/a> anzufordern.<\/p>\n<\/div>\n<\/div>\n<\/div><\/section><\/div><div  class='flex_column av-1574x-519bf974633ad736b4e948f0a61899ad av_one_full  avia-builder-el-2  el_after_av_one_full  avia-builder-el-last  first flex_column_div  column-top-margin'     ><div id='av-masonry-1' class='av-masonry av-ldg1lh6v-5b2b60067e33bf3162706bf0e4e3b321 noHover av-fixed-size av-no-gap av-hover-overlay-active av-masonry-animation-active av-masonry-col-flexible av-caption-always av-caption-style- av-masonry-gallery av-orientation-square ' data-post_id=\"1366\"><div class=\"av-masonry-container isotope av-js-disabled\"><div class='av-masonry-entry isotope-item av-masonry-item-no-image '><\/div><a href=\"https:\/\/greencleangroup.es\/wp-content\/uploads\/2023\/06\/Green-Clean-Group-Window-cleaning-2-1030x687.jpg\" data-srcset=\"https:\/\/greencleangroup.es\/wp-content\/uploads\/2023\/06\/Green-Clean-Group-Window-cleaning-2-1030x687.jpg 1030w, https:\/\/greencleangroup.es\/wp-content\/uploads\/2023\/06\/Green-Clean-Group-Window-cleaning-2-300x200.jpg 300w, https:\/\/greencleangroup.es\/wp-content\/uploads\/2023\/06\/Green-Clean-Group-Window-cleaning-2-768x512.jpg 768w, https:\/\/greencleangroup.es\/wp-content\/uploads\/2023\/06\/Green-Clean-Group-Window-cleaning-2-1536x1024.jpg 1536w, https:\/\/greencleangroup.es\/wp-content\/uploads\/2023\/06\/Green-Clean-Group-Window-cleaning-2-2048x1365.jpg 2048w, https:\/\/greencleangroup.es\/wp-content\/uploads\/2023\/06\/Green-Clean-Group-Window-cleaning-2-1500x1000.jpg 1500w, https:\/\/greencleangroup.es\/wp-content\/uploads\/2023\/06\/Green-Clean-Group-Window-cleaning-2-705x470.jpg 705w\" data-sizes=\"(max-width: 1030px) 100vw, 1030px\"  aria-label=\"Bild Green Clean Group &#8211; Window cleaning 2\"  id='av-masonry-1-item-983' data-av-masonry-item='983' class='av-masonry-entry isotope-item post-983 attachment type-attachment status-inherit hentry  av-masonry-item-with-image' title=\"Green Clean Group &#8211; Window cleaning 2\" alt=\"Green Clean Group - Window cleaning 2\"    itemprop=\"thumbnailUrl\" ><div class='av-inner-masonry-sizer'><\/div><figure class='av-inner-masonry main_color'><div class=\"av-masonry-outerimage-container\"><div class='av-masonry-image-container' style=\"background-image: url(https:\/\/greencleangroup.es\/wp-content\/uploads\/2023\/06\/Green-Clean-Group-Window-cleaning-2-705x470.jpg);\"  title=\"Green Clean Group &#8211; Window cleaning 2\" ><\/div><\/div><\/figure><\/a><!--end av-masonry entry--><a href=\"https:\/\/greencleangroup.es\/wp-content\/uploads\/2023\/01\/Strak-glasbewassing-2-telescoopsteel.jpg\" data-srcset=\"https:\/\/greencleangroup.es\/wp-content\/uploads\/2023\/01\/Strak-glasbewassing-2-telescoopsteel.jpg 510w, https:\/\/greencleangroup.es\/wp-content\/uploads\/2023\/01\/Strak-glasbewassing-2-telescoopsteel-300x294.jpg 300w, https:\/\/greencleangroup.es\/wp-content\/uploads\/2023\/01\/Strak-glasbewassing-2-telescoopsteel-36x36.jpg 36w\" data-sizes=\"(max-width: 510px) 100vw, 510px\"  aria-label=\"Bild Strak glasbewassing 2 telescoopsteel\"  id='av-masonry-1-item-839' data-av-masonry-item='839' class='av-masonry-entry isotope-item post-839 attachment type-attachment status-inherit hentry  av-masonry-item-with-image' title=\"Strak glasbewassing 2 telescoopsteel\" alt=\"\"    itemprop=\"thumbnailUrl\" ><div class='av-inner-masonry-sizer'><\/div><figure class='av-inner-masonry main_color'><div class=\"av-masonry-outerimage-container\"><div class='av-masonry-image-container' style=\"background-image: url(https:\/\/greencleangroup.es\/wp-content\/uploads\/2023\/01\/Strak-glasbewassing-2-telescoopsteel.jpg);\"  title=\"Strak glasbewassing 2 telescoopsteel\" ><\/div><\/div><\/figure><\/a><!--end av-masonry entry--><a href=\"https:\/\/greencleangroup.es\/wp-content\/uploads\/2023\/06\/Green-Clean-Group-personal-on-ladder-687x1030.jpg\" data-srcset=\"https:\/\/greencleangroup.es\/wp-content\/uploads\/2023\/06\/Green-Clean-Group-personal-on-ladder-687x1030.jpg 687w, https:\/\/greencleangroup.es\/wp-content\/uploads\/2023\/06\/Green-Clean-Group-personal-on-ladder-200x300.jpg 200w, https:\/\/greencleangroup.es\/wp-content\/uploads\/2023\/06\/Green-Clean-Group-personal-on-ladder-768x1152.jpg 768w, https:\/\/greencleangroup.es\/wp-content\/uploads\/2023\/06\/Green-Clean-Group-personal-on-ladder-1024x1536.jpg 1024w, https:\/\/greencleangroup.es\/wp-content\/uploads\/2023\/06\/Green-Clean-Group-personal-on-ladder-1365x2048.jpg 1365w, https:\/\/greencleangroup.es\/wp-content\/uploads\/2023\/06\/Green-Clean-Group-personal-on-ladder-1000x1500.jpg 1000w, https:\/\/greencleangroup.es\/wp-content\/uploads\/2023\/06\/Green-Clean-Group-personal-on-ladder-470x705.jpg 470w, https:\/\/greencleangroup.es\/wp-content\/uploads\/2023\/06\/Green-Clean-Group-personal-on-ladder-rotated.jpg 1600w\" data-sizes=\"(max-width: 687px) 100vw, 687px\"  aria-label=\"Bild Green Clean Group personal on ladder\"  id='av-masonry-1-item-991' data-av-masonry-item='991' class='av-masonry-entry isotope-item post-991 attachment type-attachment status-inherit hentry  av-masonry-item-with-image' title=\"Green Clean Group personal on ladder\" alt=\"Green Clean Group personal on ladder\"    itemprop=\"thumbnailUrl\" ><div class='av-inner-masonry-sizer'><\/div><figure class='av-inner-masonry main_color'><div class=\"av-masonry-outerimage-container\"><div class='av-masonry-image-container' style=\"background-image: url(https:\/\/greencleangroup.es\/wp-content\/uploads\/2023\/06\/Green-Clean-Group-personal-on-ladder-470x705.jpg);\"  title=\"Green Clean Group personal on ladder\" ><\/div><\/div><\/figure><\/a><!--end av-masonry entry--><a href=\"https:\/\/greencleangroup.es\/wp-content\/uploads\/2023\/01\/Strak-glasbewassing-1.jpeg\" data-srcset=\"https:\/\/greencleangroup.es\/wp-content\/uploads\/2023\/01\/Strak-glasbewassing-1.jpeg 391w, https:\/\/greencleangroup.es\/wp-content\/uploads\/2023\/01\/Strak-glasbewassing-1-300x253.jpeg 300w\" data-sizes=\"(max-width: 391px) 100vw, 391px\"  aria-label=\"Bild Strak glasbewassing 1\"  id='av-masonry-1-item-836' data-av-masonry-item='836' class='av-masonry-entry isotope-item post-836 attachment type-attachment status-inherit hentry  av-masonry-item-with-image' title=\"Strak glasbewassing 1\" alt=\"\"    itemprop=\"thumbnailUrl\" ><div class='av-inner-masonry-sizer'><\/div><figure class='av-inner-masonry main_color'><div class=\"av-masonry-outerimage-container\"><div class='av-masonry-image-container' style=\"background-image: url(https:\/\/greencleangroup.es\/wp-content\/uploads\/2023\/01\/Strak-glasbewassing-1.jpeg);\"  title=\"Strak glasbewassing 1\" ><\/div><\/div><\/figure><\/a><!--end av-masonry entry--><a href=\"https:\/\/greencleangroup.es\/wp-content\/uploads\/2023\/01\/Strak-veranda-reinigen-1-na.jpeg\" data-srcset=\"https:\/\/greencleangroup.es\/wp-content\/uploads\/2023\/01\/Strak-veranda-reinigen-1-na.jpeg 391w, https:\/\/greencleangroup.es\/wp-content\/uploads\/2023\/01\/Strak-veranda-reinigen-1-na-300x253.jpeg 300w\" data-sizes=\"(max-width: 391px) 100vw, 391px\"  aria-label=\"Bild Strak veranda reinigen 1 na\"  id='av-masonry-1-item-863' data-av-masonry-item='863' class='av-masonry-entry isotope-item post-863 attachment type-attachment status-inherit hentry  av-masonry-item-with-image' title=\"Strak veranda reinigen 1 na\" alt=\"\"    itemprop=\"thumbnailUrl\" ><div class='av-inner-masonry-sizer'><\/div><figure class='av-inner-masonry main_color'><div class=\"av-masonry-outerimage-container\"><div class='av-masonry-image-container' style=\"background-image: url(https:\/\/greencleangroup.es\/wp-content\/uploads\/2023\/01\/Strak-veranda-reinigen-1-na.jpeg);\"  title=\"Strak veranda reinigen 1 na\" ><\/div><\/div><\/figure><\/a><!--end av-masonry entry--><a href=\"https:\/\/greencleangroup.es\/wp-content\/uploads\/2023\/06\/Green-Clean-Group-Allround-exterior-cleaning-window-cleaning-687x1030.jpg\" data-srcset=\"https:\/\/greencleangroup.es\/wp-content\/uploads\/2023\/06\/Green-Clean-Group-Allround-exterior-cleaning-window-cleaning-687x1030.jpg 687w, https:\/\/greencleangroup.es\/wp-content\/uploads\/2023\/06\/Green-Clean-Group-Allround-exterior-cleaning-window-cleaning-200x300.jpg 200w, https:\/\/greencleangroup.es\/wp-content\/uploads\/2023\/06\/Green-Clean-Group-Allround-exterior-cleaning-window-cleaning-768x1152.jpg 768w, https:\/\/greencleangroup.es\/wp-content\/uploads\/2023\/06\/Green-Clean-Group-Allround-exterior-cleaning-window-cleaning-1024x1536.jpg 1024w, https:\/\/greencleangroup.es\/wp-content\/uploads\/2023\/06\/Green-Clean-Group-Allround-exterior-cleaning-window-cleaning-1365x2048.jpg 1365w, https:\/\/greencleangroup.es\/wp-content\/uploads\/2023\/06\/Green-Clean-Group-Allround-exterior-cleaning-window-cleaning-1000x1500.jpg 1000w, https:\/\/greencleangroup.es\/wp-content\/uploads\/2023\/06\/Green-Clean-Group-Allround-exterior-cleaning-window-cleaning-470x705.jpg 470w, https:\/\/greencleangroup.es\/wp-content\/uploads\/2023\/06\/Green-Clean-Group-Allround-exterior-cleaning-window-cleaning-rotated.jpg 1600w\" data-sizes=\"(max-width: 687px) 100vw, 687px\"  aria-label=\"Bild Green Clean Group &#8211; Allround exterior cleaning &#8211; window cleaning\"  id='av-masonry-1-item-975' data-av-masonry-item='975' class='av-masonry-entry isotope-item post-975 attachment type-attachment status-inherit hentry  av-masonry-item-with-image' title=\"Green Clean Group &#8211; Allround exterior cleaning &#8211; window cleaning\" alt=\"Green Clean Group - Allround exterior cleaning - window cleaning\"    itemprop=\"thumbnailUrl\" ><div class='av-inner-masonry-sizer'><\/div><figure class='av-inner-masonry main_color'><div class=\"av-masonry-outerimage-container\"><div class='av-masonry-image-container' style=\"background-image: url(https:\/\/greencleangroup.es\/wp-content\/uploads\/2023\/06\/Green-Clean-Group-Allround-exterior-cleaning-window-cleaning-470x705.jpg);\"  title=\"Green Clean Group &#8211; Allround exterior cleaning &#8211; window cleaning\" ><\/div><\/div><\/figure><\/a><!--end av-masonry entry--><\/div><\/div><\/div><\/p>\n","protected":false},"excerpt":{"rendered":"","protected":false},"author":2,"featured_media":0,"parent":1376,"menu_order":0,"comment_status":"closed","ping_status":"closed","template":"","meta":{"_joinchat":[],"footnotes":""},"class_list":["post-1366","page","type-page","status-publish","hentry"],"yoast_head":"<!-- This site is optimized with the Yoast SEO plugin v27.2 - https:\/\/yoast.com\/product\/yoast-seo-wordpress\/ -->\n<title>Fensterreinigung - Green Clean Group<\/title>\n<meta name=\"robots\" content=\"index, follow, max-snippet:-1, max-image-preview:large, max-video-preview:-1\" \/>\n<link rel=\"canonical\" href=\"https:\/\/greencleangroup.es\/de\/dienstleistungen\/fensterreinigung\/\" \/>\n<meta property=\"og:locale\" content=\"de_DE\" \/>\n<meta property=\"og:type\" content=\"article\" \/>\n<meta property=\"og:title\" content=\"Fensterreinigung - Green Clean Group\" \/>\n<meta property=\"og:url\" content=\"https:\/\/greencleangroup.es\/de\/dienstleistungen\/fensterreinigung\/\" \/>\n<meta property=\"og:site_name\" content=\"Green Clean Group\" \/>\n<meta property=\"article:modified_time\" content=\"2023-07-15T17:04:16+00:00\" \/>\n<meta name=\"twitter:card\" content=\"summary_large_image\" \/>\n<meta name=\"twitter:label1\" content=\"Gesch\u00e4tzte Lesezeit\" \/>\n\t<meta name=\"twitter:data1\" content=\"3\u00a0Minuten\" \/>\n<script type=\"application\/ld+json\" class=\"yoast-schema-graph\">{\"@context\":\"https:\/\/schema.org\",\"@graph\":[{\"@type\":\"WebPage\",\"@id\":\"https:\/\/greencleangroup.es\/de\/dienstleistungen\/fensterreinigung\/\",\"url\":\"https:\/\/greencleangroup.es\/de\/dienstleistungen\/fensterreinigung\/\",\"name\":\"Fensterreinigung - Green Clean Group\",\"isPartOf\":{\"@id\":\"https:\/\/greencleangroup.es\/de\/#website\"},\"datePublished\":\"2023-01-26T08:08:22+00:00\",\"dateModified\":\"2023-07-15T17:04:16+00:00\",\"breadcrumb\":{\"@id\":\"https:\/\/greencleangroup.es\/de\/dienstleistungen\/fensterreinigung\/#breadcrumb\"},\"inLanguage\":\"de\",\"potentialAction\":[{\"@type\":\"ReadAction\",\"target\":[\"https:\/\/greencleangroup.es\/de\/dienstleistungen\/fensterreinigung\/\"]}]},{\"@type\":\"BreadcrumbList\",\"@id\":\"https:\/\/greencleangroup.es\/de\/dienstleistungen\/fensterreinigung\/#breadcrumb\",\"itemListElement\":[{\"@type\":\"ListItem\",\"position\":1,\"name\":\"Home\",\"item\":\"https:\/\/greencleangroup.es\/de\/home\/\"},{\"@type\":\"ListItem\",\"position\":2,\"name\":\"Dienstleistungen\",\"item\":\"https:\/\/greencleangroup.es\/de\/dienstleistungen\/\"},{\"@type\":\"ListItem\",\"position\":3,\"name\":\"Fensterreinigung\"}]},{\"@type\":\"WebSite\",\"@id\":\"https:\/\/greencleangroup.es\/de\/#website\",\"url\":\"https:\/\/greencleangroup.es\/de\/\",\"name\":\"Green Clean Group\",\"description\":\"Allround exterior cleaning\",\"potentialAction\":[{\"@type\":\"SearchAction\",\"target\":{\"@type\":\"EntryPoint\",\"urlTemplate\":\"https:\/\/greencleangroup.es\/de\/?s={search_term_string}\"},\"query-input\":{\"@type\":\"PropertyValueSpecification\",\"valueRequired\":true,\"valueName\":\"search_term_string\"}}],\"inLanguage\":\"de\"}]}<\/script>\n<!-- \/ Yoast SEO plugin. -->","yoast_head_json":{"title":"Fensterreinigung - Green Clean Group","robots":{"index":"index","follow":"follow","max-snippet":"max-snippet:-1","max-image-preview":"max-image-preview:large","max-video-preview":"max-video-preview:-1"},"canonical":"https:\/\/greencleangroup.es\/de\/dienstleistungen\/fensterreinigung\/","og_locale":"de_DE","og_type":"article","og_title":"Fensterreinigung - Green Clean Group","og_url":"https:\/\/greencleangroup.es\/de\/dienstleistungen\/fensterreinigung\/","og_site_name":"Green Clean Group","article_modified_time":"2023-07-15T17:04:16+00:00","twitter_card":"summary_large_image","twitter_misc":{"Gesch\u00e4tzte Lesezeit":"3\u00a0Minuten"},"schema":{"@context":"https:\/\/schema.org","@graph":[{"@type":"WebPage","@id":"https:\/\/greencleangroup.es\/de\/dienstleistungen\/fensterreinigung\/","url":"https:\/\/greencleangroup.es\/de\/dienstleistungen\/fensterreinigung\/","name":"Fensterreinigung - Green Clean Group","isPartOf":{"@id":"https:\/\/greencleangroup.es\/de\/#website"},"datePublished":"2023-01-26T08:08:22+00:00","dateModified":"2023-07-15T17:04:16+00:00","breadcrumb":{"@id":"https:\/\/greencleangroup.es\/de\/dienstleistungen\/fensterreinigung\/#breadcrumb"},"inLanguage":"de","potentialAction":[{"@type":"ReadAction","target":["https:\/\/greencleangroup.es\/de\/dienstleistungen\/fensterreinigung\/"]}]},{"@type":"BreadcrumbList","@id":"https:\/\/greencleangroup.es\/de\/dienstleistungen\/fensterreinigung\/#breadcrumb","itemListElement":[{"@type":"ListItem","position":1,"name":"Home","item":"https:\/\/greencleangroup.es\/de\/home\/"},{"@type":"ListItem","position":2,"name":"Dienstleistungen","item":"https:\/\/greencleangroup.es\/de\/dienstleistungen\/"},{"@type":"ListItem","position":3,"name":"Fensterreinigung"}]},{"@type":"WebSite","@id":"https:\/\/greencleangroup.es\/de\/#website","url":"https:\/\/greencleangroup.es\/de\/","name":"Green Clean Group","description":"Allround exterior cleaning","potentialAction":[{"@type":"SearchAction","target":{"@type":"EntryPoint","urlTemplate":"https:\/\/greencleangroup.es\/de\/?s={search_term_string}"},"query-input":{"@type":"PropertyValueSpecification","valueRequired":true,"valueName":"search_term_string"}}],"inLanguage":"de"}]}},"_links":{"self":[{"href":"https:\/\/greencleangroup.es\/de\/wp-json\/wp\/v2\/pages\/1366","targetHints":{"allow":["GET"]}}],"collection":[{"href":"https:\/\/greencleangroup.es\/de\/wp-json\/wp\/v2\/pages"}],"about":[{"href":"https:\/\/greencleangroup.es\/de\/wp-json\/wp\/v2\/types\/page"}],"author":[{"embeddable":true,"href":"https:\/\/greencleangroup.es\/de\/wp-json\/wp\/v2\/users\/2"}],"replies":[{"embeddable":true,"href":"https:\/\/greencleangroup.es\/de\/wp-json\/wp\/v2\/comments?post=1366"}],"version-history":[{"count":3,"href":"https:\/\/greencleangroup.es\/de\/wp-json\/wp\/v2\/pages\/1366\/revisions"}],"predecessor-version":[{"id":1574,"href":"https:\/\/greencleangroup.es\/de\/wp-json\/wp\/v2\/pages\/1366\/revisions\/1574"}],"up":[{"embeddable":true,"href":"https:\/\/greencleangroup.es\/de\/wp-json\/wp\/v2\/pages\/1376"}],"wp:attachment":[{"href":"https:\/\/greencleangroup.es\/de\/wp-json\/wp\/v2\/media?parent=1366"}],"curies":[{"name":"wp","href":"https:\/\/api.w.org\/{rel}","templated":true}]}}