{"id":1386,"date":"2023-01-26T08:20:51","date_gmt":"2023-01-26T08:20:51","guid":{"rendered":"https:\/\/greencleangroup.es\/dienstleistungen\/fensterreinigung\/ontkalken\/"},"modified":"2023-07-14T20:21:09","modified_gmt":"2023-07-14T20:21:09","slug":"entkalkung","status":"publish","type":"page","link":"https:\/\/greencleangroup.es\/de\/dienstleistungen\/fensterreinigung\/entkalkung\/","title":{"rendered":"Entkalkung"},"content":{"rendered":"<div  class='flex_column av-106oh-d90b6116c2d40667ce6ef7fd9d2e1475 av_one_full  avia-builder-el-0  el_before_av_one_full  avia-builder-el-first  first flex_column_div  '     ><section  class='av_textblock_section av-ldcts9yd-1270e5901b9b3fa09a5ab118a6d09145 '   itemscope=\"itemscope\" itemtype=\"https:\/\/schema.org\/CreativeWork\" ><div class='avia_textblock'  itemprop=\"text\" ><div class=\"elementor-element elementor-element-2f460eca jltma-glass-effect-no elementor-widget elementor-widget-heading\" data-id=\"2f460eca\" data-element_type=\"widget\" data-widget_type=\"heading.default\">\n<div class=\"elementor-widget-container\">\n<h2 class=\"elementor-heading-title elementor-size-default\">KEINE KALKABLAGERUNGEN MEHR DANK UNSERER FACHM\u00c4NNISCHEN ENTKALKUNGSTECHNIKEN<\/h2>\n<\/div>\n<\/div>\n<div class=\"elementor-element elementor-element-619ee0b4 jltma-glass-effect-no elementor-widget elementor-widget-text-editor\" data-id=\"619ee0b4\" data-element_type=\"widget\" data-widget_type=\"text-editor.default\">\n<div class=\"elementor-widget-container\">\n<p>Green Clean Group verwendet die neuesten Poliertechniken und Produkte, um Ihre Fenster von Kratzern, Kalk und anderen Verschmutzungen zu befreien. Die Behandlung ist umweltfreundlich und beeintr\u00e4chtigt nicht die Festigkeit Ihrer Fenster. Nach dem Entkalken sehen Ihre Fenster sch\u00f6n und klar aus. Fr\u00fcher mussten Ihre Fenster nach einer Verkalkung oder Verkratzung ausgetauscht werden. Heutzutage ist das nicht mehr der Fall. Die heutige Entkalkungsmethode ist viel budgetfreundlicher als der Austausch der betroffenen Fenster. Sie kann bei allen Hausfenstern, Veranden, Schaufenstern, T\u00fcren und mehr angewendet werden.<\/p>\n<h3>Ursachen f\u00fcr Kalkablagerung oder Kratzen<\/h3>\n<p>Kalkablagerungen oder Kratzer k\u00f6nnen aus verschiedenen Gr\u00fcnden auftreten.<\/p>\n<p>Beispiele hierf\u00fcr sind:<\/p>\n<ul>\n<li>Unf\u00e4lle bei Neu- oder Umbauten<\/li>\n<li>Hinterlassen von Zementschlamm oder Schleifspuren<\/li>\n<li>Verwendung von S\u00e4uren oder falschen Reinigungsmitteln, wie z. B. gr\u00fcnen Schw\u00e4mmen<\/li>\n<li>Kalk, saurer Regen, Salzablagerungen, Emissionsgase<\/li>\n<\/ul>\n<p>Zum Gl\u00fcck ist das Team der Green Clean Group bereit, sich um den Kalk zu k\u00fcmmern und Ihre Fenster wieder blitzblank zu machen.<\/p>\n<h3>Nehmen Sie Kontakt mit uns auf<\/h3>\n<p>F\u00fcr weitere Informationen nehmen Sie bitte Kontakt mit uns auf, um Ihre Anforderungen mitzuteilen. Wir erkl\u00e4ren Ihnen gerne, wie wir arbeiten. Sie k\u00f6nnen uns sowohl f\u00fcr gro\u00dfe als auch f\u00fcr kleine Auftr\u00e4ge und sowohl f\u00fcr Privat- als auch f\u00fcr Firmenkunden kontaktieren.<\/p>\n<\/div>\n<\/div>\n<\/div><\/section><\/div><div  class='flex_column av-13fyp-2c7f67d1226e9bf85e32dd571cd3283d av_one_full  avia-builder-el-2  el_after_av_one_full  avia-builder-el-last  first flex_column_div  column-top-margin'     ><style type=\"text\/css\" data-created_by=\"avia_inline_auto\" id=\"style-css-av-ldg2akgn-c7c9508e6501423cbafb91142bbe7f59\">\n.avia-image-container.av-ldg2akgn-c7c9508e6501423cbafb91142bbe7f59 img.avia_image{\nbox-shadow:none;\n}\n.avia-image-container.av-ldg2akgn-c7c9508e6501423cbafb91142bbe7f59 .av-image-caption-overlay-center{\ncolor:#ffffff;\n}\n<\/style>\n<div  class='avia-image-container av-ldg2akgn-c7c9508e6501423cbafb91142bbe7f59 av-styling- avia_animated_image av-animated-when-visible-95 pop-up avia-align-center  avia-builder-el-3  avia-builder-el-no-sibling '   itemprop=\"image\" itemscope=\"itemscope\" itemtype=\"https:\/\/schema.org\/ImageObject\" ><div class=\"avia-image-container-inner\"><div class=\"avia-image-overlay-wrap\"><img decoding=\"async\" fetchpriority=\"high\" class='wp-image-845 avia-img-lazy-loading-not-845 avia_image ' src=\"https:\/\/greencleangroup.es\/wp-content\/uploads\/2023\/01\/Strak-ontkalking-voor-en-na.jpeg\" alt='' title='Strak ontkalking voor en na'  height=\"330\" width=\"391\"  itemprop=\"thumbnailUrl\" srcset=\"https:\/\/greencleangroup.es\/wp-content\/uploads\/2023\/01\/Strak-ontkalking-voor-en-na.jpeg 391w, https:\/\/greencleangroup.es\/wp-content\/uploads\/2023\/01\/Strak-ontkalking-voor-en-na-300x253.jpeg 300w\" sizes=\"(max-width: 391px) 100vw, 391px\" \/><\/div><\/div><\/div><\/div><\/p>\n","protected":false},"excerpt":{"rendered":"","protected":false},"author":2,"featured_media":0,"parent":1366,"menu_order":0,"comment_status":"closed","ping_status":"closed","template":"","meta":{"_joinchat":[],"footnotes":""},"class_list":["post-1386","page","type-page","status-publish","hentry"],"yoast_head":"<!-- This site is optimized with the Yoast SEO plugin v27.2 - https:\/\/yoast.com\/product\/yoast-seo-wordpress\/ -->\n<title>Entkalkung - Green Clean Group<\/title>\n<meta name=\"robots\" content=\"index, follow, max-snippet:-1, max-image-preview:large, max-video-preview:-1\" \/>\n<link rel=\"canonical\" href=\"https:\/\/greencleangroup.es\/de\/dienstleistungen\/fensterreinigung\/entkalkung\/\" \/>\n<meta property=\"og:locale\" content=\"de_DE\" \/>\n<meta property=\"og:type\" content=\"article\" \/>\n<meta property=\"og:title\" content=\"Entkalkung - Green Clean Group\" \/>\n<meta property=\"og:url\" content=\"https:\/\/greencleangroup.es\/de\/dienstleistungen\/fensterreinigung\/entkalkung\/\" \/>\n<meta property=\"og:site_name\" content=\"Green Clean Group\" \/>\n<meta property=\"article:modified_time\" content=\"2023-07-14T20:21:09+00:00\" \/>\n<meta name=\"twitter:card\" content=\"summary_large_image\" \/>\n<meta name=\"twitter:label1\" content=\"Gesch\u00e4tzte Lesezeit\" \/>\n\t<meta name=\"twitter:data1\" content=\"3\u00a0Minuten\" \/>\n<script type=\"application\/ld+json\" class=\"yoast-schema-graph\">{\"@context\":\"https:\/\/schema.org\",\"@graph\":[{\"@type\":\"WebPage\",\"@id\":\"https:\/\/greencleangroup.es\/de\/dienstleistungen\/fensterreinigung\/entkalkung\/\",\"url\":\"https:\/\/greencleangroup.es\/de\/dienstleistungen\/fensterreinigung\/entkalkung\/\",\"name\":\"Entkalkung - Green Clean Group\",\"isPartOf\":{\"@id\":\"https:\/\/greencleangroup.es\/de\/#website\"},\"datePublished\":\"2023-01-26T08:20:51+00:00\",\"dateModified\":\"2023-07-14T20:21:09+00:00\",\"breadcrumb\":{\"@id\":\"https:\/\/greencleangroup.es\/de\/dienstleistungen\/fensterreinigung\/entkalkung\/#breadcrumb\"},\"inLanguage\":\"de\",\"potentialAction\":[{\"@type\":\"ReadAction\",\"target\":[\"https:\/\/greencleangroup.es\/de\/dienstleistungen\/fensterreinigung\/entkalkung\/\"]}]},{\"@type\":\"BreadcrumbList\",\"@id\":\"https:\/\/greencleangroup.es\/de\/dienstleistungen\/fensterreinigung\/entkalkung\/#breadcrumb\",\"itemListElement\":[{\"@type\":\"ListItem\",\"position\":1,\"name\":\"Home\",\"item\":\"https:\/\/greencleangroup.es\/de\/home\/\"},{\"@type\":\"ListItem\",\"position\":2,\"name\":\"Dienstleistungen\",\"item\":\"https:\/\/greencleangroup.es\/de\/dienstleistungen\/\"},{\"@type\":\"ListItem\",\"position\":3,\"name\":\"Fensterreinigung\",\"item\":\"https:\/\/greencleangroup.es\/de\/dienstleistungen\/fensterreinigung\/\"},{\"@type\":\"ListItem\",\"position\":4,\"name\":\"Entkalkung\"}]},{\"@type\":\"WebSite\",\"@id\":\"https:\/\/greencleangroup.es\/de\/#website\",\"url\":\"https:\/\/greencleangroup.es\/de\/\",\"name\":\"Green Clean Group\",\"description\":\"Allround exterior cleaning\",\"potentialAction\":[{\"@type\":\"SearchAction\",\"target\":{\"@type\":\"EntryPoint\",\"urlTemplate\":\"https:\/\/greencleangroup.es\/de\/?s={search_term_string}\"},\"query-input\":{\"@type\":\"PropertyValueSpecification\",\"valueRequired\":true,\"valueName\":\"search_term_string\"}}],\"inLanguage\":\"de\"}]}<\/script>\n<!-- \/ Yoast SEO plugin. -->","yoast_head_json":{"title":"Entkalkung - Green Clean Group","robots":{"index":"index","follow":"follow","max-snippet":"max-snippet:-1","max-image-preview":"max-image-preview:large","max-video-preview":"max-video-preview:-1"},"canonical":"https:\/\/greencleangroup.es\/de\/dienstleistungen\/fensterreinigung\/entkalkung\/","og_locale":"de_DE","og_type":"article","og_title":"Entkalkung - Green Clean Group","og_url":"https:\/\/greencleangroup.es\/de\/dienstleistungen\/fensterreinigung\/entkalkung\/","og_site_name":"Green Clean Group","article_modified_time":"2023-07-14T20:21:09+00:00","twitter_card":"summary_large_image","twitter_misc":{"Gesch\u00e4tzte Lesezeit":"3\u00a0Minuten"},"schema":{"@context":"https:\/\/schema.org","@graph":[{"@type":"WebPage","@id":"https:\/\/greencleangroup.es\/de\/dienstleistungen\/fensterreinigung\/entkalkung\/","url":"https:\/\/greencleangroup.es\/de\/dienstleistungen\/fensterreinigung\/entkalkung\/","name":"Entkalkung - Green Clean Group","isPartOf":{"@id":"https:\/\/greencleangroup.es\/de\/#website"},"datePublished":"2023-01-26T08:20:51+00:00","dateModified":"2023-07-14T20:21:09+00:00","breadcrumb":{"@id":"https:\/\/greencleangroup.es\/de\/dienstleistungen\/fensterreinigung\/entkalkung\/#breadcrumb"},"inLanguage":"de","potentialAction":[{"@type":"ReadAction","target":["https:\/\/greencleangroup.es\/de\/dienstleistungen\/fensterreinigung\/entkalkung\/"]}]},{"@type":"BreadcrumbList","@id":"https:\/\/greencleangroup.es\/de\/dienstleistungen\/fensterreinigung\/entkalkung\/#breadcrumb","itemListElement":[{"@type":"ListItem","position":1,"name":"Home","item":"https:\/\/greencleangroup.es\/de\/home\/"},{"@type":"ListItem","position":2,"name":"Dienstleistungen","item":"https:\/\/greencleangroup.es\/de\/dienstleistungen\/"},{"@type":"ListItem","position":3,"name":"Fensterreinigung","item":"https:\/\/greencleangroup.es\/de\/dienstleistungen\/fensterreinigung\/"},{"@type":"ListItem","position":4,"name":"Entkalkung"}]},{"@type":"WebSite","@id":"https:\/\/greencleangroup.es\/de\/#website","url":"https:\/\/greencleangroup.es\/de\/","name":"Green Clean Group","description":"Allround exterior cleaning","potentialAction":[{"@type":"SearchAction","target":{"@type":"EntryPoint","urlTemplate":"https:\/\/greencleangroup.es\/de\/?s={search_term_string}"},"query-input":{"@type":"PropertyValueSpecification","valueRequired":true,"valueName":"search_term_string"}}],"inLanguage":"de"}]}},"_links":{"self":[{"href":"https:\/\/greencleangroup.es\/de\/wp-json\/wp\/v2\/pages\/1386","targetHints":{"allow":["GET"]}}],"collection":[{"href":"https:\/\/greencleangroup.es\/de\/wp-json\/wp\/v2\/pages"}],"about":[{"href":"https:\/\/greencleangroup.es\/de\/wp-json\/wp\/v2\/types\/page"}],"author":[{"embeddable":true,"href":"https:\/\/greencleangroup.es\/de\/wp-json\/wp\/v2\/users\/2"}],"replies":[{"embeddable":true,"href":"https:\/\/greencleangroup.es\/de\/wp-json\/wp\/v2\/comments?post=1386"}],"version-history":[{"count":2,"href":"https:\/\/greencleangroup.es\/de\/wp-json\/wp\/v2\/pages\/1386\/revisions"}],"predecessor-version":[{"id":1575,"href":"https:\/\/greencleangroup.es\/de\/wp-json\/wp\/v2\/pages\/1386\/revisions\/1575"}],"up":[{"embeddable":true,"href":"https:\/\/greencleangroup.es\/de\/wp-json\/wp\/v2\/pages\/1366"}],"wp:attachment":[{"href":"https:\/\/greencleangroup.es\/de\/wp-json\/wp\/v2\/media?parent=1386"}],"curies":[{"name":"wp","href":"https:\/\/api.w.org\/{rel}","templated":true}]}}