{"id":1396,"date":"2023-01-26T08:21:27","date_gmt":"2023-01-26T08:21:27","guid":{"rendered":"https:\/\/greencleangroup.es\/dienstleistungen\/fensterreinigung\/telescoopbewassing\/"},"modified":"2023-07-14T20:23:50","modified_gmt":"2023-07-14T20:23:50","slug":"teleskopreinigung","status":"publish","type":"page","link":"https:\/\/greencleangroup.es\/de\/dienstleistungen\/fensterreinigung\/teleskopreinigung\/","title":{"rendered":"Teleskopreinigung"},"content":{"rendered":"<div  class='flex_column av-3rmn-ff6b203fde6091b27a5e5c967035aae5 av_one_full  avia-builder-el-0  el_before_av_one_full  avia-builder-el-first  first flex_column_div  '     ><section  class='av_textblock_section av-ldctt0ki-aa49384c2f9635da3fc8fb42a2a9bb24 '   itemscope=\"itemscope\" itemtype=\"https:\/\/schema.org\/CreativeWork\" ><div class='avia_textblock'  itemprop=\"text\" ><div class=\"elementor-element elementor-element-608a4b54 jltma-glass-effect-no elementor-widget elementor-widget-heading\" data-id=\"608a4b54\" data-element_type=\"widget\" data-widget_type=\"heading.default\">\n<div class=\"elementor-widget-container\">\n<h2 class=\"elementor-heading-title elementor-size-default\">DIE NEUE FENSTERREINIGUNG: TELESKOPWASCHEN<\/h2>\n<\/div>\n<\/div>\n<div class=\"elementor-element elementor-element-2e003e9a jltma-glass-effect-no elementor-widget elementor-widget-text-editor\" data-id=\"2e003e9a\" data-element_type=\"widget\" data-widget_type=\"text-editor.default\">\n<div class=\"elementor-widget-container\">\n<p>Sie sind daran gew\u00f6hnt, dass wir,\u00a0 Als Fensterputzer,\u00a0 die Fenster mit einer Leiter, einem Seifenspender und einem Abzieher reinigen. Dies wird nicht mehr immer der Fall sein. Aufgrund der zunehmenden Beschr\u00e4nkungen f\u00fcr die Benutzung von Leitern und der Zweifel am Verlauf der Leiter wurde nach einer Alternative f\u00fcr die Fensterreinigung gesucht. Das Erdgeschoss wird oft von Hand geputzt, aber die hohen Fenster werden aufgrund von Gesetzen und Vorschriften oft mit dem so genannten Teleskopsystem geputzt. Die hinteren Fenster werden aufgrund ihrer Zug\u00e4nglichkeit nach wie vor mit Leitern geputzt.<\/p>\n<h3>Was ist Teleskopwaschen<\/h3>\n<p>In der Tat gibt es eine sichere Methode zum Fensterputzen. Ein System, das in Amerika schon seit langem verwendet wird. Green Clean Group hat sich auf dieses innovative System, das Teleskop-Fensterwaschsystem, spezialisiert. Sowohl die Arbeitsweise als auch das Endergebnis dieses Systems sind erstaunlich.<\/p>\n<h3>Was genau beinhaltet die Teleskopw\u00e4sche?<\/h3>\n<p>Mit einer B\u00fcrste an einer Teleskopstange b\u00fcrsten und sp\u00fclen wir die Fenster einschlie\u00dflich der Rahmen. Das verwendete Wasser ist demineralisiert. Dieses reine Wasser hat eine reinigende Wirkung, so dass kein Reinigungsmittel verwendet werden muss. Es ist wichtig, mit dem reinen Wasser gut abzusp\u00fclen. Durch das gute Absp\u00fclen wird der gesamte Schmutz auf den Fenstern und Rahmen entfernt. So bleibt nach dem Sp\u00fclen nur sauberes, reines Wasser \u00fcbrig. Das reine demineralisierte Wasser muss also nicht mehr mit einem Abzieher vom Fenster entfernt werden. Dank seiner Reinheit trocknet es streifenfrei ab.<\/p>\n<h3>Vorteile der teleskopischen Glasreinigung:<\/h3>\n<ul>\n<li>Umweltfreundlich (keine Reinigungsmittel)<\/li>\n<li>Reinigt Stellen, die man mit der Hand nicht erreichen kann (Schwamm)<\/li>\n<li>Geeignet f\u00fcr die Reinigung von Glas, Fensterrahmen, Fassadenverkleidungen usw.<\/li>\n<li>Sicherheit (wir sind alle V.C.A. zertifiziert)<\/li>\n<li>Im Vorgriff auf ein k\u00fcnftiges Leiterverbot<\/li>\n<\/ul>\n<h3><\/h3>\n<h3>Restschmutz nach der ersten W\u00e4sche<\/h3>\n<p>Es ist jedoch zu beachten, dass zu Beginn dieser neuen Methode die erste W\u00e4sche etwas schlechter sein kann. Das liegt daran, dass auch Ihre Rahmen und Gitter gesp\u00fclt werden. Dadurch k\u00f6nnen m\u00f6glicherweise Schmutzreste auf Ihren Fenstern zur\u00fcckbleiben. Wir werden unser M\u00f6glichstes tun, um dies bei der ersten W\u00e4sche zu vermeiden. Wir bitten Sie daher um Ihr Verst\u00e4ndnis.<\/p>\n<\/div>\n<\/div>\n<\/div><\/section><\/div><div  class='flex_column av-3ffr-ada88ac32ee2f6e3d90b195c90cccc79 av_one_full  avia-builder-el-2  el_after_av_one_full  avia-builder-el-last  first flex_column_div  column-top-margin'     ><style type=\"text\/css\" data-created_by=\"avia_inline_auto\" id=\"style-css-av-ldg2d04h-19d2e05579e46390deefafb90b5f4b80\">\n.avia-image-container.av-ldg2d04h-19d2e05579e46390deefafb90b5f4b80 img.avia_image{\nbox-shadow:none;\n}\n.avia-image-container.av-ldg2d04h-19d2e05579e46390deefafb90b5f4b80 .av-image-caption-overlay-center{\ncolor:#ffffff;\n}\n<\/style>\n<div  class='avia-image-container av-ldg2d04h-19d2e05579e46390deefafb90b5f4b80 av-styling- avia_animated_image av-animated-when-visible-95 pop-up avia-align-center  avia-builder-el-3  avia-builder-el-no-sibling '   itemprop=\"image\" itemscope=\"itemscope\" itemtype=\"https:\/\/schema.org\/ImageObject\" ><div class=\"avia-image-container-inner\"><div class=\"avia-image-overlay-wrap\"><img decoding=\"async\" fetchpriority=\"high\" class='wp-image-979 avia-img-lazy-loading-not-979 avia_image ' src=\"https:\/\/greencleangroup.es\/wp-content\/uploads\/2023\/06\/Green-Clean-Group-Telescope-window-cleaning.jpg\" alt='Green Clean Group - Telescope window cleaning' title='Green Clean Group - Telescope window cleaning'  height=\"1600\" width=\"2400\"  itemprop=\"thumbnailUrl\" srcset=\"https:\/\/greencleangroup.es\/wp-content\/uploads\/2023\/06\/Green-Clean-Group-Telescope-window-cleaning.jpg 2400w, https:\/\/greencleangroup.es\/wp-content\/uploads\/2023\/06\/Green-Clean-Group-Telescope-window-cleaning-300x200.jpg 300w, https:\/\/greencleangroup.es\/wp-content\/uploads\/2023\/06\/Green-Clean-Group-Telescope-window-cleaning-1030x687.jpg 1030w, https:\/\/greencleangroup.es\/wp-content\/uploads\/2023\/06\/Green-Clean-Group-Telescope-window-cleaning-768x512.jpg 768w, https:\/\/greencleangroup.es\/wp-content\/uploads\/2023\/06\/Green-Clean-Group-Telescope-window-cleaning-1536x1024.jpg 1536w, https:\/\/greencleangroup.es\/wp-content\/uploads\/2023\/06\/Green-Clean-Group-Telescope-window-cleaning-2048x1365.jpg 2048w, https:\/\/greencleangroup.es\/wp-content\/uploads\/2023\/06\/Green-Clean-Group-Telescope-window-cleaning-1500x1000.jpg 1500w, https:\/\/greencleangroup.es\/wp-content\/uploads\/2023\/06\/Green-Clean-Group-Telescope-window-cleaning-705x470.jpg 705w\" sizes=\"(max-width: 2400px) 100vw, 2400px\" \/><\/div><\/div><\/div><\/div><\/p>\n","protected":false},"excerpt":{"rendered":"","protected":false},"author":2,"featured_media":0,"parent":1366,"menu_order":0,"comment_status":"closed","ping_status":"closed","template":"","meta":{"_joinchat":[],"footnotes":""},"class_list":["post-1396","page","type-page","status-publish","hentry"],"yoast_head":"<!-- This site is optimized with the Yoast SEO plugin v27.2 - https:\/\/yoast.com\/product\/yoast-seo-wordpress\/ -->\n<title>Teleskopreinigung - Green Clean Group<\/title>\n<meta name=\"robots\" content=\"index, follow, max-snippet:-1, max-image-preview:large, max-video-preview:-1\" \/>\n<link rel=\"canonical\" href=\"https:\/\/greencleangroup.es\/de\/dienstleistungen\/fensterreinigung\/teleskopreinigung\/\" \/>\n<meta property=\"og:locale\" content=\"de_DE\" \/>\n<meta property=\"og:type\" content=\"article\" \/>\n<meta property=\"og:title\" content=\"Teleskopreinigung - Green Clean Group\" \/>\n<meta property=\"og:url\" content=\"https:\/\/greencleangroup.es\/de\/dienstleistungen\/fensterreinigung\/teleskopreinigung\/\" \/>\n<meta property=\"og:site_name\" content=\"Green Clean Group\" \/>\n<meta property=\"article:modified_time\" content=\"2023-07-14T20:23:50+00:00\" \/>\n<meta name=\"twitter:card\" content=\"summary_large_image\" \/>\n<meta name=\"twitter:label1\" content=\"Gesch\u00e4tzte Lesezeit\" \/>\n\t<meta name=\"twitter:data1\" content=\"4\u00a0Minuten\" \/>\n<script type=\"application\/ld+json\" class=\"yoast-schema-graph\">{\"@context\":\"https:\/\/schema.org\",\"@graph\":[{\"@type\":\"WebPage\",\"@id\":\"https:\/\/greencleangroup.es\/de\/dienstleistungen\/fensterreinigung\/teleskopreinigung\/\",\"url\":\"https:\/\/greencleangroup.es\/de\/dienstleistungen\/fensterreinigung\/teleskopreinigung\/\",\"name\":\"Teleskopreinigung - Green Clean Group\",\"isPartOf\":{\"@id\":\"https:\/\/greencleangroup.es\/de\/#website\"},\"datePublished\":\"2023-01-26T08:21:27+00:00\",\"dateModified\":\"2023-07-14T20:23:50+00:00\",\"breadcrumb\":{\"@id\":\"https:\/\/greencleangroup.es\/de\/dienstleistungen\/fensterreinigung\/teleskopreinigung\/#breadcrumb\"},\"inLanguage\":\"de\",\"potentialAction\":[{\"@type\":\"ReadAction\",\"target\":[\"https:\/\/greencleangroup.es\/de\/dienstleistungen\/fensterreinigung\/teleskopreinigung\/\"]}]},{\"@type\":\"BreadcrumbList\",\"@id\":\"https:\/\/greencleangroup.es\/de\/dienstleistungen\/fensterreinigung\/teleskopreinigung\/#breadcrumb\",\"itemListElement\":[{\"@type\":\"ListItem\",\"position\":1,\"name\":\"Home\",\"item\":\"https:\/\/greencleangroup.es\/de\/home\/\"},{\"@type\":\"ListItem\",\"position\":2,\"name\":\"Dienstleistungen\",\"item\":\"https:\/\/greencleangroup.es\/de\/dienstleistungen\/\"},{\"@type\":\"ListItem\",\"position\":3,\"name\":\"Fensterreinigung\",\"item\":\"https:\/\/greencleangroup.es\/de\/dienstleistungen\/fensterreinigung\/\"},{\"@type\":\"ListItem\",\"position\":4,\"name\":\"Teleskopreinigung\"}]},{\"@type\":\"WebSite\",\"@id\":\"https:\/\/greencleangroup.es\/de\/#website\",\"url\":\"https:\/\/greencleangroup.es\/de\/\",\"name\":\"Green Clean Group\",\"description\":\"Allround exterior cleaning\",\"potentialAction\":[{\"@type\":\"SearchAction\",\"target\":{\"@type\":\"EntryPoint\",\"urlTemplate\":\"https:\/\/greencleangroup.es\/de\/?s={search_term_string}\"},\"query-input\":{\"@type\":\"PropertyValueSpecification\",\"valueRequired\":true,\"valueName\":\"search_term_string\"}}],\"inLanguage\":\"de\"}]}<\/script>\n<!-- \/ Yoast SEO plugin. -->","yoast_head_json":{"title":"Teleskopreinigung - Green Clean Group","robots":{"index":"index","follow":"follow","max-snippet":"max-snippet:-1","max-image-preview":"max-image-preview:large","max-video-preview":"max-video-preview:-1"},"canonical":"https:\/\/greencleangroup.es\/de\/dienstleistungen\/fensterreinigung\/teleskopreinigung\/","og_locale":"de_DE","og_type":"article","og_title":"Teleskopreinigung - Green Clean Group","og_url":"https:\/\/greencleangroup.es\/de\/dienstleistungen\/fensterreinigung\/teleskopreinigung\/","og_site_name":"Green Clean Group","article_modified_time":"2023-07-14T20:23:50+00:00","twitter_card":"summary_large_image","twitter_misc":{"Gesch\u00e4tzte Lesezeit":"4\u00a0Minuten"},"schema":{"@context":"https:\/\/schema.org","@graph":[{"@type":"WebPage","@id":"https:\/\/greencleangroup.es\/de\/dienstleistungen\/fensterreinigung\/teleskopreinigung\/","url":"https:\/\/greencleangroup.es\/de\/dienstleistungen\/fensterreinigung\/teleskopreinigung\/","name":"Teleskopreinigung - Green Clean Group","isPartOf":{"@id":"https:\/\/greencleangroup.es\/de\/#website"},"datePublished":"2023-01-26T08:21:27+00:00","dateModified":"2023-07-14T20:23:50+00:00","breadcrumb":{"@id":"https:\/\/greencleangroup.es\/de\/dienstleistungen\/fensterreinigung\/teleskopreinigung\/#breadcrumb"},"inLanguage":"de","potentialAction":[{"@type":"ReadAction","target":["https:\/\/greencleangroup.es\/de\/dienstleistungen\/fensterreinigung\/teleskopreinigung\/"]}]},{"@type":"BreadcrumbList","@id":"https:\/\/greencleangroup.es\/de\/dienstleistungen\/fensterreinigung\/teleskopreinigung\/#breadcrumb","itemListElement":[{"@type":"ListItem","position":1,"name":"Home","item":"https:\/\/greencleangroup.es\/de\/home\/"},{"@type":"ListItem","position":2,"name":"Dienstleistungen","item":"https:\/\/greencleangroup.es\/de\/dienstleistungen\/"},{"@type":"ListItem","position":3,"name":"Fensterreinigung","item":"https:\/\/greencleangroup.es\/de\/dienstleistungen\/fensterreinigung\/"},{"@type":"ListItem","position":4,"name":"Teleskopreinigung"}]},{"@type":"WebSite","@id":"https:\/\/greencleangroup.es\/de\/#website","url":"https:\/\/greencleangroup.es\/de\/","name":"Green Clean Group","description":"Allround exterior cleaning","potentialAction":[{"@type":"SearchAction","target":{"@type":"EntryPoint","urlTemplate":"https:\/\/greencleangroup.es\/de\/?s={search_term_string}"},"query-input":{"@type":"PropertyValueSpecification","valueRequired":true,"valueName":"search_term_string"}}],"inLanguage":"de"}]}},"_links":{"self":[{"href":"https:\/\/greencleangroup.es\/de\/wp-json\/wp\/v2\/pages\/1396","targetHints":{"allow":["GET"]}}],"collection":[{"href":"https:\/\/greencleangroup.es\/de\/wp-json\/wp\/v2\/pages"}],"about":[{"href":"https:\/\/greencleangroup.es\/de\/wp-json\/wp\/v2\/types\/page"}],"author":[{"embeddable":true,"href":"https:\/\/greencleangroup.es\/de\/wp-json\/wp\/v2\/users\/2"}],"replies":[{"embeddable":true,"href":"https:\/\/greencleangroup.es\/de\/wp-json\/wp\/v2\/comments?post=1396"}],"version-history":[{"count":2,"href":"https:\/\/greencleangroup.es\/de\/wp-json\/wp\/v2\/pages\/1396\/revisions"}],"predecessor-version":[{"id":1577,"href":"https:\/\/greencleangroup.es\/de\/wp-json\/wp\/v2\/pages\/1396\/revisions\/1577"}],"up":[{"embeddable":true,"href":"https:\/\/greencleangroup.es\/de\/wp-json\/wp\/v2\/pages\/1366"}],"wp:attachment":[{"href":"https:\/\/greencleangroup.es\/de\/wp-json\/wp\/v2\/media?parent=1396"}],"curies":[{"name":"wp","href":"https:\/\/api.w.org\/{rel}","templated":true}]}}