{"id":1406,"date":"2023-01-26T08:12:11","date_gmt":"2023-01-26T08:12:11","guid":{"rendered":"https:\/\/greencleangroup.es\/dienstleistungen\/rolluiken-reinigen\/"},"modified":"2023-07-15T17:05:14","modified_gmt":"2023-07-15T17:05:14","slug":"reinigung-von-rolllaeden","status":"publish","type":"page","link":"https:\/\/greencleangroup.es\/de\/dienstleistungen\/reinigung-von-rolllaeden\/","title":{"rendered":"Reinigung von Rolll\u00e4den"},"content":{"rendered":"<div  class='flex_column av-157oh-cfeb22a902b754d9f34257f86c8afa12 av_one_full  avia-builder-el-0  el_before_av_one_half  avia-builder-el-first  first flex_column_div  '     ><section  class='av_textblock_section av-ldcthdkb-dacbb0e01871f2b8d6a16b5004596061 '   itemscope=\"itemscope\" itemtype=\"https:\/\/schema.org\/CreativeWork\" ><div class='avia_textblock'  itemprop=\"text\" ><div class=\"elementor-element elementor-element-3fae1a62 jltma-glass-effect-no elementor-widget elementor-widget-heading\" data-id=\"3fae1a62\" data-element_type=\"widget\" data-widget_type=\"heading.default\">\n<div class=\"elementor-widget-container\">\n<h2 class=\"elementor-heading-title elementor-size-default\">IHRE ROLLL\u00c4DEN SAUBER UND WIEDER WIE NEU MIT GREEN CLEAN GROUP<\/h2>\n<\/div>\n<\/div>\n<div class=\"elementor-element elementor-element-71be0f1d jltma-glass-effect-no elementor-widget elementor-widget-text-editor\" data-id=\"71be0f1d\" data-element_type=\"widget\" data-widget_type=\"text-editor.default\">\n<div class=\"elementor-widget-container\">\n<p>Die Innen- und Au\u00dfen Reinigung von rolll\u00e4den ist eine schwierige Aufgabe. Aber f\u00fcr die Fensterputzer der Green Clean Group ist das kein Problem. Im Handumdrehen entfernen wir hartn\u00e4ckigen Schmutz und Verschmutzungen an Stellen, die Sie selbst nur schwer erreichen k\u00f6nnen. Dank unserer gro\u00dfen Erfahrung in der Reinigung von Rolll\u00e4den sorgen wir daf\u00fcr, dass Ihre Rolll\u00e4den wieder wie neu aussehen. Und nat\u00fcrlich beziehen wir auch die F\u00fchrungen und die Haube in die Reinigung mit ein.<\/p>\n<h3>Komplette Reinigung von Rolll\u00e4den<\/h3>\n<p>Green Clean Group spart Ihnen also nicht nur Zeit, sondern sicherlich auch M\u00fche! Windverwehter Staub und Schmutz geh\u00f6ren nach einer gr\u00fcndlichen Reinigung der Vergangenheit an. Wir k\u00f6nnen Ihre Rolll\u00e4den sowohl von au\u00dfen als auch von innen reinigen, um ein optimal sauberes Ergebnis zu erzielen.<\/p>\n<h3>Preise f\u00fcr die Reinigung von Rolll\u00e4den<\/h3>\n<p>Haben Sie Interesse, Ihre Rolll\u00e4den reinigen zu lassen? F\u00fcr einen Kostenvoranschlag fordern Sie am besten ein <a href=\"https:\/\/greencleangroup.es\/de\/angebot\/\">unverbindliches Angebot<\/a> an oder kontaktieren Sie uns \u00fcber unser <a href=\"https:\/\/greencleangroup.es\/de\/kontakt\/\">Kontaktformular<\/a>. Wir werden Ihnen schnell ein entsprechendes Angebot unterbreiten<\/p>\n<\/div>\n<\/div>\n<\/div><\/section><\/div><div  class='flex_column av-1x2rl-510974da9337320becf24a70ce2c1b24 av_one_half  avia-builder-el-2  el_after_av_one_full  el_before_av_one_half  first flex_column_div  column-top-margin'     ><style type=\"text\/css\" data-created_by=\"avia_inline_auto\" id=\"style-css-av-lj5f4xay-cc005218bee82a58da1d5f61d6bfa352\">\n.avia-image-diff-container.av-lj5f4xay-cc005218bee82a58da1d5f61d6bfa352 .av-image-diff-handle{\nbox-shadow:0 0 12px rgba(51, 51, 51, 0.5);\n}\n.avia-image-diff-container.av-lj5f4xay-cc005218bee82a58da1d5f61d6bfa352 .av-image-diff-handle:before{\nbox-shadow:0 3px 0 #fff, 0px 0px 12px rgba(51, 51, 51, 0.5);\n}\n.avia-image-diff-container.av-lj5f4xay-cc005218bee82a58da1d5f61d6bfa352 .av-image-diff-handle:after{\nbox-shadow:0 3px 0 #fff, 0px 0px 12px rgba(51, 51, 51, 0.5);\n}\n<\/style>\n<div  class='avia-image-diff-container av-lj5f4xay-cc005218bee82a58da1d5f61d6bfa352 av-handle-vertical av-handle-circle av-handle-border btn-style-rounded av-line-default avia-align-center  avia-builder-el-3  avia-builder-el-no-sibling ' data-image_diff=\"{&quot;drag_start&quot;:&quot;&quot;}\"  itemprop=\"image\" itemscope=\"itemscope\" itemtype=\"https:\/\/schema.org\/ImageObject\" ><div class=\"av-image-diff-wrapper\"><img decoding=\"async\" fetchpriority=\"high\" class='wp-image-1094 avia-img-lazy-loading-not-1094 avia_image av-img-before ' src=\"https:\/\/greencleangroup.es\/wp-content\/uploads\/2023\/06\/Green-Clean-Group-Softwash-shutters-before-710x375.jpeg\" alt='' title='Green Clean Group - Softwash - shutters - before'  height=\"375\" width=\"710\"  itemprop=\"thumbnailUrl\"  \/><img decoding=\"async\" fetchpriority=\"high\" class='wp-image-1086 avia-img-lazy-loading-not-1086 avia_image av-img-after' src=\"https:\/\/greencleangroup.es\/wp-content\/uploads\/2023\/06\/Green-Clean-Group-Softwash-shutters-after-570x375.jpeg\" alt='' title='Green Clean Group - Softwash - shutters - after'  height=\"375\" width=\"710\"  itemprop=\"thumbnailUrl\"  \/><div class=\"av-image-diff-overlay\"><span class=\"av-img-diff-label label-before\">Vor<\/span><span class=\"av-img-diff-label label-after\">Nach<\/span><\/div><div class=\"av-image-diff-handle\"><span class=\"av-handle-arrow av-handle-left-arrow\"><\/span><span class=\"av-handle-arrow av-handle-right-arrow\"><\/span><\/div><\/div><\/div><\/div><\/p>\n<div  class='flex_column av-5mi9-7f8e27eb9f3c59414a5b83697f4a327d av_one_half  avia-builder-el-4  el_after_av_one_half  avia-builder-el-last  flex_column_div  column-top-margin'     ><style type=\"text\/css\" data-created_by=\"avia_inline_auto\" id=\"style-css-av-lj5f5898-31789d5dee1a2a51a562e5ff05a32d79\">\n.avia-image-diff-container.av-lj5f5898-31789d5dee1a2a51a562e5ff05a32d79 .av-image-diff-handle{\nbox-shadow:0 0 12px rgba(51, 51, 51, 0.5);\n}\n.avia-image-diff-container.av-lj5f5898-31789d5dee1a2a51a562e5ff05a32d79 .av-image-diff-handle:before{\nbox-shadow:0 3px 0 #fff, 0px 0px 12px rgba(51, 51, 51, 0.5);\n}\n.avia-image-diff-container.av-lj5f5898-31789d5dee1a2a51a562e5ff05a32d79 .av-image-diff-handle:after{\nbox-shadow:0 3px 0 #fff, 0px 0px 12px rgba(51, 51, 51, 0.5);\n}\n<\/style>\n<div  class='avia-image-diff-container av-lj5f5898-31789d5dee1a2a51a562e5ff05a32d79 av-handle-vertical av-handle-circle av-handle-border btn-style-rounded av-line-default avia-align-center  avia-builder-el-5  avia-builder-el-no-sibling ' data-image_diff=\"{&quot;drag_start&quot;:&quot;&quot;}\"  itemprop=\"image\" itemscope=\"itemscope\" itemtype=\"https:\/\/schema.org\/ImageObject\" ><div class=\"av-image-diff-wrapper\"><img decoding=\"async\" fetchpriority=\"high\" class='wp-image-1090 avia-img-lazy-loading-not-1090 avia_image av-img-before ' src=\"https:\/\/greencleangroup.es\/wp-content\/uploads\/2023\/06\/Green-Clean-Group-Softwash-shutters-before-2-710x375.jpeg\" alt='' title='Green Clean Group - Softwash - shutters - before-2'  height=\"375\" width=\"710\"  itemprop=\"thumbnailUrl\"  \/><img decoding=\"async\" fetchpriority=\"high\" class='wp-image-1082 avia-img-lazy-loading-not-1082 avia_image av-img-after' src=\"https:\/\/greencleangroup.es\/wp-content\/uploads\/2023\/06\/Green-Clean-Group-Softwash-shutters-after-2-710x375.jpeg\" alt='' title='Green Clean Group - Softwash - shutters - after-2'  height=\"375\" width=\"710\"  itemprop=\"thumbnailUrl\"  \/><div class=\"av-image-diff-overlay\"><span class=\"av-img-diff-label label-before\">Vor<\/span><span class=\"av-img-diff-label label-after\">Nach<\/span><\/div><div class=\"av-image-diff-handle\"><span class=\"av-handle-arrow av-handle-left-arrow\"><\/span><span class=\"av-handle-arrow av-handle-right-arrow\"><\/span><\/div><\/div><\/div><\/div>\n","protected":false},"excerpt":{"rendered":"","protected":false},"author":2,"featured_media":0,"parent":1376,"menu_order":0,"comment_status":"closed","ping_status":"closed","template":"","meta":{"_joinchat":[],"footnotes":""},"class_list":["post-1406","page","type-page","status-publish","hentry"],"yoast_head":"<!-- This site is optimized with the Yoast SEO plugin v27.2 - https:\/\/yoast.com\/product\/yoast-seo-wordpress\/ -->\n<title>Reinigung von Rolll\u00e4den - Green Clean Group<\/title>\n<meta name=\"robots\" content=\"index, follow, max-snippet:-1, max-image-preview:large, max-video-preview:-1\" \/>\n<link rel=\"canonical\" href=\"https:\/\/greencleangroup.es\/de\/dienstleistungen\/reinigung-von-rolllaeden\/\" \/>\n<meta property=\"og:locale\" content=\"de_DE\" \/>\n<meta property=\"og:type\" content=\"article\" \/>\n<meta property=\"og:title\" content=\"Reinigung von Rolll\u00e4den - Green Clean Group\" \/>\n<meta property=\"og:url\" content=\"https:\/\/greencleangroup.es\/de\/dienstleistungen\/reinigung-von-rolllaeden\/\" \/>\n<meta property=\"og:site_name\" content=\"Green Clean Group\" \/>\n<meta property=\"article:modified_time\" content=\"2023-07-15T17:05:14+00:00\" \/>\n<meta name=\"twitter:card\" content=\"summary_large_image\" \/>\n<meta name=\"twitter:label1\" content=\"Gesch\u00e4tzte Lesezeit\" \/>\n\t<meta name=\"twitter:data1\" content=\"4\u00a0Minuten\" \/>\n<script type=\"application\/ld+json\" class=\"yoast-schema-graph\">{\"@context\":\"https:\/\/schema.org\",\"@graph\":[{\"@type\":\"WebPage\",\"@id\":\"https:\/\/greencleangroup.es\/de\/dienstleistungen\/reinigung-von-rolllaeden\/\",\"url\":\"https:\/\/greencleangroup.es\/de\/dienstleistungen\/reinigung-von-rolllaeden\/\",\"name\":\"Reinigung von Rolll\u00e4den - Green Clean Group\",\"isPartOf\":{\"@id\":\"https:\/\/greencleangroup.es\/de\/#website\"},\"datePublished\":\"2023-01-26T08:12:11+00:00\",\"dateModified\":\"2023-07-15T17:05:14+00:00\",\"breadcrumb\":{\"@id\":\"https:\/\/greencleangroup.es\/de\/dienstleistungen\/reinigung-von-rolllaeden\/#breadcrumb\"},\"inLanguage\":\"de\",\"potentialAction\":[{\"@type\":\"ReadAction\",\"target\":[\"https:\/\/greencleangroup.es\/de\/dienstleistungen\/reinigung-von-rolllaeden\/\"]}]},{\"@type\":\"BreadcrumbList\",\"@id\":\"https:\/\/greencleangroup.es\/de\/dienstleistungen\/reinigung-von-rolllaeden\/#breadcrumb\",\"itemListElement\":[{\"@type\":\"ListItem\",\"position\":1,\"name\":\"Home\",\"item\":\"https:\/\/greencleangroup.es\/de\/home\/\"},{\"@type\":\"ListItem\",\"position\":2,\"name\":\"Dienstleistungen\",\"item\":\"https:\/\/greencleangroup.es\/de\/dienstleistungen\/\"},{\"@type\":\"ListItem\",\"position\":3,\"name\":\"Reinigung von Rolll\u00e4den\"}]},{\"@type\":\"WebSite\",\"@id\":\"https:\/\/greencleangroup.es\/de\/#website\",\"url\":\"https:\/\/greencleangroup.es\/de\/\",\"name\":\"Green Clean Group\",\"description\":\"Allround exterior cleaning\",\"potentialAction\":[{\"@type\":\"SearchAction\",\"target\":{\"@type\":\"EntryPoint\",\"urlTemplate\":\"https:\/\/greencleangroup.es\/de\/?s={search_term_string}\"},\"query-input\":{\"@type\":\"PropertyValueSpecification\",\"valueRequired\":true,\"valueName\":\"search_term_string\"}}],\"inLanguage\":\"de\"}]}<\/script>\n<!-- \/ Yoast SEO plugin. -->","yoast_head_json":{"title":"Reinigung von Rolll\u00e4den - Green Clean Group","robots":{"index":"index","follow":"follow","max-snippet":"max-snippet:-1","max-image-preview":"max-image-preview:large","max-video-preview":"max-video-preview:-1"},"canonical":"https:\/\/greencleangroup.es\/de\/dienstleistungen\/reinigung-von-rolllaeden\/","og_locale":"de_DE","og_type":"article","og_title":"Reinigung von Rolll\u00e4den - Green Clean Group","og_url":"https:\/\/greencleangroup.es\/de\/dienstleistungen\/reinigung-von-rolllaeden\/","og_site_name":"Green Clean Group","article_modified_time":"2023-07-15T17:05:14+00:00","twitter_card":"summary_large_image","twitter_misc":{"Gesch\u00e4tzte Lesezeit":"4\u00a0Minuten"},"schema":{"@context":"https:\/\/schema.org","@graph":[{"@type":"WebPage","@id":"https:\/\/greencleangroup.es\/de\/dienstleistungen\/reinigung-von-rolllaeden\/","url":"https:\/\/greencleangroup.es\/de\/dienstleistungen\/reinigung-von-rolllaeden\/","name":"Reinigung von Rolll\u00e4den - Green Clean Group","isPartOf":{"@id":"https:\/\/greencleangroup.es\/de\/#website"},"datePublished":"2023-01-26T08:12:11+00:00","dateModified":"2023-07-15T17:05:14+00:00","breadcrumb":{"@id":"https:\/\/greencleangroup.es\/de\/dienstleistungen\/reinigung-von-rolllaeden\/#breadcrumb"},"inLanguage":"de","potentialAction":[{"@type":"ReadAction","target":["https:\/\/greencleangroup.es\/de\/dienstleistungen\/reinigung-von-rolllaeden\/"]}]},{"@type":"BreadcrumbList","@id":"https:\/\/greencleangroup.es\/de\/dienstleistungen\/reinigung-von-rolllaeden\/#breadcrumb","itemListElement":[{"@type":"ListItem","position":1,"name":"Home","item":"https:\/\/greencleangroup.es\/de\/home\/"},{"@type":"ListItem","position":2,"name":"Dienstleistungen","item":"https:\/\/greencleangroup.es\/de\/dienstleistungen\/"},{"@type":"ListItem","position":3,"name":"Reinigung von Rolll\u00e4den"}]},{"@type":"WebSite","@id":"https:\/\/greencleangroup.es\/de\/#website","url":"https:\/\/greencleangroup.es\/de\/","name":"Green Clean Group","description":"Allround exterior cleaning","potentialAction":[{"@type":"SearchAction","target":{"@type":"EntryPoint","urlTemplate":"https:\/\/greencleangroup.es\/de\/?s={search_term_string}"},"query-input":{"@type":"PropertyValueSpecification","valueRequired":true,"valueName":"search_term_string"}}],"inLanguage":"de"}]}},"_links":{"self":[{"href":"https:\/\/greencleangroup.es\/de\/wp-json\/wp\/v2\/pages\/1406","targetHints":{"allow":["GET"]}}],"collection":[{"href":"https:\/\/greencleangroup.es\/de\/wp-json\/wp\/v2\/pages"}],"about":[{"href":"https:\/\/greencleangroup.es\/de\/wp-json\/wp\/v2\/types\/page"}],"author":[{"embeddable":true,"href":"https:\/\/greencleangroup.es\/de\/wp-json\/wp\/v2\/users\/2"}],"replies":[{"embeddable":true,"href":"https:\/\/greencleangroup.es\/de\/wp-json\/wp\/v2\/comments?post=1406"}],"version-history":[{"count":3,"href":"https:\/\/greencleangroup.es\/de\/wp-json\/wp\/v2\/pages\/1406\/revisions"}],"predecessor-version":[{"id":1576,"href":"https:\/\/greencleangroup.es\/de\/wp-json\/wp\/v2\/pages\/1406\/revisions\/1576"}],"up":[{"embeddable":true,"href":"https:\/\/greencleangroup.es\/de\/wp-json\/wp\/v2\/pages\/1376"}],"wp:attachment":[{"href":"https:\/\/greencleangroup.es\/de\/wp-json\/wp\/v2\/media?parent=1406"}],"curies":[{"name":"wp","href":"https:\/\/api.w.org\/{rel}","templated":true}]}}