{"id":1461,"date":"2023-01-26T08:16:55","date_gmt":"2023-01-26T08:16:55","guid":{"rendered":"https:\/\/greencleangroup.es\/softwash\/kunststofreiniging\/"},"modified":"2023-07-14T20:50:56","modified_gmt":"2023-07-14T20:50:56","slug":"reinigung-von-kunststoffen","status":"publish","type":"page","link":"https:\/\/greencleangroup.es\/de\/softwash\/reinigung-von-kunststoffen\/","title":{"rendered":"Reinigung von Kunststoffen"},"content":{"rendered":"<div  class='flex_column av-16e4l-89f55221a85c039ca06e071996677d6f av_one_full  avia-builder-el-0  el_before_av_one_full  avia-builder-el-first  first flex_column_div  '     ><section  class='av_textblock_section av-ldctngai-2822e2056324a7830acd3f0d45321e1a '   itemscope=\"itemscope\" itemtype=\"https:\/\/schema.org\/CreativeWork\" ><div class='avia_textblock'  itemprop=\"text\" ><div class=\"elementor-element elementor-element-2796d97 jltma-glass-effect-no elementor-widget elementor-widget-heading\" data-id=\"2796d97\" data-element_type=\"widget\" data-widget_type=\"heading.default\">\n<div class=\"elementor-widget-container\">\n<h2 class=\"elementor-heading-title elementor-size-default\">REINIGUNG VON KUNSTSTOFFEN, UM DIE LEBENSDAUER ZU VERL\u00c4NGERN<\/h2>\n<\/div>\n<\/div>\n<div class=\"elementor-element elementor-element-484b68eb jltma-glass-effect-no elementor-widget elementor-widget-text-editor\" data-id=\"484b68eb\" data-element_type=\"widget\" data-widget_type=\"text-editor.default\">\n<div class=\"elementor-widget-container\">\n<p>Kunststoff ist ein pflegeleichtes Material und wird deshalb zum Beispiel f\u00fcr Fensterrahmen oder Dachgauben sehr gerne verwendet. Was viele Menschen manchmal vergessen, ist, dass auch die Kunststoffteile z. B. Ihres Fensterrahmens regelm\u00e4\u00dfig gereinigt werden m\u00fcssen. Auch wenn das Material wenig Pflege ben\u00f6tigt, muss jedes Material gepflegt werden. Mit der Zeit kann sich Schmutz auf und in den Kunststoff setzen. Dies gilt umso mehr, wenn sich die Kunststoffteile im Freien befinden. Wir von Green Clean Group empfehlen daher, Ihre Kunststofffensterrahmen und\/oder -gauben alle sechs Monate zu reinigen.<\/p>\n<h3>Kontakt zur Green Clean Group<\/h3>\n<p>Wir k\u00f6nnen die Reinigung von Kunststoffteilen perfekt mit der Reinigung und Entleerung Ihrer Dachrinnen kombinieren. Oder denken Sie zum Beispiel daran, Trespa-Teile in unsere Reinigungsarbeiten einzubeziehen. F\u00fcr weitere Informationen nehmen Sie bitte unverbindlich Kontakt mit uns auf.<\/p>\n<\/div>\n<\/div>\n<h2><span style=\"font-size: 20px;\">Neem contact op met Green Clean Group<\/span><\/h2>\n<p>De kunststof onderdelen schoonmaken kunnen wij perfect combineren met bijvoorbeeld uw dakgoten schoonmaken en leeghalen. Of denk bijvoorbeeld aan het meenemen van trespa onderdelen bij onze schoonmaakwerkzaamheden. Voor meer informatie neemt u vrijblijvend contact met ons op.<\/p>\n<\/div><\/section><\/div><div  class='flex_column av-s2jh-da1a011f65f587c86241b73c52c66251 av_one_full  avia-builder-el-2  el_after_av_one_full  avia-builder-el-last  first flex_column_div  column-top-margin'     ><div id='av-masonry-1' class='av-masonry av-ldhpd0em-53e0d86703fcd232dbdba26548ef6b1c noHover av-fixed-size av-no-gap av-hover-overlay-active av-masonry-animation-active av-masonry-col-flexible av-caption-always av-caption-style- av-masonry-gallery av-orientation-square ' data-post_id=\"1461\"><div class=\"av-masonry-container isotope av-js-disabled\"><div class='av-masonry-entry isotope-item av-masonry-item-no-image '><\/div><a href=\"https:\/\/greencleangroup.es\/wp-content\/uploads\/2023\/01\/Strak-kunsttofreiniging-1-voor-en-na.jpeg\" data-srcset=\"https:\/\/greencleangroup.es\/wp-content\/uploads\/2023\/01\/Strak-kunsttofreiniging-1-voor-en-na.jpeg 1000w, https:\/\/greencleangroup.es\/wp-content\/uploads\/2023\/01\/Strak-kunsttofreiniging-1-voor-en-na-300x123.jpeg 300w, https:\/\/greencleangroup.es\/wp-content\/uploads\/2023\/01\/Strak-kunsttofreiniging-1-voor-en-na-768x316.jpeg 768w, https:\/\/greencleangroup.es\/wp-content\/uploads\/2023\/01\/Strak-kunsttofreiniging-1-voor-en-na-705x290.jpeg 705w\" data-sizes=\"(max-width: 1000px) 100vw, 1000px\"  aria-label=\"Bild Strak kunsttofreiniging 1 voor en na\"  id='av-masonry-1-item-848' data-av-masonry-item='848' class='av-masonry-entry isotope-item post-848 attachment type-attachment status-inherit hentry  av-masonry-item-with-image' title=\"Strak kunsttofreiniging 1 voor en na\" alt=\"\"    itemprop=\"thumbnailUrl\" ><div class='av-inner-masonry-sizer'><\/div><figure class='av-inner-masonry main_color'><div class=\"av-masonry-outerimage-container\"><div class='av-masonry-image-container' style=\"background-image: url(https:\/\/greencleangroup.es\/wp-content\/uploads\/2023\/01\/Strak-kunsttofreiniging-1-voor-en-na-705x290.jpeg);\"  title=\"Strak kunsttofreiniging 1 voor en na\" ><\/div><\/div><\/figure><\/a><!--end av-masonry entry--><a href=\"https:\/\/greencleangroup.es\/wp-content\/uploads\/2023\/01\/Strak-Trespa-reiniging.jpeg\" data-srcset=\"https:\/\/greencleangroup.es\/wp-content\/uploads\/2023\/01\/Strak-Trespa-reiniging.jpeg 570w, https:\/\/greencleangroup.es\/wp-content\/uploads\/2023\/01\/Strak-Trespa-reiniging-300x200.jpeg 300w\" data-sizes=\"(max-width: 570px) 100vw, 570px\"  aria-label=\"Bild Strak Trespa reiniging\"  id='av-masonry-1-item-851' data-av-masonry-item='851' class='av-masonry-entry isotope-item post-851 attachment type-attachment status-inherit hentry  av-masonry-item-with-image' title=\"Strak Trespa reiniging\" alt=\"\"    itemprop=\"thumbnailUrl\" ><div class='av-inner-masonry-sizer'><\/div><figure class='av-inner-masonry main_color'><div class=\"av-masonry-outerimage-container\"><div class='av-masonry-image-container' style=\"background-image: url(https:\/\/greencleangroup.es\/wp-content\/uploads\/2023\/01\/Strak-Trespa-reiniging.jpeg);\"  title=\"Strak Trespa reiniging\" ><\/div><\/div><\/figure><\/a><!--end av-masonry entry--><\/div><\/div><\/div><\/p>\n","protected":false},"excerpt":{"rendered":"","protected":false},"author":2,"featured_media":0,"parent":1448,"menu_order":0,"comment_status":"closed","ping_status":"closed","template":"","meta":{"_joinchat":[],"footnotes":""},"class_list":["post-1461","page","type-page","status-publish","hentry"],"yoast_head":"<!-- This site is optimized with the Yoast SEO plugin v27.2 - https:\/\/yoast.com\/product\/yoast-seo-wordpress\/ -->\n<title>Reinigung von Kunststoffen - Green Clean Group<\/title>\n<meta name=\"robots\" content=\"index, follow, max-snippet:-1, max-image-preview:large, max-video-preview:-1\" \/>\n<link rel=\"canonical\" href=\"https:\/\/greencleangroup.es\/de\/softwash\/reinigung-von-kunststoffen\/\" \/>\n<meta property=\"og:locale\" content=\"de_DE\" \/>\n<meta property=\"og:type\" content=\"article\" \/>\n<meta property=\"og:title\" content=\"Reinigung von Kunststoffen - Green Clean Group\" \/>\n<meta property=\"og:url\" content=\"https:\/\/greencleangroup.es\/de\/softwash\/reinigung-von-kunststoffen\/\" \/>\n<meta property=\"og:site_name\" content=\"Green Clean Group\" \/>\n<meta property=\"article:modified_time\" content=\"2023-07-14T20:50:56+00:00\" \/>\n<meta name=\"twitter:card\" content=\"summary_large_image\" \/>\n<meta name=\"twitter:label1\" content=\"Gesch\u00e4tzte Lesezeit\" \/>\n\t<meta name=\"twitter:data1\" content=\"3\u00a0Minuten\" \/>\n<script type=\"application\/ld+json\" class=\"yoast-schema-graph\">{\"@context\":\"https:\/\/schema.org\",\"@graph\":[{\"@type\":\"WebPage\",\"@id\":\"https:\/\/greencleangroup.es\/de\/softwash\/reinigung-von-kunststoffen\/\",\"url\":\"https:\/\/greencleangroup.es\/de\/softwash\/reinigung-von-kunststoffen\/\",\"name\":\"Reinigung von Kunststoffen - Green Clean Group\",\"isPartOf\":{\"@id\":\"https:\/\/greencleangroup.es\/de\/#website\"},\"datePublished\":\"2023-01-26T08:16:55+00:00\",\"dateModified\":\"2023-07-14T20:50:56+00:00\",\"breadcrumb\":{\"@id\":\"https:\/\/greencleangroup.es\/de\/softwash\/reinigung-von-kunststoffen\/#breadcrumb\"},\"inLanguage\":\"de\",\"potentialAction\":[{\"@type\":\"ReadAction\",\"target\":[\"https:\/\/greencleangroup.es\/de\/softwash\/reinigung-von-kunststoffen\/\"]}]},{\"@type\":\"BreadcrumbList\",\"@id\":\"https:\/\/greencleangroup.es\/de\/softwash\/reinigung-von-kunststoffen\/#breadcrumb\",\"itemListElement\":[{\"@type\":\"ListItem\",\"position\":1,\"name\":\"Home\",\"item\":\"https:\/\/greencleangroup.es\/de\/home\/\"},{\"@type\":\"ListItem\",\"position\":2,\"name\":\"Softwash\",\"item\":\"https:\/\/greencleangroup.es\/de\/softwash\/\"},{\"@type\":\"ListItem\",\"position\":3,\"name\":\"Reinigung von Kunststoffen\"}]},{\"@type\":\"WebSite\",\"@id\":\"https:\/\/greencleangroup.es\/de\/#website\",\"url\":\"https:\/\/greencleangroup.es\/de\/\",\"name\":\"Green Clean Group\",\"description\":\"Allround exterior cleaning\",\"potentialAction\":[{\"@type\":\"SearchAction\",\"target\":{\"@type\":\"EntryPoint\",\"urlTemplate\":\"https:\/\/greencleangroup.es\/de\/?s={search_term_string}\"},\"query-input\":{\"@type\":\"PropertyValueSpecification\",\"valueRequired\":true,\"valueName\":\"search_term_string\"}}],\"inLanguage\":\"de\"}]}<\/script>\n<!-- \/ Yoast SEO plugin. -->","yoast_head_json":{"title":"Reinigung von Kunststoffen - Green Clean Group","robots":{"index":"index","follow":"follow","max-snippet":"max-snippet:-1","max-image-preview":"max-image-preview:large","max-video-preview":"max-video-preview:-1"},"canonical":"https:\/\/greencleangroup.es\/de\/softwash\/reinigung-von-kunststoffen\/","og_locale":"de_DE","og_type":"article","og_title":"Reinigung von Kunststoffen - Green Clean Group","og_url":"https:\/\/greencleangroup.es\/de\/softwash\/reinigung-von-kunststoffen\/","og_site_name":"Green Clean Group","article_modified_time":"2023-07-14T20:50:56+00:00","twitter_card":"summary_large_image","twitter_misc":{"Gesch\u00e4tzte Lesezeit":"3\u00a0Minuten"},"schema":{"@context":"https:\/\/schema.org","@graph":[{"@type":"WebPage","@id":"https:\/\/greencleangroup.es\/de\/softwash\/reinigung-von-kunststoffen\/","url":"https:\/\/greencleangroup.es\/de\/softwash\/reinigung-von-kunststoffen\/","name":"Reinigung von Kunststoffen - Green Clean Group","isPartOf":{"@id":"https:\/\/greencleangroup.es\/de\/#website"},"datePublished":"2023-01-26T08:16:55+00:00","dateModified":"2023-07-14T20:50:56+00:00","breadcrumb":{"@id":"https:\/\/greencleangroup.es\/de\/softwash\/reinigung-von-kunststoffen\/#breadcrumb"},"inLanguage":"de","potentialAction":[{"@type":"ReadAction","target":["https:\/\/greencleangroup.es\/de\/softwash\/reinigung-von-kunststoffen\/"]}]},{"@type":"BreadcrumbList","@id":"https:\/\/greencleangroup.es\/de\/softwash\/reinigung-von-kunststoffen\/#breadcrumb","itemListElement":[{"@type":"ListItem","position":1,"name":"Home","item":"https:\/\/greencleangroup.es\/de\/home\/"},{"@type":"ListItem","position":2,"name":"Softwash","item":"https:\/\/greencleangroup.es\/de\/softwash\/"},{"@type":"ListItem","position":3,"name":"Reinigung von Kunststoffen"}]},{"@type":"WebSite","@id":"https:\/\/greencleangroup.es\/de\/#website","url":"https:\/\/greencleangroup.es\/de\/","name":"Green Clean Group","description":"Allround exterior cleaning","potentialAction":[{"@type":"SearchAction","target":{"@type":"EntryPoint","urlTemplate":"https:\/\/greencleangroup.es\/de\/?s={search_term_string}"},"query-input":{"@type":"PropertyValueSpecification","valueRequired":true,"valueName":"search_term_string"}}],"inLanguage":"de"}]}},"_links":{"self":[{"href":"https:\/\/greencleangroup.es\/de\/wp-json\/wp\/v2\/pages\/1461","targetHints":{"allow":["GET"]}}],"collection":[{"href":"https:\/\/greencleangroup.es\/de\/wp-json\/wp\/v2\/pages"}],"about":[{"href":"https:\/\/greencleangroup.es\/de\/wp-json\/wp\/v2\/types\/page"}],"author":[{"embeddable":true,"href":"https:\/\/greencleangroup.es\/de\/wp-json\/wp\/v2\/users\/2"}],"replies":[{"embeddable":true,"href":"https:\/\/greencleangroup.es\/de\/wp-json\/wp\/v2\/comments?post=1461"}],"version-history":[{"count":2,"href":"https:\/\/greencleangroup.es\/de\/wp-json\/wp\/v2\/pages\/1461\/revisions"}],"predecessor-version":[{"id":1581,"href":"https:\/\/greencleangroup.es\/de\/wp-json\/wp\/v2\/pages\/1461\/revisions\/1581"}],"up":[{"embeddable":true,"href":"https:\/\/greencleangroup.es\/de\/wp-json\/wp\/v2\/pages\/1448"}],"wp:attachment":[{"href":"https:\/\/greencleangroup.es\/de\/wp-json\/wp\/v2\/media?parent=1461"}],"curies":[{"name":"wp","href":"https:\/\/api.w.org\/{rel}","templated":true}]}}