{"id":1474,"date":"2023-01-26T08:17:22","date_gmt":"2023-01-26T08:17:22","guid":{"rendered":"https:\/\/greencleangroup.es\/softwash\/dakpanreiniging\/"},"modified":"2023-07-15T17:07:15","modified_gmt":"2023-07-15T17:07:15","slug":"reinigung-von-dachziegeln","status":"publish","type":"page","link":"https:\/\/greencleangroup.es\/de\/softwash\/reinigung-von-dachziegeln\/","title":{"rendered":"Reinigung von Dachziegeln"},"content":{"rendered":"<div  class='flex_column av-bjm-144b5272969f569fa5f12bdaed51df1f av_one_full  avia-builder-el-0  el_before_av_one_full  avia-builder-el-first  first flex_column_div  '     ><section  class='av_textblock_section av-ldctnzjq-04b5f1946d51c70220353bbd186af513 '   itemscope=\"itemscope\" itemtype=\"https:\/\/schema.org\/CreativeWork\" ><div class='avia_textblock'  itemprop=\"text\" ><div class=\"elementor-element elementor-element-37f3370 jltma-glass-effect-no elementor-widget elementor-widget-heading\" data-id=\"37f3370\" data-element_type=\"widget\" data-widget_type=\"heading.default\">\n<div class=\"elementor-widget-container\">\n<h2 class=\"elementor-heading-title elementor-size-default\">SCH\u00dcTZEN SIE IHR HAUS ODER B\u00dcROGEB\u00c4UDE MIT EINER DACHZIEGELREINIGUNG<\/h2>\n<\/div>\n<\/div>\n<div class=\"elementor-element elementor-element-21f87775 jltma-glass-effect-no elementor-widget elementor-widget-text-editor\" data-id=\"21f87775\" data-element_type=\"widget\" data-widget_type=\"text-editor.default\">\n<div class=\"elementor-widget-container\">\n<p>Dachziegel sind nicht nur eine optische Bereicherung, das Dach Ihres Hauses oder B\u00fcros bietet auch Schutz. Das Dach ist verschiedenen Witterungseinfl\u00fcssen wie Wind und Regen ausgesetzt. Bei einem Dach, das nicht ordnungsgem\u00e4\u00df gewartet wird, k\u00f6nnen Risse entstehen und\/oder Teile abbrechen, zum Beispiel durch Frost. Aus diesem Grund ist die Dachreinigung und -wartung Ihres Daches sehr wichtig.<\/p>\n<p>Um die Lebensdauer Ihrer Dachziegel zu verl\u00e4ngern, ist es au\u00dferdem wichtig, sie von Zeit zu Zeit gr\u00fcndlich zu reinigen. Die Wartung Ihres Daches ist eine nachhaltige L\u00f6sung, die daf\u00fcr sorgt, dass Ihre Dachziegel l\u00e4nger halten und weiterhin so optimal wie m\u00f6glich funktionieren.<\/p>\n<h3>Entfernen von Algen und Moosen<\/h3>\n<p>Neben der allgemeinen Reinigung der Dachziegel sorgen wir auch daf\u00fcr, dass Algen und Moose von Ihren Dachziegeln entfernt werden. Mit einem Algizid sorgen wir daf\u00fcr, dass auch die kleinsten Partikel entfernt werden, so dass Algen und Moose nicht mehr so leicht nachwachsen k\u00f6nnen.<\/p>\n<h3>Impr\u00e4gnierung und Beschichtung des Daches<\/h3>\n<p>Um die Wartung Ihres Daches zu vervollst\u00e4ndigen, empfehlen wir au\u00dferdem, die Dachziegel zu impr\u00e4gnieren. So bleibt das Dach l\u00e4nger vor Schmutz und Feuchtigkeit gesch\u00fctzt. Neben der Impr\u00e4gnierung k\u00f6nnen Ihre Dachziegel auch beschichtet werden. Diese Beschichtung bietet Schutz und verl\u00e4ngert die Lebensdauer der Ziegel. Sie k\u00f6nnen sogar aus verschiedenen Farben w\u00e4hlen. Und Ihr Dach wird wieder wie neu aussehen!<\/p>\n<h3>Fordern Sie noch heute ein Angebot f\u00fcr die Reinigung Ihrer Dachziegel an!<\/h3>\n<p>Wenn Sie weitere Informationen oder ein unverbindliches Angebot f\u00fcr die Reinigung Ihrer Dachziegel w\u00fcnschen, nehmen Sie bitte <a href=\"https:\/\/greencleangroup.es\/de\/kontakt\/\">Kontakt<\/a> mit uns auf.<\/p>\n<\/div>\n<\/div>\n<\/div><\/section><\/div><div  class='flex_column av-1nqfm-ea9890a2edc6434d244f75a89f510af1 av_one_full  avia-builder-el-2  el_after_av_one_full  avia-builder-el-last  first flex_column_div  column-top-margin'     ><style type=\"text\/css\" data-created_by=\"avia_inline_auto\" id=\"style-css-av-s60i-359187bc7815569460e8570d49399672\">\n.avia-image-diff-container.av-s60i-359187bc7815569460e8570d49399672 .av-image-diff-handle{\nbox-shadow:0 0 12px rgba(51, 51, 51, 0.5);\n}\n.avia-image-diff-container.av-s60i-359187bc7815569460e8570d49399672 .av-image-diff-handle:before{\nbox-shadow:0 3px 0 #fff, 0px 0px 12px rgba(51, 51, 51, 0.5);\n}\n.avia-image-diff-container.av-s60i-359187bc7815569460e8570d49399672 .av-image-diff-handle:after{\nbox-shadow:0 3px 0 #fff, 0px 0px 12px rgba(51, 51, 51, 0.5);\n}\n<\/style>\n<div  class='avia-image-diff-container av-s60i-359187bc7815569460e8570d49399672 av-handle-vertical av-handle-circle av-handle-border btn-style-rounded av-line-default avia-align-center  avia-builder-el-3  avia-builder-el-no-sibling ' data-image_diff=\"{&quot;drag_start&quot;:&quot;&quot;}\"  itemprop=\"image\" itemscope=\"itemscope\" itemtype=\"https:\/\/schema.org\/ImageObject\" ><div class=\"av-image-diff-wrapper\"><img decoding=\"async\" fetchpriority=\"high\" class='wp-image-1078 avia-img-lazy-loading-not-1078 avia_image av-img-before ' src=\"https:\/\/greencleangroup.es\/wp-content\/uploads\/2023\/06\/Green-Clean-Group-Softwash-roof-before-710x375.jpeg\" alt='' title='Green Clean Group - Softwash - roof - before'  height=\"375\" width=\"710\"  itemprop=\"thumbnailUrl\"  \/><img decoding=\"async\" fetchpriority=\"high\" class='wp-image-1074 avia-img-lazy-loading-not-1074 avia_image av-img-after' src=\"https:\/\/greencleangroup.es\/wp-content\/uploads\/2023\/06\/Green-Clean-Group-Softwash-roof-after-387x375.jpeg\" alt='' title='Green Clean Group - Softwash - roof - after'  height=\"375\" width=\"710\"  itemprop=\"thumbnailUrl\"  \/><div class=\"av-image-diff-overlay\"><span class=\"av-img-diff-label label-before\">Vor<\/span><span class=\"av-img-diff-label label-after\">Nach<\/span><\/div><div class=\"av-image-diff-handle\"><span class=\"av-handle-arrow av-handle-left-arrow\"><\/span><span class=\"av-handle-arrow av-handle-right-arrow\"><\/span><\/div><\/div><\/div><\/div><\/p>\n","protected":false},"excerpt":{"rendered":"","protected":false},"author":2,"featured_media":0,"parent":1448,"menu_order":0,"comment_status":"closed","ping_status":"closed","template":"","meta":{"_joinchat":[],"footnotes":""},"class_list":["post-1474","page","type-page","status-publish","hentry"],"yoast_head":"<!-- This site is optimized with the Yoast SEO plugin v27.2 - https:\/\/yoast.com\/product\/yoast-seo-wordpress\/ -->\n<title>Reinigung von Dachziegeln - Green Clean Group<\/title>\n<meta name=\"robots\" content=\"index, follow, max-snippet:-1, max-image-preview:large, max-video-preview:-1\" \/>\n<link rel=\"canonical\" href=\"https:\/\/greencleangroup.es\/de\/softwash\/reinigung-von-dachziegeln\/\" \/>\n<meta property=\"og:locale\" content=\"de_DE\" \/>\n<meta property=\"og:type\" content=\"article\" \/>\n<meta property=\"og:title\" content=\"Reinigung von Dachziegeln - Green Clean Group\" \/>\n<meta property=\"og:url\" content=\"https:\/\/greencleangroup.es\/de\/softwash\/reinigung-von-dachziegeln\/\" \/>\n<meta property=\"og:site_name\" content=\"Green Clean Group\" \/>\n<meta property=\"article:modified_time\" content=\"2023-07-15T17:07:15+00:00\" \/>\n<meta name=\"twitter:card\" content=\"summary_large_image\" \/>\n<meta name=\"twitter:label1\" content=\"Gesch\u00e4tzte Lesezeit\" \/>\n\t<meta name=\"twitter:data1\" content=\"3\u00a0Minuten\" \/>\n<script type=\"application\/ld+json\" class=\"yoast-schema-graph\">{\"@context\":\"https:\/\/schema.org\",\"@graph\":[{\"@type\":\"WebPage\",\"@id\":\"https:\/\/greencleangroup.es\/de\/softwash\/reinigung-von-dachziegeln\/\",\"url\":\"https:\/\/greencleangroup.es\/de\/softwash\/reinigung-von-dachziegeln\/\",\"name\":\"Reinigung von Dachziegeln - Green Clean Group\",\"isPartOf\":{\"@id\":\"https:\/\/greencleangroup.es\/de\/#website\"},\"datePublished\":\"2023-01-26T08:17:22+00:00\",\"dateModified\":\"2023-07-15T17:07:15+00:00\",\"breadcrumb\":{\"@id\":\"https:\/\/greencleangroup.es\/de\/softwash\/reinigung-von-dachziegeln\/#breadcrumb\"},\"inLanguage\":\"de\",\"potentialAction\":[{\"@type\":\"ReadAction\",\"target\":[\"https:\/\/greencleangroup.es\/de\/softwash\/reinigung-von-dachziegeln\/\"]}]},{\"@type\":\"BreadcrumbList\",\"@id\":\"https:\/\/greencleangroup.es\/de\/softwash\/reinigung-von-dachziegeln\/#breadcrumb\",\"itemListElement\":[{\"@type\":\"ListItem\",\"position\":1,\"name\":\"Home\",\"item\":\"https:\/\/greencleangroup.es\/de\/home\/\"},{\"@type\":\"ListItem\",\"position\":2,\"name\":\"Softwash\",\"item\":\"https:\/\/greencleangroup.es\/de\/softwash\/\"},{\"@type\":\"ListItem\",\"position\":3,\"name\":\"Reinigung von Dachziegeln\"}]},{\"@type\":\"WebSite\",\"@id\":\"https:\/\/greencleangroup.es\/de\/#website\",\"url\":\"https:\/\/greencleangroup.es\/de\/\",\"name\":\"Green Clean Group\",\"description\":\"Allround exterior cleaning\",\"potentialAction\":[{\"@type\":\"SearchAction\",\"target\":{\"@type\":\"EntryPoint\",\"urlTemplate\":\"https:\/\/greencleangroup.es\/de\/?s={search_term_string}\"},\"query-input\":{\"@type\":\"PropertyValueSpecification\",\"valueRequired\":true,\"valueName\":\"search_term_string\"}}],\"inLanguage\":\"de\"}]}<\/script>\n<!-- \/ Yoast SEO plugin. -->","yoast_head_json":{"title":"Reinigung von Dachziegeln - Green Clean Group","robots":{"index":"index","follow":"follow","max-snippet":"max-snippet:-1","max-image-preview":"max-image-preview:large","max-video-preview":"max-video-preview:-1"},"canonical":"https:\/\/greencleangroup.es\/de\/softwash\/reinigung-von-dachziegeln\/","og_locale":"de_DE","og_type":"article","og_title":"Reinigung von Dachziegeln - Green Clean Group","og_url":"https:\/\/greencleangroup.es\/de\/softwash\/reinigung-von-dachziegeln\/","og_site_name":"Green Clean Group","article_modified_time":"2023-07-15T17:07:15+00:00","twitter_card":"summary_large_image","twitter_misc":{"Gesch\u00e4tzte Lesezeit":"3\u00a0Minuten"},"schema":{"@context":"https:\/\/schema.org","@graph":[{"@type":"WebPage","@id":"https:\/\/greencleangroup.es\/de\/softwash\/reinigung-von-dachziegeln\/","url":"https:\/\/greencleangroup.es\/de\/softwash\/reinigung-von-dachziegeln\/","name":"Reinigung von Dachziegeln - Green Clean Group","isPartOf":{"@id":"https:\/\/greencleangroup.es\/de\/#website"},"datePublished":"2023-01-26T08:17:22+00:00","dateModified":"2023-07-15T17:07:15+00:00","breadcrumb":{"@id":"https:\/\/greencleangroup.es\/de\/softwash\/reinigung-von-dachziegeln\/#breadcrumb"},"inLanguage":"de","potentialAction":[{"@type":"ReadAction","target":["https:\/\/greencleangroup.es\/de\/softwash\/reinigung-von-dachziegeln\/"]}]},{"@type":"BreadcrumbList","@id":"https:\/\/greencleangroup.es\/de\/softwash\/reinigung-von-dachziegeln\/#breadcrumb","itemListElement":[{"@type":"ListItem","position":1,"name":"Home","item":"https:\/\/greencleangroup.es\/de\/home\/"},{"@type":"ListItem","position":2,"name":"Softwash","item":"https:\/\/greencleangroup.es\/de\/softwash\/"},{"@type":"ListItem","position":3,"name":"Reinigung von Dachziegeln"}]},{"@type":"WebSite","@id":"https:\/\/greencleangroup.es\/de\/#website","url":"https:\/\/greencleangroup.es\/de\/","name":"Green Clean Group","description":"Allround exterior cleaning","potentialAction":[{"@type":"SearchAction","target":{"@type":"EntryPoint","urlTemplate":"https:\/\/greencleangroup.es\/de\/?s={search_term_string}"},"query-input":{"@type":"PropertyValueSpecification","valueRequired":true,"valueName":"search_term_string"}}],"inLanguage":"de"}]}},"_links":{"self":[{"href":"https:\/\/greencleangroup.es\/de\/wp-json\/wp\/v2\/pages\/1474","targetHints":{"allow":["GET"]}}],"collection":[{"href":"https:\/\/greencleangroup.es\/de\/wp-json\/wp\/v2\/pages"}],"about":[{"href":"https:\/\/greencleangroup.es\/de\/wp-json\/wp\/v2\/types\/page"}],"author":[{"embeddable":true,"href":"https:\/\/greencleangroup.es\/de\/wp-json\/wp\/v2\/users\/2"}],"replies":[{"embeddable":true,"href":"https:\/\/greencleangroup.es\/de\/wp-json\/wp\/v2\/comments?post=1474"}],"version-history":[{"count":3,"href":"https:\/\/greencleangroup.es\/de\/wp-json\/wp\/v2\/pages\/1474\/revisions"}],"predecessor-version":[{"id":1580,"href":"https:\/\/greencleangroup.es\/de\/wp-json\/wp\/v2\/pages\/1474\/revisions\/1580"}],"up":[{"embeddable":true,"href":"https:\/\/greencleangroup.es\/de\/wp-json\/wp\/v2\/pages\/1448"}],"wp:attachment":[{"href":"https:\/\/greencleangroup.es\/de\/wp-json\/wp\/v2\/media?parent=1474"}],"curies":[{"name":"wp","href":"https:\/\/api.w.org\/{rel}","templated":true}]}}