{"id":1502,"date":"2023-01-26T08:18:36","date_gmt":"2023-01-26T08:18:36","guid":{"rendered":"https:\/\/greencleangroup.es\/softwash\/reiniging-schuttingen-terrassen-etc\/"},"modified":"2023-07-14T20:58:59","modified_gmt":"2023-07-14T20:58:59","slug":"reinigung-von-zaeunen-terrassen-usw","status":"publish","type":"page","link":"https:\/\/greencleangroup.es\/de\/softwash\/reinigung-von-zaeunen-terrassen-usw\/","title":{"rendered":"Reinigung von Z\u00e4unen, Terrassen usw."},"content":{"rendered":"<div  class='flex_column av-10hjx-b9d34968a1e8bbaddcebdacb65390315 av_one_full  avia-builder-el-0  el_before_av_one_full  avia-builder-el-first  first flex_column_div  '     ><section  class='av_textblock_section av-ldctplul-34db9abb163f1ae82d7ae8a092da48eb '   itemscope=\"itemscope\" itemtype=\"https:\/\/schema.org\/CreativeWork\" ><div class='avia_textblock'  itemprop=\"text\" ><div class=\"elementor-element elementor-element-65faf85e jltma-glass-effect-no elementor-widget elementor-widget-heading\" data-id=\"65faf85e\" data-element_type=\"widget\" data-widget_type=\"heading.default\">\n<div class=\"elementor-widget-container\">\n<h2 class=\"elementor-heading-title elementor-size-default\">REINIGUNG VON Z\u00c4UNEN, TERRASSEN, VERANDEN UND MEHR.<\/h2>\n<\/div>\n<\/div>\n<div class=\"elementor-element elementor-element-2576b3a jltma-glass-effect-no elementor-widget elementor-widget-text-editor\" data-id=\"2576b3a\" data-element_type=\"widget\" data-widget_type=\"text-editor.default\">\n<div class=\"elementor-widget-container\">\n<p>Beschl\u00e4ge und Schmutz sowie die Hitze der Sonne im Sommer brennen sich in Ihr Glas und Ihr Ger\u00fcst ein, wenn Sie es nicht rechtzeitig und regelm\u00e4\u00dfig reinigen lassen. F\u00fcr ein optimales Ergebnis empfehlen wir Ihnen, Ihre Veranda mindestens dreimal im Jahr reinigen zu lassen, wenn Sie in einer Umgebung leben, die nicht verschmutzt ist. Wenn Ihre Veranda nach Norden ausgerichtet ist, B\u00e4ume in der N\u00e4he hat oder sich in einer nat\u00fcrlichen Umgebung befindet, empfehlen wir, sie alle acht Wochen zu reinigen.<\/p>\n<h3>P\u00fcnktliche Reinigung der Veranda<\/h3>\n<p>Moos, Schimmel und gr\u00fcne Ablagerungen wachsen am schnellsten in Bereichen mit wenig oder gar keinem Sonnenlicht. Insbesondere w\u00e4chst Moos unter und zwischen den Dichtungsgummis der Verglasung, was dazu f\u00fchrt, dass Ihre Veranda viel schneller verschlei\u00dft und nicht regen- oder wasserdicht bleibt. Der Grund daf\u00fcr ist, dass das Mooswachstum die Gummis nach oben oder zur Seite dr\u00fcckt.<\/p>\n<h3>Die Reinigung der Veranda bewahrt ihre Lebensdauer<\/h3>\n<p>Wenn der Moosbewuchs zu weit fortgeschritten ist, steht der Austausch von Gummis und Rahmen an, was ebenfalls Kosten verursacht. Es ist billiger, Ihre Veranda vor\u00fcbergehend von den Fachleuten von Strak Glazenwasserij reinigen zu lassen, als das Glas oder den Rahmen Ihrer Veranda erneut zu ersetzen. Eine regelm\u00e4\u00dfige Wartung Ihrer Verandaglas- und Fensterarbeiten erh\u00f6ht den Glanz und die Langlebigkeit Ihrer Veranda erheblich.<\/p>\n<h3>M\u00f6chten Sie mehr \u00fcber unsere Reinigungsdienste erfahren?<\/h3>\n<p>Kontaktieren Sie uns f\u00fcr weitere Informationen \u00fcber die Reinigung Ihrer Veranda, Terrasse oder Ihres Zauns. Wir sind sowohl f\u00fcr kleine als auch f\u00fcr gro\u00dfe Auftr\u00e4ge und f\u00fcr Privatpersonen und Unternehmen da. Sie k\u00f6nnen uns in der Region Costa Blanca kontaktieren<\/p>\n<\/div>\n<\/div>\n<\/div><\/section><\/div><div  class='flex_column av-y2o5-d24cdbde574dfecbaa150e70cb3728f0 av_one_full  avia-builder-el-2  el_after_av_one_full  avia-builder-el-last  first flex_column_div  column-top-margin'     ><div id='av-masonry-1' class='av-masonry av-ldhpmh2w-65ace830679d9c7663bd3315d302e194 noHover av-fixed-size av-no-gap av-hover-overlay-active av-masonry-animation-active av-masonry-col-flexible av-caption-always av-caption-style- av-masonry-gallery av-orientation-square ' data-post_id=\"1502\"><div class=\"av-masonry-container isotope av-js-disabled\"><div class='av-masonry-entry isotope-item av-masonry-item-no-image '><\/div><a href=\"https:\/\/greencleangroup.es\/wp-content\/uploads\/2023\/01\/Strak-veranda-reinigen-1-voor.jpeg\" data-srcset=\"https:\/\/greencleangroup.es\/wp-content\/uploads\/2023\/01\/Strak-veranda-reinigen-1-voor.jpeg 391w, https:\/\/greencleangroup.es\/wp-content\/uploads\/2023\/01\/Strak-veranda-reinigen-1-voor-300x253.jpeg 300w\" data-sizes=\"(max-width: 391px) 100vw, 391px\"  aria-label=\"Bild Strak veranda reinigen 1 voor\"  id='av-masonry-1-item-866' data-av-masonry-item='866' class='av-masonry-entry isotope-item post-866 attachment type-attachment status-inherit hentry  av-masonry-item-with-image' title=\"Strak veranda reinigen 1 voor\" alt=\"\"    itemprop=\"thumbnailUrl\" ><div class='av-inner-masonry-sizer'><\/div><figure class='av-inner-masonry main_color'><div class=\"av-masonry-outerimage-container\"><div class='av-masonry-image-container' style=\"background-image: url(https:\/\/greencleangroup.es\/wp-content\/uploads\/2023\/01\/Strak-veranda-reinigen-1-voor.jpeg);\"  title=\"Strak veranda reinigen 1 voor\" ><\/div><\/div><\/figure><\/a><!--end av-masonry entry--><a href=\"https:\/\/greencleangroup.es\/wp-content\/uploads\/2023\/01\/Strak-veranda-reinigen-1-na.jpeg\" data-srcset=\"https:\/\/greencleangroup.es\/wp-content\/uploads\/2023\/01\/Strak-veranda-reinigen-1-na.jpeg 391w, https:\/\/greencleangroup.es\/wp-content\/uploads\/2023\/01\/Strak-veranda-reinigen-1-na-300x253.jpeg 300w\" data-sizes=\"(max-width: 391px) 100vw, 391px\"  aria-label=\"Bild Strak veranda reinigen 1 na\"  id='av-masonry-1-item-863' data-av-masonry-item='863' class='av-masonry-entry isotope-item post-863 attachment type-attachment status-inherit hentry  av-masonry-item-with-image' title=\"Strak veranda reinigen 1 na\" alt=\"\"    itemprop=\"thumbnailUrl\" ><div class='av-inner-masonry-sizer'><\/div><figure class='av-inner-masonry main_color'><div class=\"av-masonry-outerimage-container\"><div class='av-masonry-image-container' style=\"background-image: url(https:\/\/greencleangroup.es\/wp-content\/uploads\/2023\/01\/Strak-veranda-reinigen-1-na.jpeg);\"  title=\"Strak veranda reinigen 1 na\" ><\/div><\/div><\/figure><\/a><!--end av-masonry entry--><a href=\"https:\/\/greencleangroup.es\/wp-content\/uploads\/2023\/01\/Strak-hek-reinigen-1-voor.png\" data-srcset=\"https:\/\/greencleangroup.es\/wp-content\/uploads\/2023\/01\/Strak-hek-reinigen-1-voor.png 750w, https:\/\/greencleangroup.es\/wp-content\/uploads\/2023\/01\/Strak-hek-reinigen-1-voor-300x220.png 300w, https:\/\/greencleangroup.es\/wp-content\/uploads\/2023\/01\/Strak-hek-reinigen-1-voor-705x518.png 705w\" data-sizes=\"(max-width: 750px) 100vw, 750px\"  aria-label=\"Bild Strak hek reinigen 1 voor\"  id='av-masonry-1-item-905' data-av-masonry-item='905' class='av-masonry-entry isotope-item post-905 attachment type-attachment status-inherit hentry  av-masonry-item-with-image' title=\"Strak hek reinigen 1 voor\" alt=\"\"    itemprop=\"thumbnailUrl\" ><div class='av-inner-masonry-sizer'><\/div><figure class='av-inner-masonry main_color'><div class=\"av-masonry-outerimage-container\"><div class='av-masonry-image-container' style=\"background-image: url(https:\/\/greencleangroup.es\/wp-content\/uploads\/2023\/01\/Strak-hek-reinigen-1-voor-705x518.png);\"  title=\"Strak hek reinigen 1 voor\" ><\/div><\/div><\/figure><\/a><!--end av-masonry entry--><a href=\"https:\/\/greencleangroup.es\/wp-content\/uploads\/2023\/01\/Strak-hek-reinigen-1-na.png\" data-srcset=\"https:\/\/greencleangroup.es\/wp-content\/uploads\/2023\/01\/Strak-hek-reinigen-1-na.png 750w, https:\/\/greencleangroup.es\/wp-content\/uploads\/2023\/01\/Strak-hek-reinigen-1-na-300x222.png 300w, https:\/\/greencleangroup.es\/wp-content\/uploads\/2023\/01\/Strak-hek-reinigen-1-na-705x523.png 705w\" data-sizes=\"(max-width: 750px) 100vw, 750px\"  aria-label=\"Bild Strak hek reinigen 1 na\"  id='av-masonry-1-item-902' data-av-masonry-item='902' class='av-masonry-entry isotope-item post-902 attachment type-attachment status-inherit hentry  av-masonry-item-with-image' title=\"Strak hek reinigen 1 na\" alt=\"\"    itemprop=\"thumbnailUrl\" ><div class='av-inner-masonry-sizer'><\/div><figure class='av-inner-masonry main_color'><div class=\"av-masonry-outerimage-container\"><div class='av-masonry-image-container' style=\"background-image: url(https:\/\/greencleangroup.es\/wp-content\/uploads\/2023\/01\/Strak-hek-reinigen-1-na-705x523.png);\"  title=\"Strak hek reinigen 1 na\" ><\/div><\/div><\/figure><\/a><!--end av-masonry entry--><a href=\"https:\/\/greencleangroup.es\/wp-content\/uploads\/2023\/01\/Strak-terras-reinigen-1-voor-773x1030.jpg\" data-srcset=\"https:\/\/greencleangroup.es\/wp-content\/uploads\/2023\/01\/Strak-terras-reinigen-1-voor-773x1030.jpg 773w, https:\/\/greencleangroup.es\/wp-content\/uploads\/2023\/01\/Strak-terras-reinigen-1-voor-225x300.jpg 225w, https:\/\/greencleangroup.es\/wp-content\/uploads\/2023\/01\/Strak-terras-reinigen-1-voor-768x1024.jpg 768w, https:\/\/greencleangroup.es\/wp-content\/uploads\/2023\/01\/Strak-terras-reinigen-1-voor-1152x1536.jpg 1152w, https:\/\/greencleangroup.es\/wp-content\/uploads\/2023\/01\/Strak-terras-reinigen-1-voor-1125x1500.jpg 1125w, https:\/\/greencleangroup.es\/wp-content\/uploads\/2023\/01\/Strak-terras-reinigen-1-voor-529x705.jpg 529w, https:\/\/greencleangroup.es\/wp-content\/uploads\/2023\/01\/Strak-terras-reinigen-1-voor.jpg 1536w\" data-sizes=\"(max-width: 773px) 100vw, 773px\"  aria-label=\"Bild Strak terras reinigen 1 voor\"  id='av-masonry-1-item-911' data-av-masonry-item='911' class='av-masonry-entry isotope-item post-911 attachment type-attachment status-inherit hentry  av-masonry-item-with-image' title=\"Strak terras reinigen 1 voor\" alt=\"\"    itemprop=\"thumbnailUrl\" ><div class='av-inner-masonry-sizer'><\/div><figure class='av-inner-masonry main_color'><div class=\"av-masonry-outerimage-container\"><div class='av-masonry-image-container' style=\"background-image: url(https:\/\/greencleangroup.es\/wp-content\/uploads\/2023\/01\/Strak-terras-reinigen-1-voor-529x705.jpg);\"  title=\"Strak terras reinigen 1 voor\" ><\/div><\/div><\/figure><\/a><!--end av-masonry entry--><a href=\"https:\/\/greencleangroup.es\/wp-content\/uploads\/2023\/01\/Strak-terras-reinigen-1-na-773x1030.jpg\" data-srcset=\"https:\/\/greencleangroup.es\/wp-content\/uploads\/2023\/01\/Strak-terras-reinigen-1-na-773x1030.jpg 773w, https:\/\/greencleangroup.es\/wp-content\/uploads\/2023\/01\/Strak-terras-reinigen-1-na-225x300.jpg 225w, https:\/\/greencleangroup.es\/wp-content\/uploads\/2023\/01\/Strak-terras-reinigen-1-na-768x1024.jpg 768w, https:\/\/greencleangroup.es\/wp-content\/uploads\/2023\/01\/Strak-terras-reinigen-1-na-1152x1536.jpg 1152w, https:\/\/greencleangroup.es\/wp-content\/uploads\/2023\/01\/Strak-terras-reinigen-1-na-1125x1500.jpg 1125w, https:\/\/greencleangroup.es\/wp-content\/uploads\/2023\/01\/Strak-terras-reinigen-1-na-529x705.jpg 529w, https:\/\/greencleangroup.es\/wp-content\/uploads\/2023\/01\/Strak-terras-reinigen-1-na.jpg 1536w\" data-sizes=\"(max-width: 773px) 100vw, 773px\"  aria-label=\"Bild Strak terras reinigen 1 na\"  id='av-masonry-1-item-908' data-av-masonry-item='908' class='av-masonry-entry isotope-item post-908 attachment type-attachment status-inherit hentry  av-masonry-item-with-image' title=\"Strak terras reinigen 1 na\" alt=\"\"    itemprop=\"thumbnailUrl\" ><div class='av-inner-masonry-sizer'><\/div><figure class='av-inner-masonry main_color'><div class=\"av-masonry-outerimage-container\"><div class='av-masonry-image-container' style=\"background-image: url(https:\/\/greencleangroup.es\/wp-content\/uploads\/2023\/01\/Strak-terras-reinigen-1-na-529x705.jpg);\"  title=\"Strak terras reinigen 1 na\" ><\/div><\/div><\/figure><\/a><!--end av-masonry entry--><a href=\"https:\/\/greencleangroup.es\/wp-content\/uploads\/2023\/01\/Strak-straat-reinigen-1-voor-en-na.jpeg\" data-srcset=\"https:\/\/greencleangroup.es\/wp-content\/uploads\/2023\/01\/Strak-straat-reinigen-1-voor-en-na.jpeg 650w, https:\/\/greencleangroup.es\/wp-content\/uploads\/2023\/01\/Strak-straat-reinigen-1-voor-en-na-300x225.jpeg 300w\" data-sizes=\"(max-width: 650px) 100vw, 650px\"  aria-label=\"Bild Strak straat reinigen 1 voor en na\"  id='av-masonry-1-item-860' data-av-masonry-item='860' class='av-masonry-entry isotope-item post-860 attachment type-attachment status-inherit hentry  av-masonry-item-with-image' title=\"Strak straat reinigen 1 voor en na\" alt=\"\"    itemprop=\"thumbnailUrl\" ><div class='av-inner-masonry-sizer'><\/div><figure class='av-inner-masonry main_color'><div class=\"av-masonry-outerimage-container\"><div class='av-masonry-image-container' style=\"background-image: url(https:\/\/greencleangroup.es\/wp-content\/uploads\/2023\/01\/Strak-straat-reinigen-1-voor-en-na.jpeg);\"  title=\"Strak straat reinigen 1 voor en na\" ><\/div><\/div><\/figure><\/a><!--end av-masonry entry--><\/div><\/div><\/div><\/p>\n","protected":false},"excerpt":{"rendered":"","protected":false},"author":2,"featured_media":0,"parent":1448,"menu_order":0,"comment_status":"closed","ping_status":"closed","template":"","meta":{"_joinchat":[],"footnotes":""},"class_list":["post-1502","page","type-page","status-publish","hentry"],"yoast_head":"<!-- This site is optimized with the Yoast SEO plugin v27.2 - https:\/\/yoast.com\/product\/yoast-seo-wordpress\/ -->\n<title>Reinigung von Z\u00e4unen, Terrassen usw. - Green Clean Group<\/title>\n<meta name=\"robots\" content=\"index, follow, max-snippet:-1, max-image-preview:large, max-video-preview:-1\" \/>\n<link rel=\"canonical\" href=\"https:\/\/greencleangroup.es\/de\/softwash\/reinigung-von-zaeunen-terrassen-usw\/\" \/>\n<meta property=\"og:locale\" content=\"de_DE\" \/>\n<meta property=\"og:type\" content=\"article\" \/>\n<meta property=\"og:title\" content=\"Reinigung von Z\u00e4unen, Terrassen usw. - Green Clean Group\" \/>\n<meta property=\"og:url\" content=\"https:\/\/greencleangroup.es\/de\/softwash\/reinigung-von-zaeunen-terrassen-usw\/\" \/>\n<meta property=\"og:site_name\" content=\"Green Clean Group\" \/>\n<meta property=\"article:modified_time\" content=\"2023-07-14T20:58:59+00:00\" \/>\n<meta name=\"twitter:card\" content=\"summary_large_image\" \/>\n<meta name=\"twitter:label1\" content=\"Gesch\u00e4tzte Lesezeit\" \/>\n\t<meta name=\"twitter:data1\" content=\"3\u00a0Minuten\" \/>\n<script type=\"application\/ld+json\" class=\"yoast-schema-graph\">{\"@context\":\"https:\/\/schema.org\",\"@graph\":[{\"@type\":\"WebPage\",\"@id\":\"https:\/\/greencleangroup.es\/de\/softwash\/reinigung-von-zaeunen-terrassen-usw\/\",\"url\":\"https:\/\/greencleangroup.es\/de\/softwash\/reinigung-von-zaeunen-terrassen-usw\/\",\"name\":\"Reinigung von Z\u00e4unen, Terrassen usw. - Green Clean Group\",\"isPartOf\":{\"@id\":\"https:\/\/greencleangroup.es\/de\/#website\"},\"datePublished\":\"2023-01-26T08:18:36+00:00\",\"dateModified\":\"2023-07-14T20:58:59+00:00\",\"breadcrumb\":{\"@id\":\"https:\/\/greencleangroup.es\/de\/softwash\/reinigung-von-zaeunen-terrassen-usw\/#breadcrumb\"},\"inLanguage\":\"de\",\"potentialAction\":[{\"@type\":\"ReadAction\",\"target\":[\"https:\/\/greencleangroup.es\/de\/softwash\/reinigung-von-zaeunen-terrassen-usw\/\"]}]},{\"@type\":\"BreadcrumbList\",\"@id\":\"https:\/\/greencleangroup.es\/de\/softwash\/reinigung-von-zaeunen-terrassen-usw\/#breadcrumb\",\"itemListElement\":[{\"@type\":\"ListItem\",\"position\":1,\"name\":\"Home\",\"item\":\"https:\/\/greencleangroup.es\/de\/home\/\"},{\"@type\":\"ListItem\",\"position\":2,\"name\":\"Softwash\",\"item\":\"https:\/\/greencleangroup.es\/de\/softwash\/\"},{\"@type\":\"ListItem\",\"position\":3,\"name\":\"Reinigung von Z\u00e4unen, Terrassen usw.\"}]},{\"@type\":\"WebSite\",\"@id\":\"https:\/\/greencleangroup.es\/de\/#website\",\"url\":\"https:\/\/greencleangroup.es\/de\/\",\"name\":\"Green Clean Group\",\"description\":\"Allround exterior cleaning\",\"potentialAction\":[{\"@type\":\"SearchAction\",\"target\":{\"@type\":\"EntryPoint\",\"urlTemplate\":\"https:\/\/greencleangroup.es\/de\/?s={search_term_string}\"},\"query-input\":{\"@type\":\"PropertyValueSpecification\",\"valueRequired\":true,\"valueName\":\"search_term_string\"}}],\"inLanguage\":\"de\"}]}<\/script>\n<!-- \/ Yoast SEO plugin. -->","yoast_head_json":{"title":"Reinigung von Z\u00e4unen, Terrassen usw. - Green Clean Group","robots":{"index":"index","follow":"follow","max-snippet":"max-snippet:-1","max-image-preview":"max-image-preview:large","max-video-preview":"max-video-preview:-1"},"canonical":"https:\/\/greencleangroup.es\/de\/softwash\/reinigung-von-zaeunen-terrassen-usw\/","og_locale":"de_DE","og_type":"article","og_title":"Reinigung von Z\u00e4unen, Terrassen usw. - Green Clean Group","og_url":"https:\/\/greencleangroup.es\/de\/softwash\/reinigung-von-zaeunen-terrassen-usw\/","og_site_name":"Green Clean Group","article_modified_time":"2023-07-14T20:58:59+00:00","twitter_card":"summary_large_image","twitter_misc":{"Gesch\u00e4tzte Lesezeit":"3\u00a0Minuten"},"schema":{"@context":"https:\/\/schema.org","@graph":[{"@type":"WebPage","@id":"https:\/\/greencleangroup.es\/de\/softwash\/reinigung-von-zaeunen-terrassen-usw\/","url":"https:\/\/greencleangroup.es\/de\/softwash\/reinigung-von-zaeunen-terrassen-usw\/","name":"Reinigung von Z\u00e4unen, Terrassen usw. - Green Clean Group","isPartOf":{"@id":"https:\/\/greencleangroup.es\/de\/#website"},"datePublished":"2023-01-26T08:18:36+00:00","dateModified":"2023-07-14T20:58:59+00:00","breadcrumb":{"@id":"https:\/\/greencleangroup.es\/de\/softwash\/reinigung-von-zaeunen-terrassen-usw\/#breadcrumb"},"inLanguage":"de","potentialAction":[{"@type":"ReadAction","target":["https:\/\/greencleangroup.es\/de\/softwash\/reinigung-von-zaeunen-terrassen-usw\/"]}]},{"@type":"BreadcrumbList","@id":"https:\/\/greencleangroup.es\/de\/softwash\/reinigung-von-zaeunen-terrassen-usw\/#breadcrumb","itemListElement":[{"@type":"ListItem","position":1,"name":"Home","item":"https:\/\/greencleangroup.es\/de\/home\/"},{"@type":"ListItem","position":2,"name":"Softwash","item":"https:\/\/greencleangroup.es\/de\/softwash\/"},{"@type":"ListItem","position":3,"name":"Reinigung von Z\u00e4unen, Terrassen usw."}]},{"@type":"WebSite","@id":"https:\/\/greencleangroup.es\/de\/#website","url":"https:\/\/greencleangroup.es\/de\/","name":"Green Clean Group","description":"Allround exterior cleaning","potentialAction":[{"@type":"SearchAction","target":{"@type":"EntryPoint","urlTemplate":"https:\/\/greencleangroup.es\/de\/?s={search_term_string}"},"query-input":{"@type":"PropertyValueSpecification","valueRequired":true,"valueName":"search_term_string"}}],"inLanguage":"de"}]}},"_links":{"self":[{"href":"https:\/\/greencleangroup.es\/de\/wp-json\/wp\/v2\/pages\/1502","targetHints":{"allow":["GET"]}}],"collection":[{"href":"https:\/\/greencleangroup.es\/de\/wp-json\/wp\/v2\/pages"}],"about":[{"href":"https:\/\/greencleangroup.es\/de\/wp-json\/wp\/v2\/types\/page"}],"author":[{"embeddable":true,"href":"https:\/\/greencleangroup.es\/de\/wp-json\/wp\/v2\/users\/2"}],"replies":[{"embeddable":true,"href":"https:\/\/greencleangroup.es\/de\/wp-json\/wp\/v2\/comments?post=1502"}],"version-history":[{"count":2,"href":"https:\/\/greencleangroup.es\/de\/wp-json\/wp\/v2\/pages\/1502\/revisions"}],"predecessor-version":[{"id":1585,"href":"https:\/\/greencleangroup.es\/de\/wp-json\/wp\/v2\/pages\/1502\/revisions\/1585"}],"up":[{"embeddable":true,"href":"https:\/\/greencleangroup.es\/de\/wp-json\/wp\/v2\/pages\/1448"}],"wp:attachment":[{"href":"https:\/\/greencleangroup.es\/de\/wp-json\/wp\/v2\/media?parent=1502"}],"curies":[{"name":"wp","href":"https:\/\/api.w.org\/{rel}","templated":true}]}}