{"id":1367,"date":"2023-01-26T08:08:22","date_gmt":"2023-01-26T08:08:22","guid":{"rendered":"https:\/\/greencleangroup.es\/glasbewassing\/"},"modified":"2023-07-15T17:33:36","modified_gmt":"2023-07-15T17:33:36","slug":"limpieza-de-cristales","status":"publish","type":"page","link":"https:\/\/greencleangroup.es\/es\/diensten\/limpieza-de-cristales\/","title":{"rendered":"Limpieza de Cristales"},"content":{"rendered":"<div  class='flex_column av-osh1-a937a6d8dcc77c36fc8514388391b9ae av_one_full  avia-builder-el-0  el_before_av_one_full  avia-builder-el-first  first flex_column_div  '     ><section  class='av_textblock_section av-ldctcum5-a421911ccc26baf70b950298c914ebdd '   itemscope=\"itemscope\" itemtype=\"https:\/\/schema.org\/CreativeWork\" ><div class='avia_textblock'  itemprop=\"text\" ><div class=\"elementor-element elementor-element-36d489a jltma-glass-effect-no elementor-widget elementor-widget-heading\" data-id=\"36d489a\" data-element_type=\"widget\" data-widget_type=\"heading.default\">\n<div class=\"elementor-widget-container\">\n<h2 class=\"elementor-heading-title elementor-size-default\">LIMPIEZA PROFESIONAL DE CRISTALES EN LA COSTA BLANCA<\/h2>\n<\/div>\n<\/div>\n<div class=\"elementor-element elementor-element-dd738ea jltma-glass-effect-no elementor-widget elementor-widget-text-editor\" data-id=\"dd738ea\" data-element_type=\"widget\" data-widget_type=\"text-editor.default\">\n<div class=\"elementor-widget-container\">\n<p>La limpieza de cristales es importante para mantener limpias las ventanas. Las ventanas pueden ensuciarse debido a diversas influencias. Piense en las tormentas, la contaminaci\u00f3n atmosf\u00e9rica, los insectos y otras cosas que afectan a las ventanas y los marcos. La limpieza peri\u00f3dica de ventanas garantiza que conserven su brillo durante m\u00e1s tiempo, pero tambi\u00e9n que los marcos de las ventanas tengan una vida \u00fatil m\u00e1s larga.<\/p>\n<h3>Limpieza de cristales por Green Clean Group<\/h3>\n<p>Green Clean Group se encarga de que sus ventanas se mantengan en las mejores condiciones. Limpiamos todo tipo de ventanas, vidrio, plexi, construcciones especiales de vidrio y tambi\u00e9n todo tipo de marcos, como PVC, aluminio, madera y otros tipos de marco que limpiamos a fondo para usted. Green Clean Group limpia sus cristales, los marcos, los alf\u00e9izares de las ventanas, la puerta de entrada y la verja.<\/p>\n<h3>Green Clean Group est\u00e1 aqu\u00ed para la limpieza completa de sus cristales<\/h3>\n<p>Podemos realizar la limpieza de cristales en las condiciones m\u00e1s dif\u00edciles, en los lugares m\u00e1s dif\u00edciles. Deje que Green Clean Group se encargue de la limpieza de sus ventanas y podr\u00e1 estar seguro de contar con un limpiador de cristales profesional que presta atenci\u00f3n a la seguridad, tiene buen ojo para los detalles y protege los marcos de las fachadas mientras realiza la limpieza de las ventanas. En Green Clean Group valoramos el respeto al medio ambiente, por lo que s\u00f3lo utilizamos productos biodegradables.<\/p>\n<h3>Tambi\u00e9n limpieza de cristales a gran altitud<\/h3>\n<p>Para los trabajos a gran altura, utilizamos plataformas a\u00e9reas y lavado telesc\u00f3pico con sistema de \u00f3smosis o una alternativa, como el agua de lluvia. De hecho, el agua de lluvia tambi\u00e9n es agua de \u00f3smosis.<\/p>\n<h3>Cont\u00e1ctenos<\/h3>\n<p>\u00bfLe gustar\u00eda saber m\u00e1s sobre las posibilidades de la limpieza de cristales, tanto para viviendas particulares como para locales de oficinas? Entonces p\u00f3ngase en contacto con Green Clean Group para <a href=\"https:\/\/greencleangroup.es\/es\/contact\/\">concertar<\/a> una cita o solicitar un <a href=\"https:\/\/greencleangroup.es\/es\/presupuesto\/\">presupuesto<\/a>.<\/p>\n<\/div>\n<\/div>\n<\/div><\/section><\/div><div  class='flex_column av-1574x-519bf974633ad736b4e948f0a61899ad av_one_full  avia-builder-el-2  el_after_av_one_full  avia-builder-el-last  first flex_column_div  column-top-margin'     ><div id='av-masonry-1' class='av-masonry av-ldg1lh6v-5b2b60067e33bf3162706bf0e4e3b321 noHover av-fixed-size av-no-gap av-hover-overlay-active av-masonry-animation-active av-masonry-col-flexible av-caption-always av-caption-style- av-masonry-gallery av-orientation-square ' data-post_id=\"1367\"><div class=\"av-masonry-container isotope av-js-disabled\"><div class='av-masonry-entry isotope-item av-masonry-item-no-image '><\/div><a href=\"https:\/\/greencleangroup.es\/wp-content\/uploads\/2023\/06\/Green-Clean-Group-Window-cleaning-2-1030x687.jpg\" data-srcset=\"https:\/\/greencleangroup.es\/wp-content\/uploads\/2023\/06\/Green-Clean-Group-Window-cleaning-2-1030x687.jpg 1030w, https:\/\/greencleangroup.es\/wp-content\/uploads\/2023\/06\/Green-Clean-Group-Window-cleaning-2-300x200.jpg 300w, https:\/\/greencleangroup.es\/wp-content\/uploads\/2023\/06\/Green-Clean-Group-Window-cleaning-2-768x512.jpg 768w, https:\/\/greencleangroup.es\/wp-content\/uploads\/2023\/06\/Green-Clean-Group-Window-cleaning-2-1536x1024.jpg 1536w, https:\/\/greencleangroup.es\/wp-content\/uploads\/2023\/06\/Green-Clean-Group-Window-cleaning-2-2048x1365.jpg 2048w, https:\/\/greencleangroup.es\/wp-content\/uploads\/2023\/06\/Green-Clean-Group-Window-cleaning-2-1500x1000.jpg 1500w, https:\/\/greencleangroup.es\/wp-content\/uploads\/2023\/06\/Green-Clean-Group-Window-cleaning-2-705x470.jpg 705w\" data-sizes=\"(max-width: 1030px) 100vw, 1030px\"  aria-label=\"image Green Clean Group &#8211; Window cleaning 2\"  id='av-masonry-1-item-984' data-av-masonry-item='984' class='av-masonry-entry isotope-item post-984 attachment type-attachment status-inherit hentry  av-masonry-item-with-image' title=\"Green Clean Group &#8211; Window cleaning 2\" alt=\"Green Clean Group - Window cleaning 2\"    itemprop=\"thumbnailUrl\" ><div class='av-inner-masonry-sizer'><\/div><figure class='av-inner-masonry main_color'><div class=\"av-masonry-outerimage-container\"><div class='av-masonry-image-container' style=\"background-image: url(https:\/\/greencleangroup.es\/wp-content\/uploads\/2023\/06\/Green-Clean-Group-Window-cleaning-2-705x470.jpg);\"  title=\"Green Clean Group &#8211; Window cleaning 2\" ><\/div><\/div><\/figure><\/a><!--end av-masonry entry--><a href=\"https:\/\/greencleangroup.es\/wp-content\/uploads\/2023\/01\/Strak-glasbewassing-2-telescoopsteel.jpg\" data-srcset=\"https:\/\/greencleangroup.es\/wp-content\/uploads\/2023\/01\/Strak-glasbewassing-2-telescoopsteel.jpg 510w, https:\/\/greencleangroup.es\/wp-content\/uploads\/2023\/01\/Strak-glasbewassing-2-telescoopsteel-300x294.jpg 300w, https:\/\/greencleangroup.es\/wp-content\/uploads\/2023\/01\/Strak-glasbewassing-2-telescoopsteel-36x36.jpg 36w\" data-sizes=\"(max-width: 510px) 100vw, 510px\"  aria-label=\"image Strak glasbewassing 2 telescoopsteel\"  id='av-masonry-1-item-840' data-av-masonry-item='840' class='av-masonry-entry isotope-item post-840 attachment type-attachment status-inherit hentry  av-masonry-item-with-image' title=\"Strak glasbewassing 2 telescoopsteel\" alt=\"\"    itemprop=\"thumbnailUrl\" ><div class='av-inner-masonry-sizer'><\/div><figure class='av-inner-masonry main_color'><div class=\"av-masonry-outerimage-container\"><div class='av-masonry-image-container' style=\"background-image: url(https:\/\/greencleangroup.es\/wp-content\/uploads\/2023\/01\/Strak-glasbewassing-2-telescoopsteel.jpg);\"  title=\"Strak glasbewassing 2 telescoopsteel\" ><\/div><\/div><\/figure><\/a><!--end av-masonry entry--><a href=\"https:\/\/greencleangroup.es\/wp-content\/uploads\/2023\/06\/Green-Clean-Group-personal-on-ladder-687x1030.jpg\" data-srcset=\"https:\/\/greencleangroup.es\/wp-content\/uploads\/2023\/06\/Green-Clean-Group-personal-on-ladder-687x1030.jpg 687w, https:\/\/greencleangroup.es\/wp-content\/uploads\/2023\/06\/Green-Clean-Group-personal-on-ladder-200x300.jpg 200w, https:\/\/greencleangroup.es\/wp-content\/uploads\/2023\/06\/Green-Clean-Group-personal-on-ladder-768x1152.jpg 768w, https:\/\/greencleangroup.es\/wp-content\/uploads\/2023\/06\/Green-Clean-Group-personal-on-ladder-1024x1536.jpg 1024w, https:\/\/greencleangroup.es\/wp-content\/uploads\/2023\/06\/Green-Clean-Group-personal-on-ladder-1365x2048.jpg 1365w, https:\/\/greencleangroup.es\/wp-content\/uploads\/2023\/06\/Green-Clean-Group-personal-on-ladder-1000x1500.jpg 1000w, https:\/\/greencleangroup.es\/wp-content\/uploads\/2023\/06\/Green-Clean-Group-personal-on-ladder-470x705.jpg 470w, https:\/\/greencleangroup.es\/wp-content\/uploads\/2023\/06\/Green-Clean-Group-personal-on-ladder-rotated.jpg 1600w\" data-sizes=\"(max-width: 687px) 100vw, 687px\"  aria-label=\"image Green Clean Group personal on ladder\"  id='av-masonry-1-item-992' data-av-masonry-item='992' class='av-masonry-entry isotope-item post-992 attachment type-attachment status-inherit hentry  av-masonry-item-with-image' title=\"Green Clean Group personal on ladder\" alt=\"Green Clean Group personal on ladder\"    itemprop=\"thumbnailUrl\" ><div class='av-inner-masonry-sizer'><\/div><figure class='av-inner-masonry main_color'><div class=\"av-masonry-outerimage-container\"><div class='av-masonry-image-container' style=\"background-image: url(https:\/\/greencleangroup.es\/wp-content\/uploads\/2023\/06\/Green-Clean-Group-personal-on-ladder-470x705.jpg);\"  title=\"Green Clean Group personal on ladder\" ><\/div><\/div><\/figure><\/a><!--end av-masonry entry--><a href=\"https:\/\/greencleangroup.es\/wp-content\/uploads\/2023\/01\/Strak-glasbewassing-1.jpeg\" data-srcset=\"https:\/\/greencleangroup.es\/wp-content\/uploads\/2023\/01\/Strak-glasbewassing-1.jpeg 391w, https:\/\/greencleangroup.es\/wp-content\/uploads\/2023\/01\/Strak-glasbewassing-1-300x253.jpeg 300w\" data-sizes=\"(max-width: 391px) 100vw, 391px\"  aria-label=\"image Strak glasbewassing 1\"  id='av-masonry-1-item-837' data-av-masonry-item='837' class='av-masonry-entry isotope-item post-837 attachment type-attachment status-inherit hentry  av-masonry-item-with-image' title=\"Strak glasbewassing 1\" alt=\"\"    itemprop=\"thumbnailUrl\" ><div class='av-inner-masonry-sizer'><\/div><figure class='av-inner-masonry main_color'><div class=\"av-masonry-outerimage-container\"><div class='av-masonry-image-container' style=\"background-image: url(https:\/\/greencleangroup.es\/wp-content\/uploads\/2023\/01\/Strak-glasbewassing-1.jpeg);\"  title=\"Strak glasbewassing 1\" ><\/div><\/div><\/figure><\/a><!--end av-masonry entry--><a href=\"https:\/\/greencleangroup.es\/wp-content\/uploads\/2023\/01\/Strak-veranda-reinigen-1-na.jpeg\" data-srcset=\"https:\/\/greencleangroup.es\/wp-content\/uploads\/2023\/01\/Strak-veranda-reinigen-1-na.jpeg 391w, https:\/\/greencleangroup.es\/wp-content\/uploads\/2023\/01\/Strak-veranda-reinigen-1-na-300x253.jpeg 300w\" data-sizes=\"(max-width: 391px) 100vw, 391px\"  aria-label=\"image Strak veranda reinigen 1 na\"  id='av-masonry-1-item-864' data-av-masonry-item='864' class='av-masonry-entry isotope-item post-864 attachment type-attachment status-inherit hentry  av-masonry-item-with-image' title=\"Strak veranda reinigen 1 na\" alt=\"\"    itemprop=\"thumbnailUrl\" ><div class='av-inner-masonry-sizer'><\/div><figure class='av-inner-masonry main_color'><div class=\"av-masonry-outerimage-container\"><div class='av-masonry-image-container' style=\"background-image: url(https:\/\/greencleangroup.es\/wp-content\/uploads\/2023\/01\/Strak-veranda-reinigen-1-na.jpeg);\"  title=\"Strak veranda reinigen 1 na\" ><\/div><\/div><\/figure><\/a><!--end av-masonry entry--><a href=\"https:\/\/greencleangroup.es\/wp-content\/uploads\/2023\/06\/Green-Clean-Group-Allround-exterior-cleaning-window-cleaning-687x1030.jpg\" data-srcset=\"https:\/\/greencleangroup.es\/wp-content\/uploads\/2023\/06\/Green-Clean-Group-Allround-exterior-cleaning-window-cleaning-687x1030.jpg 687w, https:\/\/greencleangroup.es\/wp-content\/uploads\/2023\/06\/Green-Clean-Group-Allround-exterior-cleaning-window-cleaning-200x300.jpg 200w, https:\/\/greencleangroup.es\/wp-content\/uploads\/2023\/06\/Green-Clean-Group-Allround-exterior-cleaning-window-cleaning-768x1152.jpg 768w, https:\/\/greencleangroup.es\/wp-content\/uploads\/2023\/06\/Green-Clean-Group-Allround-exterior-cleaning-window-cleaning-1024x1536.jpg 1024w, https:\/\/greencleangroup.es\/wp-content\/uploads\/2023\/06\/Green-Clean-Group-Allround-exterior-cleaning-window-cleaning-1365x2048.jpg 1365w, https:\/\/greencleangroup.es\/wp-content\/uploads\/2023\/06\/Green-Clean-Group-Allround-exterior-cleaning-window-cleaning-1000x1500.jpg 1000w, https:\/\/greencleangroup.es\/wp-content\/uploads\/2023\/06\/Green-Clean-Group-Allround-exterior-cleaning-window-cleaning-470x705.jpg 470w, https:\/\/greencleangroup.es\/wp-content\/uploads\/2023\/06\/Green-Clean-Group-Allround-exterior-cleaning-window-cleaning-rotated.jpg 1600w\" data-sizes=\"(max-width: 687px) 100vw, 687px\"  aria-label=\"image Green Clean Group &#8211; Allround exterior cleaning &#8211; window cleaning\"  id='av-masonry-1-item-976' data-av-masonry-item='976' class='av-masonry-entry isotope-item post-976 attachment type-attachment status-inherit hentry  av-masonry-item-with-image' title=\"Green Clean Group &#8211; Allround exterior cleaning &#8211; window cleaning\" alt=\"Green Clean Group - Allround exterior cleaning - window cleaning\"    itemprop=\"thumbnailUrl\" ><div class='av-inner-masonry-sizer'><\/div><figure class='av-inner-masonry main_color'><div class=\"av-masonry-outerimage-container\"><div class='av-masonry-image-container' style=\"background-image: url(https:\/\/greencleangroup.es\/wp-content\/uploads\/2023\/06\/Green-Clean-Group-Allround-exterior-cleaning-window-cleaning-470x705.jpg);\"  title=\"Green Clean Group &#8211; Allround exterior cleaning &#8211; window cleaning\" ><\/div><\/div><\/figure><\/a><!--end av-masonry entry--><\/div><\/div><\/div><\/p>\n","protected":false},"excerpt":{"rendered":"","protected":false},"author":2,"featured_media":0,"parent":1377,"menu_order":0,"comment_status":"closed","ping_status":"closed","template":"","meta":{"_joinchat":[],"footnotes":""},"class_list":["post-1367","page","type-page","status-publish","hentry"],"yoast_head":"<!-- This site is optimized with the Yoast SEO plugin v27.2 - https:\/\/yoast.com\/product\/yoast-seo-wordpress\/ -->\n<title>Limpieza de Cristales - Green Clean Group<\/title>\n<meta name=\"robots\" content=\"index, follow, max-snippet:-1, max-image-preview:large, max-video-preview:-1\" \/>\n<link rel=\"canonical\" href=\"https:\/\/greencleangroup.es\/es\/diensten\/limpieza-de-cristales\/\" \/>\n<meta property=\"og:locale\" content=\"es_ES\" \/>\n<meta property=\"og:type\" content=\"article\" \/>\n<meta property=\"og:title\" content=\"Limpieza de Cristales - Green Clean Group\" \/>\n<meta property=\"og:url\" content=\"https:\/\/greencleangroup.es\/es\/diensten\/limpieza-de-cristales\/\" \/>\n<meta property=\"og:site_name\" content=\"Green Clean Group\" \/>\n<meta property=\"article:modified_time\" content=\"2023-07-15T17:33:36+00:00\" \/>\n<meta name=\"twitter:card\" content=\"summary_large_image\" \/>\n<meta name=\"twitter:label1\" content=\"Tiempo de lectura\" \/>\n\t<meta name=\"twitter:data1\" content=\"4 minutos\" \/>\n<script type=\"application\/ld+json\" class=\"yoast-schema-graph\">{\"@context\":\"https:\/\/schema.org\",\"@graph\":[{\"@type\":\"WebPage\",\"@id\":\"https:\/\/greencleangroup.es\/es\/diensten\/limpieza-de-cristales\/\",\"url\":\"https:\/\/greencleangroup.es\/es\/diensten\/limpieza-de-cristales\/\",\"name\":\"Limpieza de Cristales - Green Clean Group\",\"isPartOf\":{\"@id\":\"https:\/\/greencleangroup.es\/es\/#website\"},\"datePublished\":\"2023-01-26T08:08:22+00:00\",\"dateModified\":\"2023-07-15T17:33:36+00:00\",\"breadcrumb\":{\"@id\":\"https:\/\/greencleangroup.es\/es\/diensten\/limpieza-de-cristales\/#breadcrumb\"},\"inLanguage\":\"es\",\"potentialAction\":[{\"@type\":\"ReadAction\",\"target\":[\"https:\/\/greencleangroup.es\/es\/diensten\/limpieza-de-cristales\/\"]}]},{\"@type\":\"BreadcrumbList\",\"@id\":\"https:\/\/greencleangroup.es\/es\/diensten\/limpieza-de-cristales\/#breadcrumb\",\"itemListElement\":[{\"@type\":\"ListItem\",\"position\":1,\"name\":\"Home\",\"item\":\"https:\/\/greencleangroup.es\/es\/\"},{\"@type\":\"ListItem\",\"position\":2,\"name\":\"Servicios\",\"item\":\"https:\/\/greencleangroup.es\/es\/diensten\/\"},{\"@type\":\"ListItem\",\"position\":3,\"name\":\"Limpieza de Cristales\"}]},{\"@type\":\"WebSite\",\"@id\":\"https:\/\/greencleangroup.es\/es\/#website\",\"url\":\"https:\/\/greencleangroup.es\/es\/\",\"name\":\"Green Clean Group\",\"description\":\"Allround exterior cleaning\",\"potentialAction\":[{\"@type\":\"SearchAction\",\"target\":{\"@type\":\"EntryPoint\",\"urlTemplate\":\"https:\/\/greencleangroup.es\/es\/?s={search_term_string}\"},\"query-input\":{\"@type\":\"PropertyValueSpecification\",\"valueRequired\":true,\"valueName\":\"search_term_string\"}}],\"inLanguage\":\"es\"}]}<\/script>\n<!-- \/ Yoast SEO plugin. -->","yoast_head_json":{"title":"Limpieza de Cristales - Green Clean Group","robots":{"index":"index","follow":"follow","max-snippet":"max-snippet:-1","max-image-preview":"max-image-preview:large","max-video-preview":"max-video-preview:-1"},"canonical":"https:\/\/greencleangroup.es\/es\/diensten\/limpieza-de-cristales\/","og_locale":"es_ES","og_type":"article","og_title":"Limpieza de Cristales - Green Clean Group","og_url":"https:\/\/greencleangroup.es\/es\/diensten\/limpieza-de-cristales\/","og_site_name":"Green Clean Group","article_modified_time":"2023-07-15T17:33:36+00:00","twitter_card":"summary_large_image","twitter_misc":{"Tiempo de lectura":"4 minutos"},"schema":{"@context":"https:\/\/schema.org","@graph":[{"@type":"WebPage","@id":"https:\/\/greencleangroup.es\/es\/diensten\/limpieza-de-cristales\/","url":"https:\/\/greencleangroup.es\/es\/diensten\/limpieza-de-cristales\/","name":"Limpieza de Cristales - Green Clean Group","isPartOf":{"@id":"https:\/\/greencleangroup.es\/es\/#website"},"datePublished":"2023-01-26T08:08:22+00:00","dateModified":"2023-07-15T17:33:36+00:00","breadcrumb":{"@id":"https:\/\/greencleangroup.es\/es\/diensten\/limpieza-de-cristales\/#breadcrumb"},"inLanguage":"es","potentialAction":[{"@type":"ReadAction","target":["https:\/\/greencleangroup.es\/es\/diensten\/limpieza-de-cristales\/"]}]},{"@type":"BreadcrumbList","@id":"https:\/\/greencleangroup.es\/es\/diensten\/limpieza-de-cristales\/#breadcrumb","itemListElement":[{"@type":"ListItem","position":1,"name":"Home","item":"https:\/\/greencleangroup.es\/es\/"},{"@type":"ListItem","position":2,"name":"Servicios","item":"https:\/\/greencleangroup.es\/es\/diensten\/"},{"@type":"ListItem","position":3,"name":"Limpieza de Cristales"}]},{"@type":"WebSite","@id":"https:\/\/greencleangroup.es\/es\/#website","url":"https:\/\/greencleangroup.es\/es\/","name":"Green Clean Group","description":"Allround exterior cleaning","potentialAction":[{"@type":"SearchAction","target":{"@type":"EntryPoint","urlTemplate":"https:\/\/greencleangroup.es\/es\/?s={search_term_string}"},"query-input":{"@type":"PropertyValueSpecification","valueRequired":true,"valueName":"search_term_string"}}],"inLanguage":"es"}]}},"_links":{"self":[{"href":"https:\/\/greencleangroup.es\/es\/wp-json\/wp\/v2\/pages\/1367","targetHints":{"allow":["GET"]}}],"collection":[{"href":"https:\/\/greencleangroup.es\/es\/wp-json\/wp\/v2\/pages"}],"about":[{"href":"https:\/\/greencleangroup.es\/es\/wp-json\/wp\/v2\/types\/page"}],"author":[{"embeddable":true,"href":"https:\/\/greencleangroup.es\/es\/wp-json\/wp\/v2\/users\/2"}],"replies":[{"embeddable":true,"href":"https:\/\/greencleangroup.es\/es\/wp-json\/wp\/v2\/comments?post=1367"}],"version-history":[{"count":3,"href":"https:\/\/greencleangroup.es\/es\/wp-json\/wp\/v2\/pages\/1367\/revisions"}],"predecessor-version":[{"id":1594,"href":"https:\/\/greencleangroup.es\/es\/wp-json\/wp\/v2\/pages\/1367\/revisions\/1594"}],"up":[{"embeddable":true,"href":"https:\/\/greencleangroup.es\/es\/wp-json\/wp\/v2\/pages\/1377"}],"wp:attachment":[{"href":"https:\/\/greencleangroup.es\/es\/wp-json\/wp\/v2\/media?parent=1367"}],"curies":[{"name":"wp","href":"https:\/\/api.w.org\/{rel}","templated":true}]}}