{"id":1387,"date":"2023-01-26T08:20:51","date_gmt":"2023-01-26T08:20:51","guid":{"rendered":"https:\/\/greencleangroup.es\/diensten\/limpieza-de-cristales\/ontkalken\/"},"modified":"2023-07-14T20:21:52","modified_gmt":"2023-07-14T20:21:52","slug":"descalcificar","status":"publish","type":"page","link":"https:\/\/greencleangroup.es\/es\/diensten\/limpieza-de-cristales\/descalcificar\/","title":{"rendered":"Descalcificar"},"content":{"rendered":"<div  class='flex_column av-106oh-d90b6116c2d40667ce6ef7fd9d2e1475 av_one_full  avia-builder-el-0  el_before_av_one_full  avia-builder-el-first  first flex_column_div  '     ><section  class='av_textblock_section av-ldcts9yd-1270e5901b9b3fa09a5ab118a6d09145 '   itemscope=\"itemscope\" itemtype=\"https:\/\/schema.org\/CreativeWork\" ><div class='avia_textblock'  itemprop=\"text\" ><div class=\"elementor-element elementor-element-2f460eca jltma-glass-effect-no elementor-widget elementor-widget-heading\" data-id=\"2f460eca\" data-element_type=\"widget\" data-widget_type=\"heading.default\">\n<div class=\"elementor-widget-container\">\n<h2 class=\"elementor-heading-title elementor-size-default\">NO M\u00c1S CAL GRACIAS A NUESTRAS T\u00c9CNICAS DE DESCALCIFICACI\u00d3N EXPERTAS<\/h2>\n<\/div>\n<\/div>\n<div class=\"elementor-element elementor-element-619ee0b4 jltma-glass-effect-no elementor-widget elementor-widget-text-editor\" data-id=\"619ee0b4\" data-element_type=\"widget\" data-widget_type=\"text-editor.default\">\n<div class=\"elementor-widget-container\">\n<p>Green Clean Group utiliza las \u00faltimas t\u00e9cnicas y productos de pulido para liberar sus ventanas de ara\u00f1azos y cal u otro tipo de suciedad. El tratamiento es respetuoso con el medio ambiente y no afecta a la resistencia de sus ventanas. Despu\u00e9s de la desincrustaci\u00f3n, sus ventanas tendr\u00e1n un aspecto hermoso y claro. Antes, sus ventanas ten\u00edan que ser sustituidas despu\u00e9s de la cal o los ara\u00f1azos. Hoy en d\u00eda, esto ya no es as\u00ed. El m\u00e9todo de desincrustaci\u00f3n actual es mucho m\u00e1s econ\u00f3mico que sustituir las ventanas afectadas. Se puede aplicar a todas las ventanas de casa, verandas, escaparates, puertas y mucho m\u00e1s.<\/p>\n<h3>Causas de la escala de cal o de rayaduras<\/h3>\n<p>Las incrustaciones de cal o las rayaduras pueden producirse por varias razones. Por ejemplo<\/p>\n<ul>\n<li>Accidentes durante una nueva construcci\u00f3n o una renovaci\u00f3n<\/li>\n<li>Residuos de cemento o molienda<\/li>\n<li>Uso de \u00e1cidos o productos de limpieza incorrectos, como esponjas verdes<\/li>\n<li>Cal, lluvia \u00e1cida, dep\u00f3sitos de sal, gases de emisi\u00f3n.<\/li>\n<\/ul>\n<p>Afortunadamente, el equipo de Green Clean Group est\u00e1 preparado para ocuparse de la cal y conseguir que sus ventanas vuelvan a estar relucientes.<\/p>\n<h3>Cont\u00e1ctenos<\/h3>\n<p>Si desea m\u00e1s informaci\u00f3n, p\u00f3ngase en contacto con nosotros para comunicarnos sus necesidades. Estaremos encantados de explicarle nuestra forma de trabajar. Puede ponerse en contacto con nosotros tanto para trabajos grandes como peque\u00f1os y tanto a t\u00edtulo particular como para empresas.<\/p>\n<\/div>\n<\/div>\n<\/div><\/section><\/div><div  class='flex_column av-13fyp-2c7f67d1226e9bf85e32dd571cd3283d av_one_full  avia-builder-el-2  el_after_av_one_full  avia-builder-el-last  first flex_column_div  column-top-margin'     ><style type=\"text\/css\" data-created_by=\"avia_inline_auto\" id=\"style-css-av-ldg2akgn-1a2479a36df7c92f164045ed38d71042\">\n.avia-image-container.av-ldg2akgn-1a2479a36df7c92f164045ed38d71042 img.avia_image{\nbox-shadow:none;\n}\n.avia-image-container.av-ldg2akgn-1a2479a36df7c92f164045ed38d71042 .av-image-caption-overlay-center{\ncolor:#ffffff;\n}\n<\/style>\n<div  class='avia-image-container av-ldg2akgn-1a2479a36df7c92f164045ed38d71042 av-styling- avia_animated_image av-animated-when-visible-95 pop-up avia-align-center  avia-builder-el-3  avia-builder-el-no-sibling '   itemprop=\"image\" itemscope=\"itemscope\" itemtype=\"https:\/\/schema.org\/ImageObject\" ><div class=\"avia-image-container-inner\"><div class=\"avia-image-overlay-wrap\"><img decoding=\"async\" fetchpriority=\"high\" class='wp-image-846 avia-img-lazy-loading-not-846 avia_image ' src=\"https:\/\/greencleangroup.es\/wp-content\/uploads\/2023\/01\/Strak-ontkalking-voor-en-na.jpeg\" alt='' title='Strak ontkalking voor en na'  height=\"330\" width=\"391\"  itemprop=\"thumbnailUrl\" srcset=\"https:\/\/greencleangroup.es\/wp-content\/uploads\/2023\/01\/Strak-ontkalking-voor-en-na.jpeg 391w, https:\/\/greencleangroup.es\/wp-content\/uploads\/2023\/01\/Strak-ontkalking-voor-en-na-300x253.jpeg 300w\" sizes=\"(max-width: 391px) 100vw, 391px\" \/><\/div><\/div><\/div><\/div><\/p>\n","protected":false},"excerpt":{"rendered":"","protected":false},"author":2,"featured_media":0,"parent":1367,"menu_order":0,"comment_status":"closed","ping_status":"closed","template":"","meta":{"_joinchat":[],"footnotes":""},"class_list":["post-1387","page","type-page","status-publish","hentry"],"yoast_head":"<!-- This site is optimized with the Yoast SEO plugin v27.2 - https:\/\/yoast.com\/product\/yoast-seo-wordpress\/ -->\n<title>Descalcificar - Green Clean Group<\/title>\n<meta name=\"robots\" content=\"index, follow, max-snippet:-1, max-image-preview:large, max-video-preview:-1\" \/>\n<link rel=\"canonical\" href=\"https:\/\/greencleangroup.es\/es\/diensten\/limpieza-de-cristales\/descalcificar\/\" \/>\n<meta property=\"og:locale\" content=\"es_ES\" \/>\n<meta property=\"og:type\" content=\"article\" \/>\n<meta property=\"og:title\" content=\"Descalcificar - Green Clean Group\" \/>\n<meta property=\"og:url\" content=\"https:\/\/greencleangroup.es\/es\/diensten\/limpieza-de-cristales\/descalcificar\/\" \/>\n<meta property=\"og:site_name\" content=\"Green Clean Group\" \/>\n<meta property=\"article:modified_time\" content=\"2023-07-14T20:21:52+00:00\" \/>\n<meta name=\"twitter:card\" content=\"summary_large_image\" \/>\n<meta name=\"twitter:label1\" content=\"Tiempo de lectura\" \/>\n\t<meta name=\"twitter:data1\" content=\"3 minutos\" \/>\n<script type=\"application\/ld+json\" class=\"yoast-schema-graph\">{\"@context\":\"https:\/\/schema.org\",\"@graph\":[{\"@type\":\"WebPage\",\"@id\":\"https:\/\/greencleangroup.es\/es\/diensten\/limpieza-de-cristales\/descalcificar\/\",\"url\":\"https:\/\/greencleangroup.es\/es\/diensten\/limpieza-de-cristales\/descalcificar\/\",\"name\":\"Descalcificar - Green Clean Group\",\"isPartOf\":{\"@id\":\"https:\/\/greencleangroup.es\/es\/#website\"},\"datePublished\":\"2023-01-26T08:20:51+00:00\",\"dateModified\":\"2023-07-14T20:21:52+00:00\",\"breadcrumb\":{\"@id\":\"https:\/\/greencleangroup.es\/es\/diensten\/limpieza-de-cristales\/descalcificar\/#breadcrumb\"},\"inLanguage\":\"es\",\"potentialAction\":[{\"@type\":\"ReadAction\",\"target\":[\"https:\/\/greencleangroup.es\/es\/diensten\/limpieza-de-cristales\/descalcificar\/\"]}]},{\"@type\":\"BreadcrumbList\",\"@id\":\"https:\/\/greencleangroup.es\/es\/diensten\/limpieza-de-cristales\/descalcificar\/#breadcrumb\",\"itemListElement\":[{\"@type\":\"ListItem\",\"position\":1,\"name\":\"Home\",\"item\":\"https:\/\/greencleangroup.es\/es\/\"},{\"@type\":\"ListItem\",\"position\":2,\"name\":\"Servicios\",\"item\":\"https:\/\/greencleangroup.es\/es\/diensten\/\"},{\"@type\":\"ListItem\",\"position\":3,\"name\":\"Limpieza de Cristales\",\"item\":\"https:\/\/greencleangroup.es\/es\/diensten\/limpieza-de-cristales\/\"},{\"@type\":\"ListItem\",\"position\":4,\"name\":\"Descalcificar\"}]},{\"@type\":\"WebSite\",\"@id\":\"https:\/\/greencleangroup.es\/es\/#website\",\"url\":\"https:\/\/greencleangroup.es\/es\/\",\"name\":\"Green Clean Group\",\"description\":\"Allround exterior cleaning\",\"potentialAction\":[{\"@type\":\"SearchAction\",\"target\":{\"@type\":\"EntryPoint\",\"urlTemplate\":\"https:\/\/greencleangroup.es\/es\/?s={search_term_string}\"},\"query-input\":{\"@type\":\"PropertyValueSpecification\",\"valueRequired\":true,\"valueName\":\"search_term_string\"}}],\"inLanguage\":\"es\"}]}<\/script>\n<!-- \/ Yoast SEO plugin. -->","yoast_head_json":{"title":"Descalcificar - Green Clean Group","robots":{"index":"index","follow":"follow","max-snippet":"max-snippet:-1","max-image-preview":"max-image-preview:large","max-video-preview":"max-video-preview:-1"},"canonical":"https:\/\/greencleangroup.es\/es\/diensten\/limpieza-de-cristales\/descalcificar\/","og_locale":"es_ES","og_type":"article","og_title":"Descalcificar - Green Clean Group","og_url":"https:\/\/greencleangroup.es\/es\/diensten\/limpieza-de-cristales\/descalcificar\/","og_site_name":"Green Clean Group","article_modified_time":"2023-07-14T20:21:52+00:00","twitter_card":"summary_large_image","twitter_misc":{"Tiempo de lectura":"3 minutos"},"schema":{"@context":"https:\/\/schema.org","@graph":[{"@type":"WebPage","@id":"https:\/\/greencleangroup.es\/es\/diensten\/limpieza-de-cristales\/descalcificar\/","url":"https:\/\/greencleangroup.es\/es\/diensten\/limpieza-de-cristales\/descalcificar\/","name":"Descalcificar - Green Clean Group","isPartOf":{"@id":"https:\/\/greencleangroup.es\/es\/#website"},"datePublished":"2023-01-26T08:20:51+00:00","dateModified":"2023-07-14T20:21:52+00:00","breadcrumb":{"@id":"https:\/\/greencleangroup.es\/es\/diensten\/limpieza-de-cristales\/descalcificar\/#breadcrumb"},"inLanguage":"es","potentialAction":[{"@type":"ReadAction","target":["https:\/\/greencleangroup.es\/es\/diensten\/limpieza-de-cristales\/descalcificar\/"]}]},{"@type":"BreadcrumbList","@id":"https:\/\/greencleangroup.es\/es\/diensten\/limpieza-de-cristales\/descalcificar\/#breadcrumb","itemListElement":[{"@type":"ListItem","position":1,"name":"Home","item":"https:\/\/greencleangroup.es\/es\/"},{"@type":"ListItem","position":2,"name":"Servicios","item":"https:\/\/greencleangroup.es\/es\/diensten\/"},{"@type":"ListItem","position":3,"name":"Limpieza de Cristales","item":"https:\/\/greencleangroup.es\/es\/diensten\/limpieza-de-cristales\/"},{"@type":"ListItem","position":4,"name":"Descalcificar"}]},{"@type":"WebSite","@id":"https:\/\/greencleangroup.es\/es\/#website","url":"https:\/\/greencleangroup.es\/es\/","name":"Green Clean Group","description":"Allround exterior cleaning","potentialAction":[{"@type":"SearchAction","target":{"@type":"EntryPoint","urlTemplate":"https:\/\/greencleangroup.es\/es\/?s={search_term_string}"},"query-input":{"@type":"PropertyValueSpecification","valueRequired":true,"valueName":"search_term_string"}}],"inLanguage":"es"}]}},"_links":{"self":[{"href":"https:\/\/greencleangroup.es\/es\/wp-json\/wp\/v2\/pages\/1387","targetHints":{"allow":["GET"]}}],"collection":[{"href":"https:\/\/greencleangroup.es\/es\/wp-json\/wp\/v2\/pages"}],"about":[{"href":"https:\/\/greencleangroup.es\/es\/wp-json\/wp\/v2\/types\/page"}],"author":[{"embeddable":true,"href":"https:\/\/greencleangroup.es\/es\/wp-json\/wp\/v2\/users\/2"}],"replies":[{"embeddable":true,"href":"https:\/\/greencleangroup.es\/es\/wp-json\/wp\/v2\/comments?post=1387"}],"version-history":[{"count":2,"href":"https:\/\/greencleangroup.es\/es\/wp-json\/wp\/v2\/pages\/1387\/revisions"}],"predecessor-version":[{"id":1595,"href":"https:\/\/greencleangroup.es\/es\/wp-json\/wp\/v2\/pages\/1387\/revisions\/1595"}],"up":[{"embeddable":true,"href":"https:\/\/greencleangroup.es\/es\/wp-json\/wp\/v2\/pages\/1367"}],"wp:attachment":[{"href":"https:\/\/greencleangroup.es\/es\/wp-json\/wp\/v2\/media?parent=1387"}],"curies":[{"name":"wp","href":"https:\/\/api.w.org\/{rel}","templated":true}]}}