{"id":1397,"date":"2023-01-26T08:21:27","date_gmt":"2023-01-26T08:21:27","guid":{"rendered":"https:\/\/greencleangroup.es\/diensten\/limpieza-de-cristales\/telescoopbewassing\/"},"modified":"2023-07-14T20:24:14","modified_gmt":"2023-07-14T20:24:14","slug":"lavado-con-cepillo-telescopico","status":"publish","type":"page","link":"https:\/\/greencleangroup.es\/es\/diensten\/limpieza-de-cristales\/lavado-con-cepillo-telescopico\/","title":{"rendered":"Lavado con cepillo telesc\u00f3pico"},"content":{"rendered":"<div  class='flex_column av-3rmn-ff6b203fde6091b27a5e5c967035aae5 av_one_full  avia-builder-el-0  el_before_av_one_full  avia-builder-el-first  first flex_column_div  '     ><section  class='av_textblock_section av-ldctt0ki-aa49384c2f9635da3fc8fb42a2a9bb24 '   itemscope=\"itemscope\" itemtype=\"https:\/\/schema.org\/CreativeWork\" ><div class='avia_textblock'  itemprop=\"text\" ><div class=\"elementor-element elementor-element-608a4b54 jltma-glass-effect-no elementor-widget elementor-widget-heading\" data-id=\"608a4b54\" data-element_type=\"widget\" data-widget_type=\"heading.default\">\n<div class=\"elementor-widget-container\">\n<h2 class=\"elementor-heading-title elementor-size-default\">LA NUEVA LIMPIEZA DE CRISTALES: LAVADO TELESC\u00d3PICO<\/h2>\n<\/div>\n<\/div>\n<div class=\"elementor-element elementor-element-2e003e9a jltma-glass-effect-no elementor-widget elementor-widget-text-editor\" data-id=\"2e003e9a\" data-element_type=\"widget\" data-widget_type=\"text-editor.default\">\n<div class=\"elementor-widget-container\">\n<p>Como limpiacristales, est\u00e1 acostumbrado a que lavemos las ventanas con una escalera, una bayeta y una escobilla de goma. Esto ya no ser\u00e1 siempre as\u00ed. Debido a las restricciones cada vez mayores al uso de escaleras y a las dudas sobre su recorrido, se ha buscado una alternativa para la limpieza de ventanas. La planta baja suele lavarse a mano, pero las ventanas altas suelen lavarse con el llamado sistema telesc\u00f3pico, debido a las leyes y normativas. Las ventanas de la parte trasera se siguen lavando con escaleras, debido a la accesibilidad.<\/p>\n<h3>\u00bfQu\u00e9 es el lavado telesc\u00f3pico?<\/h3>\n<p>Hay una forma segura de lavar las ventanas. Un sistema que se utiliza en Estados Unidos desde hace mucho tiempo. Green Clean Group se ha especializado en este innovador sistema, el sistema telesc\u00f3pico de lavado de ventanas. Esta forma de trabajar as\u00ed como el resultado final de este sistema es asombroso.<\/p>\n<h3>\u00bfEn qu\u00e9 consiste exactamente el lavado telesc\u00f3pico?<\/h3>\n<p>Utilizando un cepillo en una p\u00e9rtiga telesc\u00f3pica, cepillamos y aclaramos las ventanas, incluidos los marcos. El agua utilizada es desmineralizada. Esta agua pura tiene un efecto limpiador, por lo que no es necesario utilizar productos de limpieza. Es importante aclarar bien con agua pura. Al aclarar bien, se elimina toda la suciedad de las ventanas y los marcos. Tras el aclarado, s\u00f3lo queda agua limpia y pura. Por lo tanto, ya no es necesario retirar el agua pura desmineralizada de la ventana con una escobilla de goma. Gracias a su pureza, se seca sin dejar rayas.<\/p>\n<h3>Ventajas del lavado telesc\u00f3pico de cristales:<\/h3>\n<ul>\n<li>Respetuoso con el medio ambiente (sin productos de limpieza)<\/li>\n<li>Limpia los lugares a los que no se puede llegar con la mano (esponja)<\/li>\n<li>Adecuado para limpiar cristales, marcos de ventanas, revestimientos de fachadas, etc.<\/li>\n<li>Seguridad (todos tenemos el certificado V.C.A.)<\/li>\n<li>Anticip\u00e1ndose a cualquier futura prohibici\u00f3n de escaleras<\/li>\n<\/ul>\n<h3><\/h3>\n<h3>Suciedad residual tras el primer lavado<\/h3>\n<p>Sin embargo, es importante tener en cuenta que al principio de este nuevo m\u00e9todo, el primer lavado puede ser ligeramente inferior en calidad. Esto se debe a que sus marcos y rejillas tambi\u00e9n se aclaran. Esto podr\u00eda dejar restos de suciedad en sus ventanas. Haremos todo lo posible para evitarlo durante el primer lavado. Por ello, le pedimos su comprensi\u00f3n.Sin embargo, es importante tener en cuenta que al principio de este nuevo m\u00e9todo, el primer lavado puede ser ligeramente inferior en calidad. Esto se debe a que sus marcos y rejillas tambi\u00e9n se aclaran. Esto podr\u00eda dejar restos de suciedad en sus ventanas. Haremos todo lo posible para evitarlo durante el primer lavado. Por ello, le pedimos su comprensi\u00f3n.<\/p>\n<\/div>\n<\/div>\n<\/div><\/section><\/div><div  class='flex_column av-3ffr-ada88ac32ee2f6e3d90b195c90cccc79 av_one_full  avia-builder-el-2  el_after_av_one_full  avia-builder-el-last  first flex_column_div  column-top-margin'     ><style type=\"text\/css\" data-created_by=\"avia_inline_auto\" id=\"style-css-av-ldg2d04h-0b9b62af3e01ec96f5087941b5e78532\">\n.avia-image-container.av-ldg2d04h-0b9b62af3e01ec96f5087941b5e78532 img.avia_image{\nbox-shadow:none;\n}\n.avia-image-container.av-ldg2d04h-0b9b62af3e01ec96f5087941b5e78532 .av-image-caption-overlay-center{\ncolor:#ffffff;\n}\n<\/style>\n<div  class='avia-image-container av-ldg2d04h-0b9b62af3e01ec96f5087941b5e78532 av-styling- avia_animated_image av-animated-when-visible-95 pop-up avia-align-center  avia-builder-el-3  avia-builder-el-no-sibling '   itemprop=\"image\" itemscope=\"itemscope\" itemtype=\"https:\/\/schema.org\/ImageObject\" ><div class=\"avia-image-container-inner\"><div class=\"avia-image-overlay-wrap\"><img decoding=\"async\" fetchpriority=\"high\" class='wp-image-980 avia-img-lazy-loading-not-980 avia_image ' src=\"https:\/\/greencleangroup.es\/wp-content\/uploads\/2023\/06\/Green-Clean-Group-Telescope-window-cleaning.jpg\" alt='Green Clean Group - Telescope window cleaning' title='Green Clean Group - Telescope window cleaning'  height=\"1600\" width=\"2400\"  itemprop=\"thumbnailUrl\" srcset=\"https:\/\/greencleangroup.es\/wp-content\/uploads\/2023\/06\/Green-Clean-Group-Telescope-window-cleaning.jpg 2400w, https:\/\/greencleangroup.es\/wp-content\/uploads\/2023\/06\/Green-Clean-Group-Telescope-window-cleaning-300x200.jpg 300w, https:\/\/greencleangroup.es\/wp-content\/uploads\/2023\/06\/Green-Clean-Group-Telescope-window-cleaning-1030x687.jpg 1030w, https:\/\/greencleangroup.es\/wp-content\/uploads\/2023\/06\/Green-Clean-Group-Telescope-window-cleaning-768x512.jpg 768w, https:\/\/greencleangroup.es\/wp-content\/uploads\/2023\/06\/Green-Clean-Group-Telescope-window-cleaning-1536x1024.jpg 1536w, https:\/\/greencleangroup.es\/wp-content\/uploads\/2023\/06\/Green-Clean-Group-Telescope-window-cleaning-2048x1365.jpg 2048w, https:\/\/greencleangroup.es\/wp-content\/uploads\/2023\/06\/Green-Clean-Group-Telescope-window-cleaning-1500x1000.jpg 1500w, https:\/\/greencleangroup.es\/wp-content\/uploads\/2023\/06\/Green-Clean-Group-Telescope-window-cleaning-705x470.jpg 705w\" sizes=\"(max-width: 2400px) 100vw, 2400px\" \/><\/div><\/div><\/div><\/div><\/p>\n","protected":false},"excerpt":{"rendered":"","protected":false},"author":2,"featured_media":0,"parent":1367,"menu_order":0,"comment_status":"closed","ping_status":"closed","template":"","meta":{"_joinchat":[],"footnotes":""},"class_list":["post-1397","page","type-page","status-publish","hentry"],"yoast_head":"<!-- This site is optimized with the Yoast SEO plugin v27.2 - https:\/\/yoast.com\/product\/yoast-seo-wordpress\/ -->\n<title>Lavado con cepillo telesc\u00f3pico - Green Clean Group<\/title>\n<meta name=\"robots\" content=\"index, follow, max-snippet:-1, max-image-preview:large, max-video-preview:-1\" \/>\n<link rel=\"canonical\" href=\"https:\/\/greencleangroup.es\/es\/diensten\/limpieza-de-cristales\/lavado-con-cepillo-telescopico\/\" \/>\n<meta property=\"og:locale\" content=\"es_ES\" \/>\n<meta property=\"og:type\" content=\"article\" \/>\n<meta property=\"og:title\" content=\"Lavado con cepillo telesc\u00f3pico - Green Clean Group\" \/>\n<meta property=\"og:url\" content=\"https:\/\/greencleangroup.es\/es\/diensten\/limpieza-de-cristales\/lavado-con-cepillo-telescopico\/\" \/>\n<meta property=\"og:site_name\" content=\"Green Clean Group\" \/>\n<meta property=\"article:modified_time\" content=\"2023-07-14T20:24:14+00:00\" \/>\n<meta name=\"twitter:card\" content=\"summary_large_image\" \/>\n<meta name=\"twitter:label1\" content=\"Tiempo de lectura\" \/>\n\t<meta name=\"twitter:data1\" content=\"4 minutos\" \/>\n<script type=\"application\/ld+json\" class=\"yoast-schema-graph\">{\"@context\":\"https:\/\/schema.org\",\"@graph\":[{\"@type\":\"WebPage\",\"@id\":\"https:\/\/greencleangroup.es\/es\/diensten\/limpieza-de-cristales\/lavado-con-cepillo-telescopico\/\",\"url\":\"https:\/\/greencleangroup.es\/es\/diensten\/limpieza-de-cristales\/lavado-con-cepillo-telescopico\/\",\"name\":\"Lavado con cepillo telesc\u00f3pico - Green Clean Group\",\"isPartOf\":{\"@id\":\"https:\/\/greencleangroup.es\/es\/#website\"},\"datePublished\":\"2023-01-26T08:21:27+00:00\",\"dateModified\":\"2023-07-14T20:24:14+00:00\",\"breadcrumb\":{\"@id\":\"https:\/\/greencleangroup.es\/es\/diensten\/limpieza-de-cristales\/lavado-con-cepillo-telescopico\/#breadcrumb\"},\"inLanguage\":\"es\",\"potentialAction\":[{\"@type\":\"ReadAction\",\"target\":[\"https:\/\/greencleangroup.es\/es\/diensten\/limpieza-de-cristales\/lavado-con-cepillo-telescopico\/\"]}]},{\"@type\":\"BreadcrumbList\",\"@id\":\"https:\/\/greencleangroup.es\/es\/diensten\/limpieza-de-cristales\/lavado-con-cepillo-telescopico\/#breadcrumb\",\"itemListElement\":[{\"@type\":\"ListItem\",\"position\":1,\"name\":\"Home\",\"item\":\"https:\/\/greencleangroup.es\/es\/\"},{\"@type\":\"ListItem\",\"position\":2,\"name\":\"Servicios\",\"item\":\"https:\/\/greencleangroup.es\/es\/diensten\/\"},{\"@type\":\"ListItem\",\"position\":3,\"name\":\"Limpieza de Cristales\",\"item\":\"https:\/\/greencleangroup.es\/es\/diensten\/limpieza-de-cristales\/\"},{\"@type\":\"ListItem\",\"position\":4,\"name\":\"Lavado con cepillo telesc\u00f3pico\"}]},{\"@type\":\"WebSite\",\"@id\":\"https:\/\/greencleangroup.es\/es\/#website\",\"url\":\"https:\/\/greencleangroup.es\/es\/\",\"name\":\"Green Clean Group\",\"description\":\"Allround exterior cleaning\",\"potentialAction\":[{\"@type\":\"SearchAction\",\"target\":{\"@type\":\"EntryPoint\",\"urlTemplate\":\"https:\/\/greencleangroup.es\/es\/?s={search_term_string}\"},\"query-input\":{\"@type\":\"PropertyValueSpecification\",\"valueRequired\":true,\"valueName\":\"search_term_string\"}}],\"inLanguage\":\"es\"}]}<\/script>\n<!-- \/ Yoast SEO plugin. -->","yoast_head_json":{"title":"Lavado con cepillo telesc\u00f3pico - Green Clean Group","robots":{"index":"index","follow":"follow","max-snippet":"max-snippet:-1","max-image-preview":"max-image-preview:large","max-video-preview":"max-video-preview:-1"},"canonical":"https:\/\/greencleangroup.es\/es\/diensten\/limpieza-de-cristales\/lavado-con-cepillo-telescopico\/","og_locale":"es_ES","og_type":"article","og_title":"Lavado con cepillo telesc\u00f3pico - Green Clean Group","og_url":"https:\/\/greencleangroup.es\/es\/diensten\/limpieza-de-cristales\/lavado-con-cepillo-telescopico\/","og_site_name":"Green Clean Group","article_modified_time":"2023-07-14T20:24:14+00:00","twitter_card":"summary_large_image","twitter_misc":{"Tiempo de lectura":"4 minutos"},"schema":{"@context":"https:\/\/schema.org","@graph":[{"@type":"WebPage","@id":"https:\/\/greencleangroup.es\/es\/diensten\/limpieza-de-cristales\/lavado-con-cepillo-telescopico\/","url":"https:\/\/greencleangroup.es\/es\/diensten\/limpieza-de-cristales\/lavado-con-cepillo-telescopico\/","name":"Lavado con cepillo telesc\u00f3pico - Green Clean Group","isPartOf":{"@id":"https:\/\/greencleangroup.es\/es\/#website"},"datePublished":"2023-01-26T08:21:27+00:00","dateModified":"2023-07-14T20:24:14+00:00","breadcrumb":{"@id":"https:\/\/greencleangroup.es\/es\/diensten\/limpieza-de-cristales\/lavado-con-cepillo-telescopico\/#breadcrumb"},"inLanguage":"es","potentialAction":[{"@type":"ReadAction","target":["https:\/\/greencleangroup.es\/es\/diensten\/limpieza-de-cristales\/lavado-con-cepillo-telescopico\/"]}]},{"@type":"BreadcrumbList","@id":"https:\/\/greencleangroup.es\/es\/diensten\/limpieza-de-cristales\/lavado-con-cepillo-telescopico\/#breadcrumb","itemListElement":[{"@type":"ListItem","position":1,"name":"Home","item":"https:\/\/greencleangroup.es\/es\/"},{"@type":"ListItem","position":2,"name":"Servicios","item":"https:\/\/greencleangroup.es\/es\/diensten\/"},{"@type":"ListItem","position":3,"name":"Limpieza de Cristales","item":"https:\/\/greencleangroup.es\/es\/diensten\/limpieza-de-cristales\/"},{"@type":"ListItem","position":4,"name":"Lavado con cepillo telesc\u00f3pico"}]},{"@type":"WebSite","@id":"https:\/\/greencleangroup.es\/es\/#website","url":"https:\/\/greencleangroup.es\/es\/","name":"Green Clean Group","description":"Allround exterior cleaning","potentialAction":[{"@type":"SearchAction","target":{"@type":"EntryPoint","urlTemplate":"https:\/\/greencleangroup.es\/es\/?s={search_term_string}"},"query-input":{"@type":"PropertyValueSpecification","valueRequired":true,"valueName":"search_term_string"}}],"inLanguage":"es"}]}},"_links":{"self":[{"href":"https:\/\/greencleangroup.es\/es\/wp-json\/wp\/v2\/pages\/1397","targetHints":{"allow":["GET"]}}],"collection":[{"href":"https:\/\/greencleangroup.es\/es\/wp-json\/wp\/v2\/pages"}],"about":[{"href":"https:\/\/greencleangroup.es\/es\/wp-json\/wp\/v2\/types\/page"}],"author":[{"embeddable":true,"href":"https:\/\/greencleangroup.es\/es\/wp-json\/wp\/v2\/users\/2"}],"replies":[{"embeddable":true,"href":"https:\/\/greencleangroup.es\/es\/wp-json\/wp\/v2\/comments?post=1397"}],"version-history":[{"count":2,"href":"https:\/\/greencleangroup.es\/es\/wp-json\/wp\/v2\/pages\/1397\/revisions"}],"predecessor-version":[{"id":1596,"href":"https:\/\/greencleangroup.es\/es\/wp-json\/wp\/v2\/pages\/1397\/revisions\/1596"}],"up":[{"embeddable":true,"href":"https:\/\/greencleangroup.es\/es\/wp-json\/wp\/v2\/pages\/1367"}],"wp:attachment":[{"href":"https:\/\/greencleangroup.es\/es\/wp-json\/wp\/v2\/media?parent=1397"}],"curies":[{"name":"wp","href":"https:\/\/api.w.org\/{rel}","templated":true}]}}