{"id":1422,"date":"2023-01-26T08:10:22","date_gmt":"2023-01-26T08:10:22","guid":{"rendered":"https:\/\/greencleangroup.es\/diensten\/dakgoten-leeghalen\/"},"modified":"2023-07-14T20:31:18","modified_gmt":"2023-07-14T20:31:18","slug":"limpieza-de-canalones","status":"publish","type":"page","link":"https:\/\/greencleangroup.es\/es\/diensten\/limpieza-de-canalones\/","title":{"rendered":"Limpieza de canalones"},"content":{"rendered":"<div  class='flex_column av-zraz-a0283c30405dbd46ab8afa7ab9b762c0 av_one_full  avia-builder-el-0  el_before_av_one_full  avia-builder-el-first  first flex_column_div  '     ><section  class='av_textblock_section av-ldctewel-654158c96d59df637a4a5d45e6bc552e '   itemscope=\"itemscope\" itemtype=\"https:\/\/schema.org\/CreativeWork\" ><div class='avia_textblock'  itemprop=\"text\" ><div class=\"elementor-element elementor-element-7c393468 jltma-glass-effect-no elementor-widget elementor-widget-heading\" data-id=\"7c393468\" data-element_type=\"widget\" data-widget_type=\"heading.default\">\n<div class=\"elementor-widget-container\">\n<h2 class=\"elementor-heading-title elementor-size-default\">VACIADO Y LIMPIEZA PROFESIONAL DE CANALONES EN LA COSTA BLANCA<\/h2>\n<\/div>\n<\/div>\n<div class=\"elementor-element elementor-element-20fae10e jltma-glass-effect-no elementor-widget elementor-widget-text-editor\" data-id=\"20fae10e\" data-element_type=\"widget\" data-widget_type=\"text-editor.default\">\n<div class=\"elementor-widget-container\">\n<p>Sus canalones son propensos a los dep\u00f3sitos de gases de escape, chimeneas, dep\u00f3sitos verdes y musgo. En el caso de los canalones de PVC, se recomienda una limpieza anual o cada dos a\u00f1os, aunque tambi\u00e9n puede ser m\u00e1s prolongada; depende mucho del entorno en el que viva. En los entornos urbanos, los canalones tienen m\u00e1s probabilidades de presentar un aspecto gris\u00e1ceo debido a los dep\u00f3sitos de los gases de escape y similares, mientras que en los entornos naturales es m\u00e1s probable que se observen dep\u00f3sitos verdes.<\/p>\n<h3>Agentes de limpieza ecol\u00f3gicos<\/h3>\n<p>En entornos rurales, la suciedad puede tardar mucho m\u00e1s tiempo y requerir\u00e1 menos mantenimiento que en entornos urbanos o naturales. Green Clean Group utiliza productos de limpieza ecol\u00f3gicos y no alcalinos para que su canal\u00f3n vuelva a lucir como nuevo.<\/p>\n<h3>Mantenimiento anual por Green Clean Group<\/h3>\n<p>El PVC es un material no poroso y casi todos los dep\u00f3sitos pueden eliminarse de \u00e9l. Tambi\u00e9n se recomienda un mantenimiento anual o bianual, ya que los da\u00f1os causados por tormentas o las piezas sueltas pueden detectarse r\u00e1pidamente y repararse a tiempo para preservar la resistencia y longevidad de su canal\u00f3n.<\/p>\n<\/div>\n<\/div>\n<div class=\"elementor-element elementor-element-fc65aa1 jltma-glass-effect-no elementor-widget elementor-widget-gallery\" data-id=\"fc65aa1\" data-element_type=\"widget\" data-settings=\"{&quot;columns&quot;:6,&quot;gap&quot;:{&quot;unit&quot;:&quot;px&quot;,&quot;size&quot;:0,&quot;sizes&quot;:&#091;&#093;},&quot;lazyload&quot;:&quot;yes&quot;,&quot;gallery_layout&quot;:&quot;grid&quot;,&quot;columns_tablet&quot;:2,&quot;columns_mobile&quot;:1,&quot;gap_tablet&quot;:{&quot;unit&quot;:&quot;px&quot;,&quot;size&quot;:10,&quot;sizes&quot;:&#091;&#093;},&quot;gap_mobile&quot;:{&quot;unit&quot;:&quot;px&quot;,&quot;size&quot;:10,&quot;sizes&quot;:&#091;&#093;},&quot;link_to&quot;:&quot;file&quot;,&quot;aspect_ratio&quot;:&quot;3:2&quot;,&quot;overlay_background&quot;:&quot;yes&quot;,&quot;content_hover_animation&quot;:&quot;fade-in&quot;}\" data-widget_type=\"gallery.default\">\n<div class=\"elementor-widget-container\">\n<div class=\"elementor-gallery__container e-gallery-container e-gallery-grid e-gallery--ltr e-gallery--lazyload\">\n<div class=\"e-gallery-image elementor-gallery-item__image\" data-thumbnail=\"https:\/\/solspain-lounge.com\/greencleangroup\/wp-content\/uploads\/sites\/11\/2023\/07\/Strak-dakgoten-leeghalen-1-voor-300x219.jpeg\" data-width=\"300\" data-height=\"219\"><\/div>\n<div class=\"elementor-gallery-item__overlay\"><\/div>\n<div class=\"e-gallery-image elementor-gallery-item__image\" data-thumbnail=\"https:\/\/solspain-lounge.com\/greencleangroup\/wp-content\/uploads\/sites\/11\/2023\/07\/Strak-dakgoten-leeghalen-1-na-300x200.jpeg\" data-width=\"300\" data-height=\"200\"><\/div>\n<div class=\"elementor-gallery-item__overlay\"><\/div>\n<div class=\"e-gallery-image elementor-gallery-item__image\" data-thumbnail=\"https:\/\/solspain-lounge.com\/greencleangroup\/wp-content\/uploads\/sites\/11\/2023\/07\/Strak-dakgoten-leeghalen-2-voor-225x300.jpg\" data-width=\"225\" data-height=\"300\"><\/div>\n<div class=\"elementor-gallery-item__overlay\"><\/div>\n<\/div>\n<\/div>\n<\/div>\n<\/div><\/section><\/div><div  class='flex_column av-xjr3-9fa8e372d25191e8f744c771825fdb41 av_one_full  avia-builder-el-2  el_after_av_one_full  avia-builder-el-last  first flex_column_div  column-top-margin'     ><div id='av-masonry-1' class='av-masonry av-ldg24u0l-85dd56397a671b6e4e31bf7a599a6944 noHover av-fixed-size av-no-gap av-hover-overlay-active av-masonry-animation-active av-masonry-col-6 av-caption-always av-caption-style- av-masonry-gallery av-orientation-square ' data-post_id=\"1422\"><div class=\"av-masonry-container isotope av-js-disabled\"><div class='av-masonry-entry isotope-item av-masonry-item-no-image '><\/div><a href=\"https:\/\/greencleangroup.es\/wp-content\/uploads\/2023\/01\/Strak-dakgoten-leeghalen-1-voor.jpeg\" data-srcset=\"https:\/\/greencleangroup.es\/wp-content\/uploads\/2023\/01\/Strak-dakgoten-leeghalen-1-voor.jpeg 800w, https:\/\/greencleangroup.es\/wp-content\/uploads\/2023\/01\/Strak-dakgoten-leeghalen-1-voor-300x219.jpeg 300w, https:\/\/greencleangroup.es\/wp-content\/uploads\/2023\/01\/Strak-dakgoten-leeghalen-1-voor-768x560.jpeg 768w, https:\/\/greencleangroup.es\/wp-content\/uploads\/2023\/01\/Strak-dakgoten-leeghalen-1-voor-705x514.jpeg 705w\" data-sizes=\"(max-width: 800px) 100vw, 800px\"  aria-label=\"image Strak dakgoten leeghalen 1 voor\"  id='av-masonry-1-item-783' data-av-masonry-item='783' class='av-masonry-entry isotope-item post-783 attachment type-attachment status-inherit hentry  av-masonry-item-with-image' title=\"Strak dakgoten leeghalen 1 voor\" alt=\"\"    itemprop=\"thumbnailUrl\" ><div class='av-inner-masonry-sizer'><\/div><figure class='av-inner-masonry main_color'><div class=\"av-masonry-outerimage-container\"><div class='av-masonry-image-container' style=\"background-image: url(https:\/\/greencleangroup.es\/wp-content\/uploads\/2023\/01\/Strak-dakgoten-leeghalen-1-voor-705x514.jpeg);\"  title=\"Strak dakgoten leeghalen 1 voor\" ><\/div><\/div><\/figure><\/a><!--end av-masonry entry--><a href=\"https:\/\/greencleangroup.es\/wp-content\/uploads\/2023\/01\/Strak-dakgoten-leeghalen-1-na.jpeg\" data-srcset=\"https:\/\/greencleangroup.es\/wp-content\/uploads\/2023\/01\/Strak-dakgoten-leeghalen-1-na.jpeg 800w, https:\/\/greencleangroup.es\/wp-content\/uploads\/2023\/01\/Strak-dakgoten-leeghalen-1-na-300x200.jpeg 300w, https:\/\/greencleangroup.es\/wp-content\/uploads\/2023\/01\/Strak-dakgoten-leeghalen-1-na-768x512.jpeg 768w, https:\/\/greencleangroup.es\/wp-content\/uploads\/2023\/01\/Strak-dakgoten-leeghalen-1-na-705x470.jpeg 705w\" data-sizes=\"(max-width: 800px) 100vw, 800px\"  aria-label=\"image Strak dakgoten leeghalen 1 na\"  id='av-masonry-1-item-780' data-av-masonry-item='780' class='av-masonry-entry isotope-item post-780 attachment type-attachment status-inherit hentry  av-masonry-item-with-image' title=\"Strak dakgoten leeghalen 1 na\" alt=\"\"    itemprop=\"thumbnailUrl\" ><div class='av-inner-masonry-sizer'><\/div><figure class='av-inner-masonry main_color'><div class=\"av-masonry-outerimage-container\"><div class='av-masonry-image-container' style=\"background-image: url(https:\/\/greencleangroup.es\/wp-content\/uploads\/2023\/01\/Strak-dakgoten-leeghalen-1-na-705x470.jpeg);\"  title=\"Strak dakgoten leeghalen 1 na\" ><\/div><\/div><\/figure><\/a><!--end av-masonry entry--><a href=\"https:\/\/greencleangroup.es\/wp-content\/uploads\/2023\/01\/Strak-dakgoten-leeghalen-2-voor-773x1030.jpg\" data-srcset=\"https:\/\/greencleangroup.es\/wp-content\/uploads\/2023\/01\/Strak-dakgoten-leeghalen-2-voor-773x1030.jpg 773w, https:\/\/greencleangroup.es\/wp-content\/uploads\/2023\/01\/Strak-dakgoten-leeghalen-2-voor-225x300.jpg 225w, https:\/\/greencleangroup.es\/wp-content\/uploads\/2023\/01\/Strak-dakgoten-leeghalen-2-voor-768x1024.jpg 768w, https:\/\/greencleangroup.es\/wp-content\/uploads\/2023\/01\/Strak-dakgoten-leeghalen-2-voor-1152x1536.jpg 1152w, https:\/\/greencleangroup.es\/wp-content\/uploads\/2023\/01\/Strak-dakgoten-leeghalen-2-voor-1125x1500.jpg 1125w, https:\/\/greencleangroup.es\/wp-content\/uploads\/2023\/01\/Strak-dakgoten-leeghalen-2-voor-529x705.jpg 529w, https:\/\/greencleangroup.es\/wp-content\/uploads\/2023\/01\/Strak-dakgoten-leeghalen-2-voor.jpg 1536w\" data-sizes=\"(max-width: 773px) 100vw, 773px\"  aria-label=\"image Strak dakgoten leeghalen 2 voor\"  id='av-masonry-1-item-789' data-av-masonry-item='789' class='av-masonry-entry isotope-item post-789 attachment type-attachment status-inherit hentry  av-masonry-item-with-image' title=\"Strak dakgoten leeghalen 2 voor\" alt=\"\"    itemprop=\"thumbnailUrl\" ><div class='av-inner-masonry-sizer'><\/div><figure class='av-inner-masonry main_color'><div class=\"av-masonry-outerimage-container\"><div class='av-masonry-image-container' style=\"background-image: url(https:\/\/greencleangroup.es\/wp-content\/uploads\/2023\/01\/Strak-dakgoten-leeghalen-2-voor-529x705.jpg);\"  title=\"Strak dakgoten leeghalen 2 voor\" ><\/div><\/div><\/figure><\/a><!--end av-masonry entry--><a href=\"https:\/\/greencleangroup.es\/wp-content\/uploads\/2023\/01\/Strak-dakgoten-leeghalen-2-na-773x1030.jpg\" data-srcset=\"https:\/\/greencleangroup.es\/wp-content\/uploads\/2023\/01\/Strak-dakgoten-leeghalen-2-na-773x1030.jpg 773w, https:\/\/greencleangroup.es\/wp-content\/uploads\/2023\/01\/Strak-dakgoten-leeghalen-2-na-225x300.jpg 225w, https:\/\/greencleangroup.es\/wp-content\/uploads\/2023\/01\/Strak-dakgoten-leeghalen-2-na-768x1024.jpg 768w, https:\/\/greencleangroup.es\/wp-content\/uploads\/2023\/01\/Strak-dakgoten-leeghalen-2-na-1152x1536.jpg 1152w, https:\/\/greencleangroup.es\/wp-content\/uploads\/2023\/01\/Strak-dakgoten-leeghalen-2-na-1125x1500.jpg 1125w, https:\/\/greencleangroup.es\/wp-content\/uploads\/2023\/01\/Strak-dakgoten-leeghalen-2-na-529x705.jpg 529w, https:\/\/greencleangroup.es\/wp-content\/uploads\/2023\/01\/Strak-dakgoten-leeghalen-2-na.jpg 1536w\" data-sizes=\"(max-width: 773px) 100vw, 773px\"  aria-label=\"image Strak dakgoten leeghalen 2 na\"  id='av-masonry-1-item-786' data-av-masonry-item='786' class='av-masonry-entry isotope-item post-786 attachment type-attachment status-inherit hentry  av-masonry-item-with-image' title=\"Strak dakgoten leeghalen 2 na\" alt=\"\"    itemprop=\"thumbnailUrl\" ><div class='av-inner-masonry-sizer'><\/div><figure class='av-inner-masonry main_color'><div class=\"av-masonry-outerimage-container\"><div class='av-masonry-image-container' style=\"background-image: url(https:\/\/greencleangroup.es\/wp-content\/uploads\/2023\/01\/Strak-dakgoten-leeghalen-2-na-529x705.jpg);\"  title=\"Strak dakgoten leeghalen 2 na\" ><\/div><\/div><\/figure><\/a><!--end av-masonry entry--><a href=\"https:\/\/greencleangroup.es\/wp-content\/uploads\/2023\/01\/Strak-dakgoten-leeghalen-3-voor-773x1030.jpg\" data-srcset=\"https:\/\/greencleangroup.es\/wp-content\/uploads\/2023\/01\/Strak-dakgoten-leeghalen-3-voor-773x1030.jpg 773w, https:\/\/greencleangroup.es\/wp-content\/uploads\/2023\/01\/Strak-dakgoten-leeghalen-3-voor-225x300.jpg 225w, https:\/\/greencleangroup.es\/wp-content\/uploads\/2023\/01\/Strak-dakgoten-leeghalen-3-voor-768x1024.jpg 768w, https:\/\/greencleangroup.es\/wp-content\/uploads\/2023\/01\/Strak-dakgoten-leeghalen-3-voor-1152x1536.jpg 1152w, https:\/\/greencleangroup.es\/wp-content\/uploads\/2023\/01\/Strak-dakgoten-leeghalen-3-voor-1125x1500.jpg 1125w, https:\/\/greencleangroup.es\/wp-content\/uploads\/2023\/01\/Strak-dakgoten-leeghalen-3-voor-529x705.jpg 529w, https:\/\/greencleangroup.es\/wp-content\/uploads\/2023\/01\/Strak-dakgoten-leeghalen-3-voor.jpg 1536w\" data-sizes=\"(max-width: 773px) 100vw, 773px\"  aria-label=\"image Strak dakgoten leeghalen 3 voor\"  id='av-masonry-1-item-795' data-av-masonry-item='795' class='av-masonry-entry isotope-item post-795 attachment type-attachment status-inherit hentry  av-masonry-item-with-image' title=\"Strak dakgoten leeghalen 3 voor\" alt=\"\"    itemprop=\"thumbnailUrl\" ><div class='av-inner-masonry-sizer'><\/div><figure class='av-inner-masonry main_color'><div class=\"av-masonry-outerimage-container\"><div class='av-masonry-image-container' style=\"background-image: url(https:\/\/greencleangroup.es\/wp-content\/uploads\/2023\/01\/Strak-dakgoten-leeghalen-3-voor-529x705.jpg);\"  title=\"Strak dakgoten leeghalen 3 voor\" ><\/div><\/div><\/figure><\/a><!--end av-masonry entry--><a href=\"https:\/\/greencleangroup.es\/wp-content\/uploads\/2023\/01\/Strak-dakgoten-leeghalen-3-na.jpg\" data-srcset=\"https:\/\/greencleangroup.es\/wp-content\/uploads\/2023\/01\/Strak-dakgoten-leeghalen-3-na.jpg 480w, https:\/\/greencleangroup.es\/wp-content\/uploads\/2023\/01\/Strak-dakgoten-leeghalen-3-na-225x300.jpg 225w\" data-sizes=\"(max-width: 480px) 100vw, 480px\"  aria-label=\"image Strak dakgoten leeghalen 3 na\"  id='av-masonry-1-item-792' data-av-masonry-item='792' class='av-masonry-entry isotope-item post-792 attachment type-attachment status-inherit hentry  av-masonry-item-with-image' title=\"Strak dakgoten leeghalen 3 na\" alt=\"\"    itemprop=\"thumbnailUrl\" ><div class='av-inner-masonry-sizer'><\/div><figure class='av-inner-masonry main_color'><div class=\"av-masonry-outerimage-container\"><div class='av-masonry-image-container' style=\"background-image: url(https:\/\/greencleangroup.es\/wp-content\/uploads\/2023\/01\/Strak-dakgoten-leeghalen-3-na.jpg);\"  title=\"Strak dakgoten leeghalen 3 na\" ><\/div><\/div><\/figure><\/a><!--end av-masonry entry--><\/div><\/div><\/div><\/p>\n","protected":false},"excerpt":{"rendered":"","protected":false},"author":2,"featured_media":0,"parent":1377,"menu_order":0,"comment_status":"closed","ping_status":"closed","template":"","meta":{"_joinchat":[],"footnotes":""},"class_list":["post-1422","page","type-page","status-publish","hentry"],"yoast_head":"<!-- This site is optimized with the Yoast SEO plugin v27.2 - https:\/\/yoast.com\/product\/yoast-seo-wordpress\/ -->\n<title>Limpieza de canalones - Green Clean Group<\/title>\n<meta name=\"robots\" content=\"index, follow, max-snippet:-1, max-image-preview:large, max-video-preview:-1\" \/>\n<link rel=\"canonical\" href=\"https:\/\/greencleangroup.es\/es\/diensten\/limpieza-de-canalones\/\" \/>\n<meta property=\"og:locale\" content=\"es_ES\" \/>\n<meta property=\"og:type\" content=\"article\" \/>\n<meta property=\"og:title\" content=\"Limpieza de canalones - Green Clean Group\" \/>\n<meta property=\"og:url\" content=\"https:\/\/greencleangroup.es\/es\/diensten\/limpieza-de-canalones\/\" \/>\n<meta property=\"og:site_name\" content=\"Green Clean Group\" \/>\n<meta property=\"article:modified_time\" content=\"2023-07-14T20:31:18+00:00\" \/>\n<meta name=\"twitter:card\" content=\"summary_large_image\" \/>\n<meta name=\"twitter:label1\" content=\"Tiempo de lectura\" \/>\n\t<meta name=\"twitter:data1\" content=\"3 minutos\" \/>\n<script type=\"application\/ld+json\" class=\"yoast-schema-graph\">{\"@context\":\"https:\/\/schema.org\",\"@graph\":[{\"@type\":\"WebPage\",\"@id\":\"https:\/\/greencleangroup.es\/es\/diensten\/limpieza-de-canalones\/\",\"url\":\"https:\/\/greencleangroup.es\/es\/diensten\/limpieza-de-canalones\/\",\"name\":\"Limpieza de canalones - Green Clean Group\",\"isPartOf\":{\"@id\":\"https:\/\/greencleangroup.es\/es\/#website\"},\"datePublished\":\"2023-01-26T08:10:22+00:00\",\"dateModified\":\"2023-07-14T20:31:18+00:00\",\"breadcrumb\":{\"@id\":\"https:\/\/greencleangroup.es\/es\/diensten\/limpieza-de-canalones\/#breadcrumb\"},\"inLanguage\":\"es\",\"potentialAction\":[{\"@type\":\"ReadAction\",\"target\":[\"https:\/\/greencleangroup.es\/es\/diensten\/limpieza-de-canalones\/\"]}]},{\"@type\":\"BreadcrumbList\",\"@id\":\"https:\/\/greencleangroup.es\/es\/diensten\/limpieza-de-canalones\/#breadcrumb\",\"itemListElement\":[{\"@type\":\"ListItem\",\"position\":1,\"name\":\"Home\",\"item\":\"https:\/\/greencleangroup.es\/es\/\"},{\"@type\":\"ListItem\",\"position\":2,\"name\":\"Servicios\",\"item\":\"https:\/\/greencleangroup.es\/es\/diensten\/\"},{\"@type\":\"ListItem\",\"position\":3,\"name\":\"Limpieza de canalones\"}]},{\"@type\":\"WebSite\",\"@id\":\"https:\/\/greencleangroup.es\/es\/#website\",\"url\":\"https:\/\/greencleangroup.es\/es\/\",\"name\":\"Green Clean Group\",\"description\":\"Allround exterior cleaning\",\"potentialAction\":[{\"@type\":\"SearchAction\",\"target\":{\"@type\":\"EntryPoint\",\"urlTemplate\":\"https:\/\/greencleangroup.es\/es\/?s={search_term_string}\"},\"query-input\":{\"@type\":\"PropertyValueSpecification\",\"valueRequired\":true,\"valueName\":\"search_term_string\"}}],\"inLanguage\":\"es\"}]}<\/script>\n<!-- \/ Yoast SEO plugin. -->","yoast_head_json":{"title":"Limpieza de canalones - Green Clean Group","robots":{"index":"index","follow":"follow","max-snippet":"max-snippet:-1","max-image-preview":"max-image-preview:large","max-video-preview":"max-video-preview:-1"},"canonical":"https:\/\/greencleangroup.es\/es\/diensten\/limpieza-de-canalones\/","og_locale":"es_ES","og_type":"article","og_title":"Limpieza de canalones - Green Clean Group","og_url":"https:\/\/greencleangroup.es\/es\/diensten\/limpieza-de-canalones\/","og_site_name":"Green Clean Group","article_modified_time":"2023-07-14T20:31:18+00:00","twitter_card":"summary_large_image","twitter_misc":{"Tiempo de lectura":"3 minutos"},"schema":{"@context":"https:\/\/schema.org","@graph":[{"@type":"WebPage","@id":"https:\/\/greencleangroup.es\/es\/diensten\/limpieza-de-canalones\/","url":"https:\/\/greencleangroup.es\/es\/diensten\/limpieza-de-canalones\/","name":"Limpieza de canalones - Green Clean Group","isPartOf":{"@id":"https:\/\/greencleangroup.es\/es\/#website"},"datePublished":"2023-01-26T08:10:22+00:00","dateModified":"2023-07-14T20:31:18+00:00","breadcrumb":{"@id":"https:\/\/greencleangroup.es\/es\/diensten\/limpieza-de-canalones\/#breadcrumb"},"inLanguage":"es","potentialAction":[{"@type":"ReadAction","target":["https:\/\/greencleangroup.es\/es\/diensten\/limpieza-de-canalones\/"]}]},{"@type":"BreadcrumbList","@id":"https:\/\/greencleangroup.es\/es\/diensten\/limpieza-de-canalones\/#breadcrumb","itemListElement":[{"@type":"ListItem","position":1,"name":"Home","item":"https:\/\/greencleangroup.es\/es\/"},{"@type":"ListItem","position":2,"name":"Servicios","item":"https:\/\/greencleangroup.es\/es\/diensten\/"},{"@type":"ListItem","position":3,"name":"Limpieza de canalones"}]},{"@type":"WebSite","@id":"https:\/\/greencleangroup.es\/es\/#website","url":"https:\/\/greencleangroup.es\/es\/","name":"Green Clean Group","description":"Allround exterior cleaning","potentialAction":[{"@type":"SearchAction","target":{"@type":"EntryPoint","urlTemplate":"https:\/\/greencleangroup.es\/es\/?s={search_term_string}"},"query-input":{"@type":"PropertyValueSpecification","valueRequired":true,"valueName":"search_term_string"}}],"inLanguage":"es"}]}},"_links":{"self":[{"href":"https:\/\/greencleangroup.es\/es\/wp-json\/wp\/v2\/pages\/1422","targetHints":{"allow":["GET"]}}],"collection":[{"href":"https:\/\/greencleangroup.es\/es\/wp-json\/wp\/v2\/pages"}],"about":[{"href":"https:\/\/greencleangroup.es\/es\/wp-json\/wp\/v2\/types\/page"}],"author":[{"embeddable":true,"href":"https:\/\/greencleangroup.es\/es\/wp-json\/wp\/v2\/users\/2"}],"replies":[{"embeddable":true,"href":"https:\/\/greencleangroup.es\/es\/wp-json\/wp\/v2\/comments?post=1422"}],"version-history":[{"count":2,"href":"https:\/\/greencleangroup.es\/es\/wp-json\/wp\/v2\/pages\/1422\/revisions"}],"predecessor-version":[{"id":1598,"href":"https:\/\/greencleangroup.es\/es\/wp-json\/wp\/v2\/pages\/1422\/revisions\/1598"}],"up":[{"embeddable":true,"href":"https:\/\/greencleangroup.es\/es\/wp-json\/wp\/v2\/pages\/1377"}],"wp:attachment":[{"href":"https:\/\/greencleangroup.es\/es\/wp-json\/wp\/v2\/media?parent=1422"}],"curies":[{"name":"wp","href":"https:\/\/api.w.org\/{rel}","templated":true}]}}