{"id":1438,"date":"2023-01-26T08:11:06","date_gmt":"2023-01-26T08:11:06","guid":{"rendered":"https:\/\/greencleangroup.es\/diensten\/zonnepanelen-reinigen\/"},"modified":"2023-07-14T20:35:07","modified_gmt":"2023-07-14T20:35:07","slug":"limpieza-de-placas-solares","status":"publish","type":"page","link":"https:\/\/greencleangroup.es\/es\/diensten\/limpieza-de-placas-solares\/","title":{"rendered":"Limpieza de placas solares"},"content":{"rendered":"<div  class='flex_column av-qmzk-d51e79b9e8b3f09a0ff1d878d63aac56 av_one_full  avia-builder-el-0  el_before_av_one_full  avia-builder-el-first  first flex_column_div  '     ><section  class='av_textblock_section av-ldctfr4t-544a47b94c6da0513f7274fa0cad09d2 '   itemscope=\"itemscope\" itemtype=\"https:\/\/schema.org\/CreativeWork\" ><div class='avia_textblock'  itemprop=\"text\" ><div class=\"elementor-element elementor-element-6955de71 jltma-glass-effect-no elementor-widget elementor-widget-heading\" data-id=\"6955de71\" data-element_type=\"widget\" data-widget_type=\"heading.default\">\n<div class=\"elementor-widget-container\">\n<h2 class=\"elementor-heading-title elementor-size-default\">AHORRE ENERG\u00cdA CON PANELES SOLARES LIMPIADOS POR EXPERTOS<\/h2>\n<\/div>\n<\/div>\n<div class=\"elementor-element elementor-element-6318b7b jltma-glass-effect-no elementor-widget elementor-widget-text-editor\" data-id=\"6318b7b\" data-element_type=\"widget\" data-widget_type=\"text-editor.default\">\n<div class=\"elementor-widget-container\">\n<p>Los placas solares son perfectos para almacenar energ\u00eda respetuosa con el medio ambiente. Sin embargo, al cabo de un tiempo, los paneles solares almacenan menos energ\u00eda que cuando los acabas de comprar. Esto puede deberse al envejecimiento, pero tambi\u00e9n a la suciedad de los paneles solares. Al igual que en otras superficies, como la fachada de su casa o local comercial, la suciedad tambi\u00e9n puede depositarse en los paneles solares. Esto no s\u00f3lo es un desperdicio para el medio ambiente, sino tambi\u00e9n para su cartera, ya que unos paneles solares m\u00e1s sucios significan menos energ\u00eda. De este modo, puede conseguir una rentabilidad adicional del 3 al 5% anual. Por tanto, \u00a1limpie sus paneles solares con regularidad!<\/p>\n<h3>Limpieza de placas solares<\/h3>\n<p>Los placas solares son caros. Por lo tanto, es l\u00f3gico que desee mantenerlos lo mejor posible. Por lo tanto, haga que Green Clean Group limpie regularmente sus paneles solares y tendr\u00e1 la seguridad de contar con una empresa de limpieza fiable y con experiencia que puede encargarse de la limpieza de sus paneles solares de forma profesional. P\u00f3ngase en contacto con nosotros para obtener m\u00e1s informaci\u00f3n sobre c\u00f3mo limpiamos sus paneles solares.<\/p>\n<\/div>\n<\/div>\n<\/div><\/section><\/div><div  class='flex_column av-r3vw-626aade3c5309610ea4343dc92766801 av_one_full  avia-builder-el-2  el_after_av_one_full  avia-builder-el-last  first flex_column_div  column-top-margin'     ><div id='av-masonry-1' class='av-masonry av-ldg272ht-adcfd088a1967d3f854ac98e2eb8cd81 noHover av-fixed-size av-no-gap av-hover-overlay-active av-masonry-animation-active av-masonry-col-5 av-caption-always av-caption-style- av-masonry-gallery av-orientation-square ' data-post_id=\"1438\"><div class=\"av-masonry-container isotope av-js-disabled\"><div class='av-masonry-entry isotope-item av-masonry-item-no-image '><\/div><a href=\"https:\/\/greencleangroup.es\/wp-content\/uploads\/2023\/01\/Strak-zonnepanelen-reinigen-3-1030x515.jpg\" data-srcset=\"https:\/\/greencleangroup.es\/wp-content\/uploads\/2023\/01\/Strak-zonnepanelen-reinigen-3-1030x515.jpg 1030w, https:\/\/greencleangroup.es\/wp-content\/uploads\/2023\/01\/Strak-zonnepanelen-reinigen-3-300x150.jpg 300w, https:\/\/greencleangroup.es\/wp-content\/uploads\/2023\/01\/Strak-zonnepanelen-reinigen-3-768x384.jpg 768w, https:\/\/greencleangroup.es\/wp-content\/uploads\/2023\/01\/Strak-zonnepanelen-reinigen-3-1500x750.jpg 1500w, https:\/\/greencleangroup.es\/wp-content\/uploads\/2023\/01\/Strak-zonnepanelen-reinigen-3-705x353.jpg 705w, https:\/\/greencleangroup.es\/wp-content\/uploads\/2023\/01\/Strak-zonnepanelen-reinigen-3.jpg 1536w\" data-sizes=\"(max-width: 1030px) 100vw, 1030px\"  aria-label=\"image Strak zonnepanelen reinigen 3\"  id='av-masonry-1-item-882' data-av-masonry-item='882' class='av-masonry-entry isotope-item post-882 attachment type-attachment status-inherit hentry  av-masonry-item-with-image' title=\"Strak zonnepanelen reinigen 3\" alt=\"\"    itemprop=\"thumbnailUrl\" ><div class='av-inner-masonry-sizer'><\/div><figure class='av-inner-masonry main_color'><div class=\"av-masonry-outerimage-container\"><div class='av-masonry-image-container' style=\"background-image: url(https:\/\/greencleangroup.es\/wp-content\/uploads\/2023\/01\/Strak-zonnepanelen-reinigen-3-705x353.jpg);\"  title=\"Strak zonnepanelen reinigen 3\" ><\/div><\/div><\/figure><\/a><!--end av-masonry entry--><a href=\"https:\/\/greencleangroup.es\/wp-content\/uploads\/2023\/01\/Strak-zonnepanelen-reinigen-2-1030x515.jpg\" data-srcset=\"https:\/\/greencleangroup.es\/wp-content\/uploads\/2023\/01\/Strak-zonnepanelen-reinigen-2-1030x515.jpg 1030w, https:\/\/greencleangroup.es\/wp-content\/uploads\/2023\/01\/Strak-zonnepanelen-reinigen-2-300x150.jpg 300w, https:\/\/greencleangroup.es\/wp-content\/uploads\/2023\/01\/Strak-zonnepanelen-reinigen-2-768x384.jpg 768w, https:\/\/greencleangroup.es\/wp-content\/uploads\/2023\/01\/Strak-zonnepanelen-reinigen-2-1500x750.jpg 1500w, https:\/\/greencleangroup.es\/wp-content\/uploads\/2023\/01\/Strak-zonnepanelen-reinigen-2-705x353.jpg 705w, https:\/\/greencleangroup.es\/wp-content\/uploads\/2023\/01\/Strak-zonnepanelen-reinigen-2.jpg 1536w\" data-sizes=\"(max-width: 1030px) 100vw, 1030px\"  aria-label=\"image Strak zonnepanelen reinigen 2\"  id='av-masonry-1-item-879' data-av-masonry-item='879' class='av-masonry-entry isotope-item post-879 attachment type-attachment status-inherit hentry  av-masonry-item-with-image' title=\"Strak zonnepanelen reinigen 2\" alt=\"\"    itemprop=\"thumbnailUrl\" ><div class='av-inner-masonry-sizer'><\/div><figure class='av-inner-masonry main_color'><div class=\"av-masonry-outerimage-container\"><div class='av-masonry-image-container' style=\"background-image: url(https:\/\/greencleangroup.es\/wp-content\/uploads\/2023\/01\/Strak-zonnepanelen-reinigen-2-705x353.jpg);\"  title=\"Strak zonnepanelen reinigen 2\" ><\/div><\/div><\/figure><\/a><!--end av-masonry entry--><a href=\"https:\/\/greencleangroup.es\/wp-content\/uploads\/2023\/01\/Strak-zonnepanelen-reinigen-1-voor.jpeg\" data-srcset=\"https:\/\/greencleangroup.es\/wp-content\/uploads\/2023\/01\/Strak-zonnepanelen-reinigen-1-voor.jpeg 391w, https:\/\/greencleangroup.es\/wp-content\/uploads\/2023\/01\/Strak-zonnepanelen-reinigen-1-voor-300x253.jpeg 300w\" data-sizes=\"(max-width: 391px) 100vw, 391px\"  aria-label=\"image Strak zonnepanelen reinigen 1 voor\"  id='av-masonry-1-item-870' data-av-masonry-item='870' class='av-masonry-entry isotope-item post-870 attachment type-attachment status-inherit hentry  av-masonry-item-with-image' title=\"Strak zonnepanelen reinigen 1 voor\" alt=\"\"    itemprop=\"thumbnailUrl\" ><div class='av-inner-masonry-sizer'><\/div><figure class='av-inner-masonry main_color'><div class=\"av-masonry-outerimage-container\"><div class='av-masonry-image-container' style=\"background-image: url(https:\/\/greencleangroup.es\/wp-content\/uploads\/2023\/01\/Strak-zonnepanelen-reinigen-1-voor.jpeg);\"  title=\"Strak zonnepanelen reinigen 1 voor\" ><\/div><\/div><\/figure><\/a><!--end av-masonry entry--><a href=\"https:\/\/greencleangroup.es\/wp-content\/uploads\/2023\/01\/Strak-zonnepanelen-reinigen-1.1-na.jpeg\" data-srcset=\"https:\/\/greencleangroup.es\/wp-content\/uploads\/2023\/01\/Strak-zonnepanelen-reinigen-1.1-na.jpeg 391w, https:\/\/greencleangroup.es\/wp-content\/uploads\/2023\/01\/Strak-zonnepanelen-reinigen-1.1-na-300x253.jpeg 300w\" data-sizes=\"(max-width: 391px) 100vw, 391px\"  aria-label=\"image Strak zonnepanelen reinigen 1.1 na\"  id='av-masonry-1-item-873' data-av-masonry-item='873' class='av-masonry-entry isotope-item post-873 attachment type-attachment status-inherit hentry  av-masonry-item-with-image' title=\"Strak zonnepanelen reinigen 1.1 na\" alt=\"\"    itemprop=\"thumbnailUrl\" ><div class='av-inner-masonry-sizer'><\/div><figure class='av-inner-masonry main_color'><div class=\"av-masonry-outerimage-container\"><div class='av-masonry-image-container' style=\"background-image: url(https:\/\/greencleangroup.es\/wp-content\/uploads\/2023\/01\/Strak-zonnepanelen-reinigen-1.1-na.jpeg);\"  title=\"Strak zonnepanelen reinigen 1.1 na\" ><\/div><\/div><\/figure><\/a><!--end av-masonry entry--><a href=\"https:\/\/greencleangroup.es\/wp-content\/uploads\/2023\/01\/Strak-zonnepanelen-reinigen-1.2-na.jpeg\" data-srcset=\"https:\/\/greencleangroup.es\/wp-content\/uploads\/2023\/01\/Strak-zonnepanelen-reinigen-1.2-na.jpeg 391w, https:\/\/greencleangroup.es\/wp-content\/uploads\/2023\/01\/Strak-zonnepanelen-reinigen-1.2-na-300x253.jpeg 300w\" data-sizes=\"(max-width: 391px) 100vw, 391px\"  aria-label=\"image Strak zonnepanelen reinigen 1.2 na\"  id='av-masonry-1-item-876' data-av-masonry-item='876' class='av-masonry-entry isotope-item post-876 attachment type-attachment status-inherit hentry  av-masonry-item-with-image' title=\"Strak zonnepanelen reinigen 1.2 na\" alt=\"\"    itemprop=\"thumbnailUrl\" ><div class='av-inner-masonry-sizer'><\/div><figure class='av-inner-masonry main_color'><div class=\"av-masonry-outerimage-container\"><div class='av-masonry-image-container' style=\"background-image: url(https:\/\/greencleangroup.es\/wp-content\/uploads\/2023\/01\/Strak-zonnepanelen-reinigen-1.2-na.jpeg);\"  title=\"Strak zonnepanelen reinigen 1.2 na\" ><\/div><\/div><\/figure><\/a><!--end av-masonry entry--><\/div><\/div><\/div><\/p>\n","protected":false},"excerpt":{"rendered":"","protected":false},"author":2,"featured_media":0,"parent":1377,"menu_order":0,"comment_status":"closed","ping_status":"closed","template":"","meta":{"_joinchat":[],"footnotes":""},"class_list":["post-1438","page","type-page","status-publish","hentry"],"yoast_head":"<!-- This site is optimized with the Yoast SEO plugin v27.2 - https:\/\/yoast.com\/product\/yoast-seo-wordpress\/ -->\n<title>Limpieza de placas solares - Green Clean Group<\/title>\n<meta name=\"robots\" content=\"index, follow, max-snippet:-1, max-image-preview:large, max-video-preview:-1\" \/>\n<link rel=\"canonical\" href=\"https:\/\/greencleangroup.es\/es\/diensten\/limpieza-de-placas-solares\/\" \/>\n<meta property=\"og:locale\" content=\"es_ES\" \/>\n<meta property=\"og:type\" content=\"article\" \/>\n<meta property=\"og:title\" content=\"Limpieza de placas solares - Green Clean Group\" \/>\n<meta property=\"og:url\" content=\"https:\/\/greencleangroup.es\/es\/diensten\/limpieza-de-placas-solares\/\" \/>\n<meta property=\"og:site_name\" content=\"Green Clean Group\" \/>\n<meta property=\"article:modified_time\" content=\"2023-07-14T20:35:07+00:00\" \/>\n<meta name=\"twitter:card\" content=\"summary_large_image\" \/>\n<meta name=\"twitter:label1\" content=\"Tiempo de lectura\" \/>\n\t<meta name=\"twitter:data1\" content=\"3 minutos\" \/>\n<script type=\"application\/ld+json\" class=\"yoast-schema-graph\">{\"@context\":\"https:\/\/schema.org\",\"@graph\":[{\"@type\":\"WebPage\",\"@id\":\"https:\/\/greencleangroup.es\/es\/diensten\/limpieza-de-placas-solares\/\",\"url\":\"https:\/\/greencleangroup.es\/es\/diensten\/limpieza-de-placas-solares\/\",\"name\":\"Limpieza de placas solares - Green Clean Group\",\"isPartOf\":{\"@id\":\"https:\/\/greencleangroup.es\/es\/#website\"},\"datePublished\":\"2023-01-26T08:11:06+00:00\",\"dateModified\":\"2023-07-14T20:35:07+00:00\",\"breadcrumb\":{\"@id\":\"https:\/\/greencleangroup.es\/es\/diensten\/limpieza-de-placas-solares\/#breadcrumb\"},\"inLanguage\":\"es\",\"potentialAction\":[{\"@type\":\"ReadAction\",\"target\":[\"https:\/\/greencleangroup.es\/es\/diensten\/limpieza-de-placas-solares\/\"]}]},{\"@type\":\"BreadcrumbList\",\"@id\":\"https:\/\/greencleangroup.es\/es\/diensten\/limpieza-de-placas-solares\/#breadcrumb\",\"itemListElement\":[{\"@type\":\"ListItem\",\"position\":1,\"name\":\"Home\",\"item\":\"https:\/\/greencleangroup.es\/es\/\"},{\"@type\":\"ListItem\",\"position\":2,\"name\":\"Servicios\",\"item\":\"https:\/\/greencleangroup.es\/es\/diensten\/\"},{\"@type\":\"ListItem\",\"position\":3,\"name\":\"Limpieza de placas solares\"}]},{\"@type\":\"WebSite\",\"@id\":\"https:\/\/greencleangroup.es\/es\/#website\",\"url\":\"https:\/\/greencleangroup.es\/es\/\",\"name\":\"Green Clean Group\",\"description\":\"Allround exterior cleaning\",\"potentialAction\":[{\"@type\":\"SearchAction\",\"target\":{\"@type\":\"EntryPoint\",\"urlTemplate\":\"https:\/\/greencleangroup.es\/es\/?s={search_term_string}\"},\"query-input\":{\"@type\":\"PropertyValueSpecification\",\"valueRequired\":true,\"valueName\":\"search_term_string\"}}],\"inLanguage\":\"es\"}]}<\/script>\n<!-- \/ Yoast SEO plugin. -->","yoast_head_json":{"title":"Limpieza de placas solares - Green Clean Group","robots":{"index":"index","follow":"follow","max-snippet":"max-snippet:-1","max-image-preview":"max-image-preview:large","max-video-preview":"max-video-preview:-1"},"canonical":"https:\/\/greencleangroup.es\/es\/diensten\/limpieza-de-placas-solares\/","og_locale":"es_ES","og_type":"article","og_title":"Limpieza de placas solares - Green Clean Group","og_url":"https:\/\/greencleangroup.es\/es\/diensten\/limpieza-de-placas-solares\/","og_site_name":"Green Clean Group","article_modified_time":"2023-07-14T20:35:07+00:00","twitter_card":"summary_large_image","twitter_misc":{"Tiempo de lectura":"3 minutos"},"schema":{"@context":"https:\/\/schema.org","@graph":[{"@type":"WebPage","@id":"https:\/\/greencleangroup.es\/es\/diensten\/limpieza-de-placas-solares\/","url":"https:\/\/greencleangroup.es\/es\/diensten\/limpieza-de-placas-solares\/","name":"Limpieza de placas solares - Green Clean Group","isPartOf":{"@id":"https:\/\/greencleangroup.es\/es\/#website"},"datePublished":"2023-01-26T08:11:06+00:00","dateModified":"2023-07-14T20:35:07+00:00","breadcrumb":{"@id":"https:\/\/greencleangroup.es\/es\/diensten\/limpieza-de-placas-solares\/#breadcrumb"},"inLanguage":"es","potentialAction":[{"@type":"ReadAction","target":["https:\/\/greencleangroup.es\/es\/diensten\/limpieza-de-placas-solares\/"]}]},{"@type":"BreadcrumbList","@id":"https:\/\/greencleangroup.es\/es\/diensten\/limpieza-de-placas-solares\/#breadcrumb","itemListElement":[{"@type":"ListItem","position":1,"name":"Home","item":"https:\/\/greencleangroup.es\/es\/"},{"@type":"ListItem","position":2,"name":"Servicios","item":"https:\/\/greencleangroup.es\/es\/diensten\/"},{"@type":"ListItem","position":3,"name":"Limpieza de placas solares"}]},{"@type":"WebSite","@id":"https:\/\/greencleangroup.es\/es\/#website","url":"https:\/\/greencleangroup.es\/es\/","name":"Green Clean Group","description":"Allround exterior cleaning","potentialAction":[{"@type":"SearchAction","target":{"@type":"EntryPoint","urlTemplate":"https:\/\/greencleangroup.es\/es\/?s={search_term_string}"},"query-input":{"@type":"PropertyValueSpecification","valueRequired":true,"valueName":"search_term_string"}}],"inLanguage":"es"}]}},"_links":{"self":[{"href":"https:\/\/greencleangroup.es\/es\/wp-json\/wp\/v2\/pages\/1438","targetHints":{"allow":["GET"]}}],"collection":[{"href":"https:\/\/greencleangroup.es\/es\/wp-json\/wp\/v2\/pages"}],"about":[{"href":"https:\/\/greencleangroup.es\/es\/wp-json\/wp\/v2\/types\/page"}],"author":[{"embeddable":true,"href":"https:\/\/greencleangroup.es\/es\/wp-json\/wp\/v2\/users\/2"}],"replies":[{"embeddable":true,"href":"https:\/\/greencleangroup.es\/es\/wp-json\/wp\/v2\/comments?post=1438"}],"version-history":[{"count":2,"href":"https:\/\/greencleangroup.es\/es\/wp-json\/wp\/v2\/pages\/1438\/revisions"}],"predecessor-version":[{"id":1599,"href":"https:\/\/greencleangroup.es\/es\/wp-json\/wp\/v2\/pages\/1438\/revisions\/1599"}],"up":[{"embeddable":true,"href":"https:\/\/greencleangroup.es\/es\/wp-json\/wp\/v2\/pages\/1377"}],"wp:attachment":[{"href":"https:\/\/greencleangroup.es\/es\/wp-json\/wp\/v2\/media?parent=1438"}],"curies":[{"name":"wp","href":"https:\/\/api.w.org\/{rel}","templated":true}]}}