{"id":1489,"date":"2023-01-26T08:17:46","date_gmt":"2023-01-26T08:17:46","guid":{"rendered":"https:\/\/greencleangroup.es\/softwash\/gevelreiniging\/"},"modified":"2023-07-14T20:57:07","modified_gmt":"2023-07-14T20:57:07","slug":"limpieza-de-fachadas","status":"publish","type":"page","link":"https:\/\/greencleangroup.es\/es\/softwash\/limpieza-de-fachadas\/","title":{"rendered":"Limpieza de fachadas"},"content":{"rendered":"<div  class='flex_column av-s8k7-55c8e639a6c129545808e28152042395 av_one_full  avia-builder-el-0  el_before_av_one_half  avia-builder-el-first  first flex_column_div  '     ><section  class='av_textblock_section av-ldctojm1-de1ff4a9ad905305aa2839208e7f679a '   itemscope=\"itemscope\" itemtype=\"https:\/\/schema.org\/CreativeWork\" ><div class='avia_textblock'  itemprop=\"text\" ><div class=\"elementor-element elementor-element-3d50621b jltma-glass-effect-no elementor-widget elementor-widget-heading\" data-id=\"3d50621b\" data-element_type=\"widget\" data-widget_type=\"heading.default\">\n<div class=\"elementor-widget-container\">\n<h2 class=\"elementor-heading-title elementor-size-default\">LIMPIEZA DE FACHADAS RESIDENCIALES, \u00a1GREEN CLEAN GROUP EST\u00c1 AQU\u00cd PARA USTED!<\/h2>\n<\/div>\n<\/div>\n<div class=\"elementor-element elementor-element-811e4d5 jltma-glass-effect-no elementor-widget elementor-widget-text-editor\" data-id=\"811e4d5\" data-element_type=\"widget\" data-widget_type=\"text-editor.default\">\n<div class=\"elementor-widget-container\">\n<p>Algunos piensan que es arte, otros que es terrible: graffiti. En Green Clean Group, conocemos las historias de empresarios y particulares a los que les molestan las pintadas en su edificio o casa y, por lo tanto, sabemos mejor que nadie cu\u00e1l es la mejor forma de ayudarle a eliminar las pintadas. Para obtener el mejor resultado, recomendamos la eliminaci\u00f3n profesional de graffitis. Despu\u00e9s de todo, la eliminaci\u00f3n de graffitis puede ser complicada. Especialmente despu\u00e9s de un largo per\u00edodo, cuando la pintura se ha hundido. En Green Clean Group utilizamos varios m\u00e9todos para eliminar las pintadas. El m\u00e9todo que utilicemos depender\u00e1 del grado de hundimiento de la pintura. \u00bfSe pregunta c\u00f3mo podemos ayudarle a eliminar las pintadas? P\u00f3ngase en contacto con nosotros hoy mismo. Estamos a su servicio en Alicante, Murcia, Benidorm y m\u00e1s all\u00e1.<\/p>\n<\/div>\n<\/div>\n<\/div><\/section><\/div><div  class='flex_column av-22wf7-2c06ed8588b4654e227a99352985e2ff av_one_half  avia-builder-el-2  el_after_av_one_full  el_before_av_one_half  first flex_column_div  column-top-margin'     ><style type=\"text\/css\" data-created_by=\"avia_inline_auto\" id=\"style-css-av-lj5fhlxe-f59393d002fc91111c5f97e237b097fe\">\n.avia-image-diff-container.av-lj5fhlxe-f59393d002fc91111c5f97e237b097fe .av-image-diff-handle{\nbox-shadow:0 0 12px rgba(51, 51, 51, 0.5);\n}\n.avia-image-diff-container.av-lj5fhlxe-f59393d002fc91111c5f97e237b097fe .av-image-diff-handle:before{\nbox-shadow:0 3px 0 #fff, 0px 0px 12px rgba(51, 51, 51, 0.5);\n}\n.avia-image-diff-container.av-lj5fhlxe-f59393d002fc91111c5f97e237b097fe .av-image-diff-handle:after{\nbox-shadow:0 3px 0 #fff, 0px 0px 12px rgba(51, 51, 51, 0.5);\n}\n<\/style>\n<div  class='avia-image-diff-container av-lj5fhlxe-f59393d002fc91111c5f97e237b097fe av-handle-vertical av-handle-circle av-handle-border btn-style-rounded av-line-default avia-align-center  avia-builder-el-3  avia-builder-el-no-sibling ' data-image_diff=\"{&quot;drag_start&quot;:&quot;&quot;}\"  itemprop=\"image\" itemscope=\"itemscope\" itemtype=\"https:\/\/schema.org\/ImageObject\" ><div class=\"av-image-diff-wrapper\"><img decoding=\"async\" fetchpriority=\"high\" class='wp-image-1051 avia-img-lazy-loading-not-1051 avia_image av-img-before ' src=\"https:\/\/greencleangroup.es\/wp-content\/uploads\/2023\/06\/Green-Clean-Group-Softwash-balcony-Before-2-710x375.jpeg\" alt='' title='Green Clean Group - Softwash - balcony - Before-2'  height=\"375\" width=\"710\"  itemprop=\"thumbnailUrl\"  \/><img decoding=\"async\" fetchpriority=\"high\" class='wp-image-1035 avia-img-lazy-loading-not-1035 avia_image av-img-after' src=\"https:\/\/greencleangroup.es\/wp-content\/uploads\/2023\/06\/Green-Clean-Group-Softwash-balcony-After-2-710x375.jpeg\" alt='' title='Green Clean Group - Softwash - balcony - After-2'  height=\"375\" width=\"710\"  itemprop=\"thumbnailUrl\"  \/><div class=\"av-image-diff-overlay\"><span class=\"av-img-diff-label label-before\">Antes<\/span><span class=\"av-img-diff-label label-after\">Despues<\/span><\/div><div class=\"av-image-diff-handle\"><span class=\"av-handle-arrow av-handle-left-arrow\"><\/span><span class=\"av-handle-arrow av-handle-right-arrow\"><\/span><\/div><\/div><\/div><\/div><div  class='flex_column av-1r7qr-58639f05a66348eb2c054e2f48b68392 av_one_half  avia-builder-el-4  el_after_av_one_half  el_before_av_two_third  flex_column_div  column-top-margin'     ><style type=\"text\/css\" data-created_by=\"avia_inline_auto\" id=\"style-css-av-12lh7-5d7888fc5c965dfed0742fcd43b84014\">\n.avia-image-diff-container.av-12lh7-5d7888fc5c965dfed0742fcd43b84014 .av-image-diff-handle{\nbox-shadow:0 0 12px rgba(51, 51, 51, 0.5);\n}\n.avia-image-diff-container.av-12lh7-5d7888fc5c965dfed0742fcd43b84014 .av-image-diff-handle:before{\nbox-shadow:0 3px 0 #fff, 0px 0px 12px rgba(51, 51, 51, 0.5);\n}\n.avia-image-diff-container.av-12lh7-5d7888fc5c965dfed0742fcd43b84014 .av-image-diff-handle:after{\nbox-shadow:0 3px 0 #fff, 0px 0px 12px rgba(51, 51, 51, 0.5);\n}\n<\/style>\n<div  class='avia-image-diff-container av-12lh7-5d7888fc5c965dfed0742fcd43b84014 av-handle-vertical av-handle-circle av-handle-border btn-style-rounded av-line-default avia-align-center  avia-builder-el-5  avia-builder-el-no-sibling ' data-image_diff=\"{&quot;drag_start&quot;:&quot;&quot;}\"  itemprop=\"image\" itemscope=\"itemscope\" itemtype=\"https:\/\/schema.org\/ImageObject\" ><div class=\"av-image-diff-wrapper\"><img decoding=\"async\" fetchpriority=\"high\" class='wp-image-1291 avia-img-lazy-loading-not-1291 avia_image av-img-before ' src=\"https:\/\/greencleangroup.es\/wp-content\/uploads\/2023\/07\/Green-Clean-Group-Softwash-balcony-2-Before-710x375.jpeg\" alt='' title='Green Clean Group - Softwash - balc\u00f3n 2 - Antes'  height=\"375\" width=\"710\"  itemprop=\"thumbnailUrl\"  \/><img decoding=\"async\" fetchpriority=\"high\" class='wp-image-1287 avia-img-lazy-loading-not-1287 avia_image av-img-after' src=\"https:\/\/greencleangroup.es\/wp-content\/uploads\/2023\/07\/Green-Clean-Group-Softwash-balcony-2-After-710x375.jpeg\" alt='' title='Green Clean Group - Softwash - balc\u00f3n 2 - despues'  height=\"375\" width=\"710\"  itemprop=\"thumbnailUrl\"  \/><div class=\"av-image-diff-overlay\"><span class=\"av-img-diff-label label-before\">Antes<\/span><span class=\"av-img-diff-label label-after\">Despues<\/span><\/div><div class=\"av-image-diff-handle\"><span class=\"av-handle-arrow av-handle-left-arrow\"><\/span><span class=\"av-handle-arrow av-handle-right-arrow\"><\/span><\/div><\/div><\/div><\/div><div  class='flex_column av-12wnz-e737306f9f7b212998973f6f56977ad4 av_two_third  avia-builder-el-6  el_after_av_one_half  el_before_av_one_third  first flex_column_div  column-top-margin'     ><section  class='av_textblock_section av-ldctq8t5-02535a18ce9cc608d16337cba20cf570 '   itemscope=\"itemscope\" itemtype=\"https:\/\/schema.org\/CreativeWork\" ><div class='avia_textblock'  itemprop=\"text\" ><div class=\"elementor-element elementor-element-d16da09 jltma-glass-effect-no elementor-widget elementor-widget-heading\" data-id=\"d16da09\" data-element_type=\"widget\" data-widget_type=\"heading.default\">\n<div class=\"elementor-widget-container\">\n<h4 class=\"elementor-heading-title elementor-size-default\">Limpiar Trespa<\/h4>\n<\/div>\n<\/div>\n<div class=\"elementor-element elementor-element-bf97b69 jltma-glass-effect-no elementor-widget elementor-widget-text-editor\" data-id=\"bf97b69\" data-element_type=\"widget\" data-widget_type=\"text-editor.default\">\n<div class=\"elementor-widget-container\">\n<p>Trespa es un material duradero y, por tanto, muy popular para su aplicaci\u00f3n en edificios residenciales y comerciales. El material dura unos 30 a\u00f1os y requiere poco mantenimiento. No obstante, se recomienda una limpieza regular. Trespa existe como revestimiento exterior y como revestimiento interior, ambos requieren un m\u00e9todo diferente de limpieza. Green Clean Group se especializa en la limpieza de trespa y puede ayudarle a limpiar tanto el revestimiento exterior como el revestimiento interior de trespa. P\u00f3ngase en contacto con nosotros para obtener m\u00e1s informaci\u00f3n.<\/p>\n<\/div>\n<\/div>\n<\/div><\/section><\/div><div  class='flex_column av-1916v-d8a54691d0a805b0d7cc91f44deb1fcd av_one_third  avia-builder-el-8  el_after_av_two_third  el_before_av_one_third  flex_column_div  column-top-margin'     ><style type=\"text\/css\" data-created_by=\"avia_inline_auto\" id=\"style-css-av-ldhphura-c02ae2bd638e2b19545847c1222952c4\">\n.avia-image-container.av-ldhphura-c02ae2bd638e2b19545847c1222952c4 img.avia_image{\nbox-shadow:none;\n}\n.avia-image-container.av-ldhphura-c02ae2bd638e2b19545847c1222952c4 .av-image-caption-overlay-center{\ncolor:#ffffff;\n}\n<\/style>\n<div  class='avia-image-container av-ldhphura-c02ae2bd638e2b19545847c1222952c4 av-styling- avia-align-center  avia-builder-el-9  avia-builder-el-no-sibling '   itemprop=\"image\" itemscope=\"itemscope\" itemtype=\"https:\/\/schema.org\/ImageObject\" ><div class=\"avia-image-container-inner\"><div class=\"avia-image-overlay-wrap\"><img decoding=\"async\" fetchpriority=\"high\" class='wp-image-852 avia-img-lazy-loading-not-852 avia_image ' src=\"https:\/\/greencleangroup.es\/wp-content\/uploads\/2023\/01\/Strak-Trespa-reiniging.jpeg\" alt='' title='Strak Trespa reiniging'  height=\"380\" width=\"570\"  itemprop=\"thumbnailUrl\" srcset=\"https:\/\/greencleangroup.es\/wp-content\/uploads\/2023\/01\/Strak-Trespa-reiniging.jpeg 570w, https:\/\/greencleangroup.es\/wp-content\/uploads\/2023\/01\/Strak-Trespa-reiniging-300x200.jpeg 300w\" sizes=\"(max-width: 570px) 100vw, 570px\" \/><\/div><\/div><\/div><\/div><\/p>\n<div  class='flex_column av-zr0b-daa81de784e06f9900a2356ec4ea4701 av_one_third  avia-builder-el-10  el_after_av_one_third  el_before_av_two_third  first flex_column_div  column-top-margin'     ><style type=\"text\/css\" data-created_by=\"avia_inline_auto\" id=\"style-css-av-ldhpii3m-df98e4b69d7dde907fb66b269ea27d8f\">\n.avia-image-container.av-ldhpii3m-df98e4b69d7dde907fb66b269ea27d8f img.avia_image{\nbox-shadow:none;\n}\n.avia-image-container.av-ldhpii3m-df98e4b69d7dde907fb66b269ea27d8f .av-image-caption-overlay-center{\ncolor:#ffffff;\n}\n<\/style>\n<div  class='avia-image-container av-ldhpii3m-df98e4b69d7dde907fb66b269ea27d8f av-styling- avia-align-center  avia-builder-el-11  avia-builder-el-no-sibling '   itemprop=\"image\" itemscope=\"itemscope\" itemtype=\"https:\/\/schema.org\/ImageObject\" ><div class=\"avia-image-container-inner\"><div class=\"avia-image-overlay-wrap\"><img decoding=\"async\" fetchpriority=\"high\" class='wp-image-849 avia-img-lazy-loading-not-849 avia_image ' src=\"https:\/\/greencleangroup.es\/wp-content\/uploads\/2023\/01\/Strak-kunsttofreiniging-1-voor-en-na.jpeg\" alt='' title='Strak kunsttofreiniging 1 voor en na'  height=\"411\" width=\"1000\"  itemprop=\"thumbnailUrl\" srcset=\"https:\/\/greencleangroup.es\/wp-content\/uploads\/2023\/01\/Strak-kunsttofreiniging-1-voor-en-na.jpeg 1000w, https:\/\/greencleangroup.es\/wp-content\/uploads\/2023\/01\/Strak-kunsttofreiniging-1-voor-en-na-300x123.jpeg 300w, https:\/\/greencleangroup.es\/wp-content\/uploads\/2023\/01\/Strak-kunsttofreiniging-1-voor-en-na-768x316.jpeg 768w, https:\/\/greencleangroup.es\/wp-content\/uploads\/2023\/01\/Strak-kunsttofreiniging-1-voor-en-na-705x290.jpeg 705w\" sizes=\"(max-width: 1000px) 100vw, 1000px\" \/><\/div><\/div><\/div><\/div>\n<div  class='flex_column av-yq4j-d8e2050001703d86010732b97580328c av_two_third  avia-builder-el-12  el_after_av_one_third  avia-builder-el-last  flex_column_div  column-top-margin'     ><section  class='av_textblock_section av-ldctqwll-5835ae43dcd15bc2ac83348c2bb25e86 '   itemscope=\"itemscope\" itemtype=\"https:\/\/schema.org\/CreativeWork\" ><div class='avia_textblock'  itemprop=\"text\" ><section class=\"has_ma_el_bg_slider elementor-section elementor-inner-section elementor-element elementor-element-5ec748b elementor-section-boxed elementor-section-height-default elementor-section-height-default jltma-glass-effect-no\" data-id=\"5ec748b\" data-element_type=\"section\">\n<div class=\"elementor-container elementor-column-gap-default\">\n<div class=\"has_ma_el_bg_slider elementor-column elementor-col-50 elementor-inner-column elementor-element elementor-element-c23901e jltma-glass-effect-no\" data-id=\"c23901e\" data-element_type=\"column\">\n<div class=\"elementor-widget-wrap elementor-element-populated\">\n<div class=\"elementor-element elementor-element-7042ec6 jltma-glass-effect-no elementor-widget elementor-widget-heading\" data-id=\"7042ec6\" data-element_type=\"widget\" data-widget_type=\"heading.default\">\n<div class=\"elementor-widget-container\">\n<h2 class=\"elementor-heading-title elementor-size-default\">Limpieza de pl\u00e1sticos<\/h2>\n<\/div>\n<\/div>\n<div class=\"elementor-element elementor-element-ec20600 jltma-glass-effect-no elementor-widget elementor-widget-text-editor\" data-id=\"ec20600\" data-element_type=\"widget\" data-widget_type=\"text-editor.default\">\n<div class=\"elementor-widget-container\">\n<p>El pl\u00e1stico es un material que requiere poco mantenimiento, por lo que es muy popular como marco de ventana o buhardilla, por ejemplo. Lo que mucha gente olvida a veces es limpiar el pl\u00e1stico con regularidad. Aunque el material requiere poco mantenimiento, todo material necesita un mantenimiento. Con el tiempo, la suciedad puede penetrar en el pl\u00e1stico. Esto es a\u00fan m\u00e1s cierto cuando el pl\u00e1stico est\u00e1 en el exterior. Por ello, en Green Clean Group recomendamos limpiar los marcos de pl\u00e1stico de sus ventanas y\/o buhardillas cada seis meses.<\/p>\n<\/div>\n<\/div>\n<\/div>\n<\/div>\n<\/div>\n<\/section>\n<div class=\"elementor-element elementor-element-114260e5 jltma-glass-effect-no elementor-widget elementor-widget-text-editor\" data-id=\"114260e5\" data-element_type=\"widget\" data-widget_type=\"text-editor.default\">\n<div class=\"elementor-widget-container\">\n<h3>Solicite un presupuesto sin compromiso a Green Clean Group<\/h3>\n<p>Podemos combinar perfectamente la limpieza de los marcos de sus ventanas y\/o piezas de trespa con la limpieza y vaciado de sus canalones, por ejemplo.<\/p>\n<p>Si desea m\u00e1s informaci\u00f3n, p\u00f3ngase en contacto con nosotros.<\/p>\n<\/div>\n<\/div>\n<div class=\"paragraph\"><\/div>\n<\/div><\/section><\/div>\n","protected":false},"excerpt":{"rendered":"","protected":false},"author":2,"featured_media":0,"parent":1450,"menu_order":0,"comment_status":"closed","ping_status":"closed","template":"","meta":{"_joinchat":[],"footnotes":""},"class_list":["post-1489","page","type-page","status-publish","hentry"],"yoast_head":"<!-- This site is optimized with the Yoast SEO plugin v27.2 - https:\/\/yoast.com\/product\/yoast-seo-wordpress\/ -->\n<title>Limpieza de fachadas - Green Clean Group<\/title>\n<meta name=\"robots\" content=\"index, follow, max-snippet:-1, max-image-preview:large, max-video-preview:-1\" \/>\n<link rel=\"canonical\" href=\"https:\/\/greencleangroup.es\/es\/softwash\/limpieza-de-fachadas\/\" \/>\n<meta property=\"og:locale\" content=\"es_ES\" \/>\n<meta property=\"og:type\" content=\"article\" \/>\n<meta property=\"og:title\" content=\"Limpieza de fachadas - Green Clean Group\" \/>\n<meta property=\"og:url\" content=\"https:\/\/greencleangroup.es\/es\/softwash\/limpieza-de-fachadas\/\" \/>\n<meta property=\"og:site_name\" content=\"Green Clean Group\" \/>\n<meta property=\"article:modified_time\" content=\"2023-07-14T20:57:07+00:00\" \/>\n<meta name=\"twitter:card\" content=\"summary_large_image\" \/>\n<meta name=\"twitter:label1\" content=\"Tiempo de lectura\" \/>\n\t<meta name=\"twitter:data1\" content=\"8 minutos\" \/>\n<script type=\"application\/ld+json\" class=\"yoast-schema-graph\">{\"@context\":\"https:\/\/schema.org\",\"@graph\":[{\"@type\":\"WebPage\",\"@id\":\"https:\/\/greencleangroup.es\/es\/softwash\/limpieza-de-fachadas\/\",\"url\":\"https:\/\/greencleangroup.es\/es\/softwash\/limpieza-de-fachadas\/\",\"name\":\"Limpieza de fachadas - Green Clean Group\",\"isPartOf\":{\"@id\":\"https:\/\/greencleangroup.es\/es\/#website\"},\"datePublished\":\"2023-01-26T08:17:46+00:00\",\"dateModified\":\"2023-07-14T20:57:07+00:00\",\"breadcrumb\":{\"@id\":\"https:\/\/greencleangroup.es\/es\/softwash\/limpieza-de-fachadas\/#breadcrumb\"},\"inLanguage\":\"es\",\"potentialAction\":[{\"@type\":\"ReadAction\",\"target\":[\"https:\/\/greencleangroup.es\/es\/softwash\/limpieza-de-fachadas\/\"]}]},{\"@type\":\"BreadcrumbList\",\"@id\":\"https:\/\/greencleangroup.es\/es\/softwash\/limpieza-de-fachadas\/#breadcrumb\",\"itemListElement\":[{\"@type\":\"ListItem\",\"position\":1,\"name\":\"Home\",\"item\":\"https:\/\/greencleangroup.es\/es\/\"},{\"@type\":\"ListItem\",\"position\":2,\"name\":\"Softwash\",\"item\":\"https:\/\/greencleangroup.es\/es\/softwash\/\"},{\"@type\":\"ListItem\",\"position\":3,\"name\":\"Limpieza de fachadas\"}]},{\"@type\":\"WebSite\",\"@id\":\"https:\/\/greencleangroup.es\/es\/#website\",\"url\":\"https:\/\/greencleangroup.es\/es\/\",\"name\":\"Green Clean Group\",\"description\":\"Allround exterior cleaning\",\"potentialAction\":[{\"@type\":\"SearchAction\",\"target\":{\"@type\":\"EntryPoint\",\"urlTemplate\":\"https:\/\/greencleangroup.es\/es\/?s={search_term_string}\"},\"query-input\":{\"@type\":\"PropertyValueSpecification\",\"valueRequired\":true,\"valueName\":\"search_term_string\"}}],\"inLanguage\":\"es\"}]}<\/script>\n<!-- \/ Yoast SEO plugin. -->","yoast_head_json":{"title":"Limpieza de fachadas - Green Clean Group","robots":{"index":"index","follow":"follow","max-snippet":"max-snippet:-1","max-image-preview":"max-image-preview:large","max-video-preview":"max-video-preview:-1"},"canonical":"https:\/\/greencleangroup.es\/es\/softwash\/limpieza-de-fachadas\/","og_locale":"es_ES","og_type":"article","og_title":"Limpieza de fachadas - Green Clean Group","og_url":"https:\/\/greencleangroup.es\/es\/softwash\/limpieza-de-fachadas\/","og_site_name":"Green Clean Group","article_modified_time":"2023-07-14T20:57:07+00:00","twitter_card":"summary_large_image","twitter_misc":{"Tiempo de lectura":"8 minutos"},"schema":{"@context":"https:\/\/schema.org","@graph":[{"@type":"WebPage","@id":"https:\/\/greencleangroup.es\/es\/softwash\/limpieza-de-fachadas\/","url":"https:\/\/greencleangroup.es\/es\/softwash\/limpieza-de-fachadas\/","name":"Limpieza de fachadas - Green Clean Group","isPartOf":{"@id":"https:\/\/greencleangroup.es\/es\/#website"},"datePublished":"2023-01-26T08:17:46+00:00","dateModified":"2023-07-14T20:57:07+00:00","breadcrumb":{"@id":"https:\/\/greencleangroup.es\/es\/softwash\/limpieza-de-fachadas\/#breadcrumb"},"inLanguage":"es","potentialAction":[{"@type":"ReadAction","target":["https:\/\/greencleangroup.es\/es\/softwash\/limpieza-de-fachadas\/"]}]},{"@type":"BreadcrumbList","@id":"https:\/\/greencleangroup.es\/es\/softwash\/limpieza-de-fachadas\/#breadcrumb","itemListElement":[{"@type":"ListItem","position":1,"name":"Home","item":"https:\/\/greencleangroup.es\/es\/"},{"@type":"ListItem","position":2,"name":"Softwash","item":"https:\/\/greencleangroup.es\/es\/softwash\/"},{"@type":"ListItem","position":3,"name":"Limpieza de fachadas"}]},{"@type":"WebSite","@id":"https:\/\/greencleangroup.es\/es\/#website","url":"https:\/\/greencleangroup.es\/es\/","name":"Green Clean Group","description":"Allround exterior cleaning","potentialAction":[{"@type":"SearchAction","target":{"@type":"EntryPoint","urlTemplate":"https:\/\/greencleangroup.es\/es\/?s={search_term_string}"},"query-input":{"@type":"PropertyValueSpecification","valueRequired":true,"valueName":"search_term_string"}}],"inLanguage":"es"}]}},"_links":{"self":[{"href":"https:\/\/greencleangroup.es\/es\/wp-json\/wp\/v2\/pages\/1489","targetHints":{"allow":["GET"]}}],"collection":[{"href":"https:\/\/greencleangroup.es\/es\/wp-json\/wp\/v2\/pages"}],"about":[{"href":"https:\/\/greencleangroup.es\/es\/wp-json\/wp\/v2\/types\/page"}],"author":[{"embeddable":true,"href":"https:\/\/greencleangroup.es\/es\/wp-json\/wp\/v2\/users\/2"}],"replies":[{"embeddable":true,"href":"https:\/\/greencleangroup.es\/es\/wp-json\/wp\/v2\/comments?post=1489"}],"version-history":[{"count":2,"href":"https:\/\/greencleangroup.es\/es\/wp-json\/wp\/v2\/pages\/1489\/revisions"}],"predecessor-version":[{"id":1603,"href":"https:\/\/greencleangroup.es\/es\/wp-json\/wp\/v2\/pages\/1489\/revisions\/1603"}],"up":[{"embeddable":true,"href":"https:\/\/greencleangroup.es\/es\/wp-json\/wp\/v2\/pages\/1450"}],"wp:attachment":[{"href":"https:\/\/greencleangroup.es\/es\/wp-json\/wp\/v2\/media?parent=1489"}],"curies":[{"name":"wp","href":"https:\/\/api.w.org\/{rel}","templated":true}]}}