{"id":1504,"date":"2023-01-26T08:18:36","date_gmt":"2023-01-26T08:18:36","guid":{"rendered":"https:\/\/greencleangroup.es\/softwash\/reiniging-schuttingen-terrassen-etc\/"},"modified":"2023-07-14T20:59:27","modified_gmt":"2023-07-14T20:59:27","slug":"limpieza-de-vallas-terrazas-etc","status":"publish","type":"page","link":"https:\/\/greencleangroup.es\/es\/softwash\/limpieza-de-vallas-terrazas-etc\/","title":{"rendered":"Limpieza de vallas, terrazas, etc."},"content":{"rendered":"<div  class='flex_column av-10hjx-b9d34968a1e8bbaddcebdacb65390315 av_one_full  avia-builder-el-0  el_before_av_one_full  avia-builder-el-first  first flex_column_div  '     ><section  class='av_textblock_section av-ldctplul-34db9abb163f1ae82d7ae8a092da48eb '   itemscope=\"itemscope\" itemtype=\"https:\/\/schema.org\/CreativeWork\" ><div class='avia_textblock'  itemprop=\"text\" ><div class=\"elementor-element elementor-element-65faf85e jltma-glass-effect-no elementor-widget elementor-widget-heading\" data-id=\"65faf85e\" data-element_type=\"widget\" data-widget_type=\"heading.default\">\n<div class=\"elementor-widget-container\">\n<h2 class=\"elementor-heading-title elementor-size-default\">LIMPIEZA DE VALLAS, TERRAZAS, PORCHES Y MUCHO M\u00c1S.<\/h2>\n<\/div>\n<\/div>\n<div class=\"elementor-element elementor-element-2576b3a jltma-glass-effect-no elementor-widget elementor-widget-text-editor\" data-id=\"2576b3a\" data-element_type=\"widget\" data-widget_type=\"text-editor.default\">\n<div class=\"elementor-widget-container\">\n<p>El barniz y la suciedad, as\u00ed como el calor del sol en verano, quemar\u00e1n el cristal y el marco si no lo limpia a tiempo y con regularidad. Para obtener los mejores resultados, recomendamos limpiar la veranda al menos tres veces al a\u00f1o si vive en un entorno no contaminado. Si su veranda da al norte, tiene \u00e1rboles cerca o est\u00e1 situada en un entorno natural, recomendamos limpiarla cada ocho semanas.<\/p>\n<h3>Limpie su porche a tiempo<\/h3>\n<p>El musgo, el moho y los dep\u00f3sitos verdes crecen m\u00e1s r\u00e1pido en zonas con poca o ninguna luz solar. En particular, el musgo crece bajo y entre las gomas de sellado de la cristaler\u00eda, provocando que su veranda se desgaste mucho m\u00e1s r\u00e1pido y no permanezca estanca a la lluvia o al agua. Esto se debe a que el crecimiento del musgo empuja las gomas hacia arriba o hacia los lados.<\/p>\n<h3>Limpiar el porche preserva su vida \u00fatil<\/h3>\n<p>Si el crecimiento del musgo ha crecido demasiado, la sustituci\u00f3n de gomas y marcos es inminente y tambi\u00e9n le supondr\u00e1 gastos. Es m\u00e1s barato encargar temporalmente una limpieza de su veranda a profesionales, del equipo de Strak Glazenwasserij, que volver a cambiar los cristales o el marco de su veranda. Un mantenimiento regular de los cristales y las ventanas de su veranda aumentar\u00e1 significativamente el brillo y la longevidad de su veranda.<\/p>\n<h3>\u00bfDesea m\u00e1s informaci\u00f3n sobre nuestros servicios de limpieza?<\/h3>\n<p>P\u00f3ngase en contacto con nosotros para obtener m\u00e1s informaci\u00f3n sobre la limpieza de su veranda, patio o valla. Estamos aqu\u00ed para trabajos peque\u00f1os y grandes y para particulares y empresas. Puede contactar con nosotros en la Costa Blanca<\/p>\n<\/div>\n<\/div>\n<div class=\"elementor-element elementor-element-64ec7648 jltma-glass-effect-no elementor-widget elementor-widget-gallery\" data-id=\"64ec7648\" data-element_type=\"widget\" data-settings=\"{&quot;gap&quot;:{&quot;unit&quot;:&quot;px&quot;,&quot;size&quot;:0,&quot;sizes&quot;:&#091;&#093;},&quot;aspect_ratio&quot;:&quot;4:3&quot;,&quot;lazyload&quot;:&quot;yes&quot;,&quot;gallery_layout&quot;:&quot;grid&quot;,&quot;columns&quot;:4,&quot;columns_tablet&quot;:2,&quot;columns_mobile&quot;:1,&quot;gap_tablet&quot;:{&quot;unit&quot;:&quot;px&quot;,&quot;size&quot;:10,&quot;sizes&quot;:&#091;&#093;},&quot;gap_mobile&quot;:{&quot;unit&quot;:&quot;px&quot;,&quot;size&quot;:10,&quot;sizes&quot;:&#091;&#093;},&quot;link_to&quot;:&quot;file&quot;,&quot;overlay_background&quot;:&quot;yes&quot;,&quot;content_hover_animation&quot;:&quot;fade-in&quot;}\" data-widget_type=\"gallery.default\">\n<div class=\"elementor-widget-container\">\n<div class=\"elementor-gallery__container e-gallery-container e-gallery-grid e-gallery--ltr e-gallery--lazyload\">\n<div class=\"e-gallery-image elementor-gallery-item__image e-gallery-image-loaded\" data-thumbnail=\"https:\/\/solspain-lounge.com\/greencleangroup\/wp-content\/uploads\/sites\/11\/2023\/07\/Strak-veranda-reinigen-1-voor-1-300x191.jpeg\" data-width=\"300\" data-height=\"191\"><\/div>\n<div class=\"elementor-gallery-item__overlay\"><\/div>\n<div class=\"e-gallery-image elementor-gallery-item__image e-gallery-image-loaded\" data-thumbnail=\"https:\/\/solspain-lounge.com\/greencleangroup\/wp-content\/uploads\/sites\/11\/2023\/07\/Strak-veranda-reinigen-1-na-300x191.jpeg\" data-width=\"300\" data-height=\"191\"><\/div>\n<div class=\"elementor-gallery-item__overlay\"><\/div>\n<div class=\"e-gallery-image elementor-gallery-item__image e-gallery-image-loaded\" data-thumbnail=\"https:\/\/solspain-lounge.com\/greencleangroup\/wp-content\/uploads\/sites\/11\/2023\/07\/Strak-hek-reinigen-1-voor-300x220.png\" data-width=\"300\" data-height=\"220\"><\/div>\n<div class=\"elementor-gallery-item__overlay\"><\/div>\n<div class=\"e-gallery-image elementor-gallery-item__image e-gallery-image-loaded\" data-thumbnail=\"https:\/\/solspain-lounge.com\/greencleangroup\/wp-content\/uploads\/sites\/11\/2023\/07\/Strak-hek-reinigen-1-na-300x222.png\" data-width=\"300\" data-height=\"222\"><\/div>\n<div class=\"elementor-gallery-item__overlay\"><\/div>\n<div class=\"e-gallery-image elementor-gallery-item__image e-gallery-image-loaded\" data-thumbnail=\"https:\/\/solspain-lounge.com\/greencleangroup\/wp-content\/uploads\/sites\/11\/2023\/07\/Strak-terras-reinigen-1-voor-773x1030-1-225x300.jpg\" data-width=\"225\" data-height=\"300\"><\/div>\n<div class=\"elementor-gallery-item__overlay\"><\/div>\n<div class=\"e-gallery-image elementor-gallery-item__image e-gallery-image-loaded\" data-thumbnail=\"https:\/\/solspain-lounge.com\/greencleangroup\/wp-content\/uploads\/sites\/11\/2023\/07\/Strak-terras-reinigen-1-na-773x1030-1-225x300.jpg\" data-width=\"225\" data-height=\"300\"><\/div>\n<div class=\"elementor-gallery-item__overlay\"><\/div>\n<div class=\"e-gallery-image elementor-gallery-item__image e-gallery-image-loaded\" data-thumbnail=\"https:\/\/solspain-lounge.com\/greencleangroup\/wp-content\/uploads\/sites\/11\/2023\/07\/Strak-straat-reinigen-1-voor-en-na-300x225.jpeg\" data-width=\"300\" data-height=\"225\"><\/div>\n<\/div>\n<\/div>\n<\/div>\n<\/div><\/section><\/div><div  class='flex_column av-y2o5-d24cdbde574dfecbaa150e70cb3728f0 av_one_full  avia-builder-el-2  el_after_av_one_full  avia-builder-el-last  first flex_column_div  column-top-margin'     ><div id='av-masonry-1' class='av-masonry av-ldhpmh2w-65ace830679d9c7663bd3315d302e194 noHover av-fixed-size av-no-gap av-hover-overlay-active av-masonry-animation-active av-masonry-col-flexible av-caption-always av-caption-style- av-masonry-gallery av-orientation-square ' data-post_id=\"1504\"><div class=\"av-masonry-container isotope av-js-disabled\"><div class='av-masonry-entry isotope-item av-masonry-item-no-image '><\/div><a href=\"https:\/\/greencleangroup.es\/wp-content\/uploads\/2023\/01\/Strak-veranda-reinigen-1-voor.jpeg\" data-srcset=\"https:\/\/greencleangroup.es\/wp-content\/uploads\/2023\/01\/Strak-veranda-reinigen-1-voor.jpeg 391w, https:\/\/greencleangroup.es\/wp-content\/uploads\/2023\/01\/Strak-veranda-reinigen-1-voor-300x253.jpeg 300w\" data-sizes=\"(max-width: 391px) 100vw, 391px\"  aria-label=\"image Strak veranda reinigen 1 voor\"  id='av-masonry-1-item-867' data-av-masonry-item='867' class='av-masonry-entry isotope-item post-867 attachment type-attachment status-inherit hentry  av-masonry-item-with-image' title=\"Strak veranda reinigen 1 voor\" alt=\"\"    itemprop=\"thumbnailUrl\" ><div class='av-inner-masonry-sizer'><\/div><figure class='av-inner-masonry main_color'><div class=\"av-masonry-outerimage-container\"><div class='av-masonry-image-container' style=\"background-image: url(https:\/\/greencleangroup.es\/wp-content\/uploads\/2023\/01\/Strak-veranda-reinigen-1-voor.jpeg);\"  title=\"Strak veranda reinigen 1 voor\" ><\/div><\/div><\/figure><\/a><!--end av-masonry entry--><a href=\"https:\/\/greencleangroup.es\/wp-content\/uploads\/2023\/01\/Strak-veranda-reinigen-1-na.jpeg\" data-srcset=\"https:\/\/greencleangroup.es\/wp-content\/uploads\/2023\/01\/Strak-veranda-reinigen-1-na.jpeg 391w, https:\/\/greencleangroup.es\/wp-content\/uploads\/2023\/01\/Strak-veranda-reinigen-1-na-300x253.jpeg 300w\" data-sizes=\"(max-width: 391px) 100vw, 391px\"  aria-label=\"image Strak veranda reinigen 1 na\"  id='av-masonry-1-item-864' data-av-masonry-item='864' class='av-masonry-entry isotope-item post-864 attachment type-attachment status-inherit hentry  av-masonry-item-with-image' title=\"Strak veranda reinigen 1 na\" alt=\"\"    itemprop=\"thumbnailUrl\" ><div class='av-inner-masonry-sizer'><\/div><figure class='av-inner-masonry main_color'><div class=\"av-masonry-outerimage-container\"><div class='av-masonry-image-container' style=\"background-image: url(https:\/\/greencleangroup.es\/wp-content\/uploads\/2023\/01\/Strak-veranda-reinigen-1-na.jpeg);\"  title=\"Strak veranda reinigen 1 na\" ><\/div><\/div><\/figure><\/a><!--end av-masonry entry--><a href=\"https:\/\/greencleangroup.es\/wp-content\/uploads\/2023\/01\/Strak-hek-reinigen-1-voor.png\" data-srcset=\"https:\/\/greencleangroup.es\/wp-content\/uploads\/2023\/01\/Strak-hek-reinigen-1-voor.png 750w, https:\/\/greencleangroup.es\/wp-content\/uploads\/2023\/01\/Strak-hek-reinigen-1-voor-300x220.png 300w, https:\/\/greencleangroup.es\/wp-content\/uploads\/2023\/01\/Strak-hek-reinigen-1-voor-705x518.png 705w\" data-sizes=\"(max-width: 750px) 100vw, 750px\"  aria-label=\"image Strak hek reinigen 1 voor\"  id='av-masonry-1-item-906' data-av-masonry-item='906' class='av-masonry-entry isotope-item post-906 attachment type-attachment status-inherit hentry  av-masonry-item-with-image' title=\"Strak hek reinigen 1 voor\" alt=\"\"    itemprop=\"thumbnailUrl\" ><div class='av-inner-masonry-sizer'><\/div><figure class='av-inner-masonry main_color'><div class=\"av-masonry-outerimage-container\"><div class='av-masonry-image-container' style=\"background-image: url(https:\/\/greencleangroup.es\/wp-content\/uploads\/2023\/01\/Strak-hek-reinigen-1-voor-705x518.png);\"  title=\"Strak hek reinigen 1 voor\" ><\/div><\/div><\/figure><\/a><!--end av-masonry entry--><a href=\"https:\/\/greencleangroup.es\/wp-content\/uploads\/2023\/01\/Strak-hek-reinigen-1-na.png\" data-srcset=\"https:\/\/greencleangroup.es\/wp-content\/uploads\/2023\/01\/Strak-hek-reinigen-1-na.png 750w, https:\/\/greencleangroup.es\/wp-content\/uploads\/2023\/01\/Strak-hek-reinigen-1-na-300x222.png 300w, https:\/\/greencleangroup.es\/wp-content\/uploads\/2023\/01\/Strak-hek-reinigen-1-na-705x523.png 705w\" data-sizes=\"(max-width: 750px) 100vw, 750px\"  aria-label=\"image Strak hek reinigen 1 na\"  id='av-masonry-1-item-903' data-av-masonry-item='903' class='av-masonry-entry isotope-item post-903 attachment type-attachment status-inherit hentry  av-masonry-item-with-image' title=\"Strak hek reinigen 1 na\" alt=\"\"    itemprop=\"thumbnailUrl\" ><div class='av-inner-masonry-sizer'><\/div><figure class='av-inner-masonry main_color'><div class=\"av-masonry-outerimage-container\"><div class='av-masonry-image-container' style=\"background-image: url(https:\/\/greencleangroup.es\/wp-content\/uploads\/2023\/01\/Strak-hek-reinigen-1-na-705x523.png);\"  title=\"Strak hek reinigen 1 na\" ><\/div><\/div><\/figure><\/a><!--end av-masonry entry--><a href=\"https:\/\/greencleangroup.es\/wp-content\/uploads\/2023\/01\/Strak-terras-reinigen-1-voor-773x1030.jpg\" data-srcset=\"https:\/\/greencleangroup.es\/wp-content\/uploads\/2023\/01\/Strak-terras-reinigen-1-voor-773x1030.jpg 773w, https:\/\/greencleangroup.es\/wp-content\/uploads\/2023\/01\/Strak-terras-reinigen-1-voor-225x300.jpg 225w, https:\/\/greencleangroup.es\/wp-content\/uploads\/2023\/01\/Strak-terras-reinigen-1-voor-768x1024.jpg 768w, https:\/\/greencleangroup.es\/wp-content\/uploads\/2023\/01\/Strak-terras-reinigen-1-voor-1152x1536.jpg 1152w, https:\/\/greencleangroup.es\/wp-content\/uploads\/2023\/01\/Strak-terras-reinigen-1-voor-1125x1500.jpg 1125w, https:\/\/greencleangroup.es\/wp-content\/uploads\/2023\/01\/Strak-terras-reinigen-1-voor-529x705.jpg 529w, https:\/\/greencleangroup.es\/wp-content\/uploads\/2023\/01\/Strak-terras-reinigen-1-voor.jpg 1536w\" data-sizes=\"(max-width: 773px) 100vw, 773px\"  aria-label=\"image Strak terras reinigen 1 voor\"  id='av-masonry-1-item-912' data-av-masonry-item='912' class='av-masonry-entry isotope-item post-912 attachment type-attachment status-inherit hentry  av-masonry-item-with-image' title=\"Strak terras reinigen 1 voor\" alt=\"\"    itemprop=\"thumbnailUrl\" ><div class='av-inner-masonry-sizer'><\/div><figure class='av-inner-masonry main_color'><div class=\"av-masonry-outerimage-container\"><div class='av-masonry-image-container' style=\"background-image: url(https:\/\/greencleangroup.es\/wp-content\/uploads\/2023\/01\/Strak-terras-reinigen-1-voor-529x705.jpg);\"  title=\"Strak terras reinigen 1 voor\" ><\/div><\/div><\/figure><\/a><!--end av-masonry entry--><a href=\"https:\/\/greencleangroup.es\/wp-content\/uploads\/2023\/01\/Strak-terras-reinigen-1-na-773x1030.jpg\" data-srcset=\"https:\/\/greencleangroup.es\/wp-content\/uploads\/2023\/01\/Strak-terras-reinigen-1-na-773x1030.jpg 773w, https:\/\/greencleangroup.es\/wp-content\/uploads\/2023\/01\/Strak-terras-reinigen-1-na-225x300.jpg 225w, https:\/\/greencleangroup.es\/wp-content\/uploads\/2023\/01\/Strak-terras-reinigen-1-na-768x1024.jpg 768w, https:\/\/greencleangroup.es\/wp-content\/uploads\/2023\/01\/Strak-terras-reinigen-1-na-1152x1536.jpg 1152w, https:\/\/greencleangroup.es\/wp-content\/uploads\/2023\/01\/Strak-terras-reinigen-1-na-1125x1500.jpg 1125w, https:\/\/greencleangroup.es\/wp-content\/uploads\/2023\/01\/Strak-terras-reinigen-1-na-529x705.jpg 529w, https:\/\/greencleangroup.es\/wp-content\/uploads\/2023\/01\/Strak-terras-reinigen-1-na.jpg 1536w\" data-sizes=\"(max-width: 773px) 100vw, 773px\"  aria-label=\"image Strak terras reinigen 1 na\"  id='av-masonry-1-item-909' data-av-masonry-item='909' class='av-masonry-entry isotope-item post-909 attachment type-attachment status-inherit hentry  av-masonry-item-with-image' title=\"Strak terras reinigen 1 na\" alt=\"\"    itemprop=\"thumbnailUrl\" ><div class='av-inner-masonry-sizer'><\/div><figure class='av-inner-masonry main_color'><div class=\"av-masonry-outerimage-container\"><div class='av-masonry-image-container' style=\"background-image: url(https:\/\/greencleangroup.es\/wp-content\/uploads\/2023\/01\/Strak-terras-reinigen-1-na-529x705.jpg);\"  title=\"Strak terras reinigen 1 na\" ><\/div><\/div><\/figure><\/a><!--end av-masonry entry--><a href=\"https:\/\/greencleangroup.es\/wp-content\/uploads\/2023\/01\/Strak-straat-reinigen-1-voor-en-na.jpeg\" data-srcset=\"https:\/\/greencleangroup.es\/wp-content\/uploads\/2023\/01\/Strak-straat-reinigen-1-voor-en-na.jpeg 650w, https:\/\/greencleangroup.es\/wp-content\/uploads\/2023\/01\/Strak-straat-reinigen-1-voor-en-na-300x225.jpeg 300w\" data-sizes=\"(max-width: 650px) 100vw, 650px\"  aria-label=\"image Strak straat reinigen 1 voor en na\"  id='av-masonry-1-item-861' data-av-masonry-item='861' class='av-masonry-entry isotope-item post-861 attachment type-attachment status-inherit hentry  av-masonry-item-with-image' title=\"Strak straat reinigen 1 voor en na\" alt=\"\"    itemprop=\"thumbnailUrl\" ><div class='av-inner-masonry-sizer'><\/div><figure class='av-inner-masonry main_color'><div class=\"av-masonry-outerimage-container\"><div class='av-masonry-image-container' style=\"background-image: url(https:\/\/greencleangroup.es\/wp-content\/uploads\/2023\/01\/Strak-straat-reinigen-1-voor-en-na.jpeg);\"  title=\"Strak straat reinigen 1 voor en na\" ><\/div><\/div><\/figure><\/a><!--end av-masonry entry--><\/div><\/div><\/div><\/p>\n","protected":false},"excerpt":{"rendered":"","protected":false},"author":2,"featured_media":0,"parent":1450,"menu_order":0,"comment_status":"closed","ping_status":"closed","template":"","meta":{"_joinchat":[],"footnotes":""},"class_list":["post-1504","page","type-page","status-publish","hentry"],"yoast_head":"<!-- This site is optimized with the Yoast SEO plugin v27.2 - https:\/\/yoast.com\/product\/yoast-seo-wordpress\/ -->\n<title>Limpieza de vallas, terrazas, etc. - Green Clean Group<\/title>\n<meta name=\"robots\" content=\"index, follow, max-snippet:-1, max-image-preview:large, max-video-preview:-1\" \/>\n<link rel=\"canonical\" href=\"https:\/\/greencleangroup.es\/es\/softwash\/limpieza-de-vallas-terrazas-etc\/\" \/>\n<meta property=\"og:locale\" content=\"es_ES\" \/>\n<meta property=\"og:type\" content=\"article\" \/>\n<meta property=\"og:title\" content=\"Limpieza de vallas, terrazas, etc. - Green Clean Group\" \/>\n<meta property=\"og:url\" content=\"https:\/\/greencleangroup.es\/es\/softwash\/limpieza-de-vallas-terrazas-etc\/\" \/>\n<meta property=\"og:site_name\" content=\"Green Clean Group\" \/>\n<meta property=\"article:modified_time\" content=\"2023-07-14T20:59:27+00:00\" \/>\n<meta name=\"twitter:card\" content=\"summary_large_image\" \/>\n<meta name=\"twitter:label1\" content=\"Tiempo de lectura\" \/>\n\t<meta name=\"twitter:data1\" content=\"3 minutos\" \/>\n<script type=\"application\/ld+json\" class=\"yoast-schema-graph\">{\"@context\":\"https:\/\/schema.org\",\"@graph\":[{\"@type\":\"WebPage\",\"@id\":\"https:\/\/greencleangroup.es\/es\/softwash\/limpieza-de-vallas-terrazas-etc\/\",\"url\":\"https:\/\/greencleangroup.es\/es\/softwash\/limpieza-de-vallas-terrazas-etc\/\",\"name\":\"Limpieza de vallas, terrazas, etc. - Green Clean Group\",\"isPartOf\":{\"@id\":\"https:\/\/greencleangroup.es\/es\/#website\"},\"datePublished\":\"2023-01-26T08:18:36+00:00\",\"dateModified\":\"2023-07-14T20:59:27+00:00\",\"breadcrumb\":{\"@id\":\"https:\/\/greencleangroup.es\/es\/softwash\/limpieza-de-vallas-terrazas-etc\/#breadcrumb\"},\"inLanguage\":\"es\",\"potentialAction\":[{\"@type\":\"ReadAction\",\"target\":[\"https:\/\/greencleangroup.es\/es\/softwash\/limpieza-de-vallas-terrazas-etc\/\"]}]},{\"@type\":\"BreadcrumbList\",\"@id\":\"https:\/\/greencleangroup.es\/es\/softwash\/limpieza-de-vallas-terrazas-etc\/#breadcrumb\",\"itemListElement\":[{\"@type\":\"ListItem\",\"position\":1,\"name\":\"Home\",\"item\":\"https:\/\/greencleangroup.es\/es\/\"},{\"@type\":\"ListItem\",\"position\":2,\"name\":\"Softwash\",\"item\":\"https:\/\/greencleangroup.es\/es\/softwash\/\"},{\"@type\":\"ListItem\",\"position\":3,\"name\":\"Limpieza de vallas, terrazas, etc.\"}]},{\"@type\":\"WebSite\",\"@id\":\"https:\/\/greencleangroup.es\/es\/#website\",\"url\":\"https:\/\/greencleangroup.es\/es\/\",\"name\":\"Green Clean Group\",\"description\":\"Allround exterior cleaning\",\"potentialAction\":[{\"@type\":\"SearchAction\",\"target\":{\"@type\":\"EntryPoint\",\"urlTemplate\":\"https:\/\/greencleangroup.es\/es\/?s={search_term_string}\"},\"query-input\":{\"@type\":\"PropertyValueSpecification\",\"valueRequired\":true,\"valueName\":\"search_term_string\"}}],\"inLanguage\":\"es\"}]}<\/script>\n<!-- \/ Yoast SEO plugin. -->","yoast_head_json":{"title":"Limpieza de vallas, terrazas, etc. - Green Clean Group","robots":{"index":"index","follow":"follow","max-snippet":"max-snippet:-1","max-image-preview":"max-image-preview:large","max-video-preview":"max-video-preview:-1"},"canonical":"https:\/\/greencleangroup.es\/es\/softwash\/limpieza-de-vallas-terrazas-etc\/","og_locale":"es_ES","og_type":"article","og_title":"Limpieza de vallas, terrazas, etc. - Green Clean Group","og_url":"https:\/\/greencleangroup.es\/es\/softwash\/limpieza-de-vallas-terrazas-etc\/","og_site_name":"Green Clean Group","article_modified_time":"2023-07-14T20:59:27+00:00","twitter_card":"summary_large_image","twitter_misc":{"Tiempo de lectura":"3 minutos"},"schema":{"@context":"https:\/\/schema.org","@graph":[{"@type":"WebPage","@id":"https:\/\/greencleangroup.es\/es\/softwash\/limpieza-de-vallas-terrazas-etc\/","url":"https:\/\/greencleangroup.es\/es\/softwash\/limpieza-de-vallas-terrazas-etc\/","name":"Limpieza de vallas, terrazas, etc. - Green Clean Group","isPartOf":{"@id":"https:\/\/greencleangroup.es\/es\/#website"},"datePublished":"2023-01-26T08:18:36+00:00","dateModified":"2023-07-14T20:59:27+00:00","breadcrumb":{"@id":"https:\/\/greencleangroup.es\/es\/softwash\/limpieza-de-vallas-terrazas-etc\/#breadcrumb"},"inLanguage":"es","potentialAction":[{"@type":"ReadAction","target":["https:\/\/greencleangroup.es\/es\/softwash\/limpieza-de-vallas-terrazas-etc\/"]}]},{"@type":"BreadcrumbList","@id":"https:\/\/greencleangroup.es\/es\/softwash\/limpieza-de-vallas-terrazas-etc\/#breadcrumb","itemListElement":[{"@type":"ListItem","position":1,"name":"Home","item":"https:\/\/greencleangroup.es\/es\/"},{"@type":"ListItem","position":2,"name":"Softwash","item":"https:\/\/greencleangroup.es\/es\/softwash\/"},{"@type":"ListItem","position":3,"name":"Limpieza de vallas, terrazas, etc."}]},{"@type":"WebSite","@id":"https:\/\/greencleangroup.es\/es\/#website","url":"https:\/\/greencleangroup.es\/es\/","name":"Green Clean Group","description":"Allround exterior cleaning","potentialAction":[{"@type":"SearchAction","target":{"@type":"EntryPoint","urlTemplate":"https:\/\/greencleangroup.es\/es\/?s={search_term_string}"},"query-input":{"@type":"PropertyValueSpecification","valueRequired":true,"valueName":"search_term_string"}}],"inLanguage":"es"}]}},"_links":{"self":[{"href":"https:\/\/greencleangroup.es\/es\/wp-json\/wp\/v2\/pages\/1504","targetHints":{"allow":["GET"]}}],"collection":[{"href":"https:\/\/greencleangroup.es\/es\/wp-json\/wp\/v2\/pages"}],"about":[{"href":"https:\/\/greencleangroup.es\/es\/wp-json\/wp\/v2\/types\/page"}],"author":[{"embeddable":true,"href":"https:\/\/greencleangroup.es\/es\/wp-json\/wp\/v2\/users\/2"}],"replies":[{"embeddable":true,"href":"https:\/\/greencleangroup.es\/es\/wp-json\/wp\/v2\/comments?post=1504"}],"version-history":[{"count":2,"href":"https:\/\/greencleangroup.es\/es\/wp-json\/wp\/v2\/pages\/1504\/revisions"}],"predecessor-version":[{"id":1604,"href":"https:\/\/greencleangroup.es\/es\/wp-json\/wp\/v2\/pages\/1504\/revisions\/1604"}],"up":[{"embeddable":true,"href":"https:\/\/greencleangroup.es\/es\/wp-json\/wp\/v2\/pages\/1450"}],"wp:attachment":[{"href":"https:\/\/greencleangroup.es\/es\/wp-json\/wp\/v2\/media?parent=1504"}],"curies":[{"name":"wp","href":"https:\/\/api.w.org\/{rel}","templated":true}]}}