{"id":1815,"date":"2023-02-03T19:51:12","date_gmt":"2023-02-03T19:51:12","guid":{"rendered":"https:\/\/greencleangroup.es\/privacy-verklaring\/"},"modified":"2024-01-30T12:43:24","modified_gmt":"2024-01-30T12:43:24","slug":"declaracion-de-privacidad","status":"publish","type":"page","link":"https:\/\/greencleangroup.es\/es\/declaracion-de-privacidad\/","title":{"rendered":"Declaraci\u00f3n de Privacidad"},"content":{"rendered":"<div  class='flex_column av-9hm2f-8a63afbd375191be1e903f5b54e4370d av_one_full  avia-builder-el-0  avia-builder-el-no-sibling  first flex_column_div  '     ><section  class='av_textblock_section av-ls0bisnl-e773d47ca03912c47bf19f1a3f20ac94 '   itemscope=\"itemscope\" itemtype=\"https:\/\/schema.org\/CreativeWork\" ><div class='avia_textblock'  itemprop=\"text\" ><div class=\"w-full text-token-text-primary\" data-testid=\"conversation-turn-7\">\n<div class=\"px-4 py-2 justify-center text-base md:gap-6 m-auto\">\n<div class=\"flex flex-1 text-base mx-auto gap-3 md:px-5 lg:px-1 xl:px-5 md:max-w-3xl lg:max-w-&#091;40rem&#093; xl:max-w-&#091;48rem&#093; group\">\n<div class=\"relative flex w-full flex-col lg:w-&#091;calc(100%-115px)&#093; agent-turn\">\n<div class=\"flex-col gap-1 md:gap-3\">\n<div class=\"flex flex-grow flex-col max-w-full\">\n<div class=\"min-h-&#091;20px&#093; text-message flex flex-col items-start gap-3 whitespace-pre-wrap break-words &#091;.text-message+&amp;&#093;:mt-5 overflow-x-auto\" data-message-author-role=\"assistant\" data-message-id=\"41ec1389-6d66-4cbf-a63b-731242cfd24f\">\n<div class=\"markdown prose w-full break-words dark:prose-invert light\">\n<p>Green Clean Group, con sede en Calle Bianca 1, Ciudad Quesada, 03170 Rojales &#8211; Alicante, es responsable del procesamiento de datos personales seg\u00fan se indica en esta declaraci\u00f3n de privacidad.<\/p>\n<p><strong>Informaci\u00f3n de contacto:<\/strong><\/p>\n<ul>\n<li>Sitio web: <a href=\"https:\/\/greencleangroup.es\/\" target=\"_new\">www.greencleangroup.es<\/a><\/li>\n<li>Direcci\u00f3n: Calle Bianca 1, Ciudad Quesada, 03170 Rojales &#8211; Alicante<\/li>\n<li>Tel\u00e9fono: +43688700060<\/li>\n<li>Delegado de Protecci\u00f3n de Datos: Eelko Beljaars, reachable at <a target=\"_new\" rel=\"noopener\">info@greencleangroup.es<\/a><\/li>\n<\/ul>\n<p><strong>Datos personales que procesamos:<\/strong><\/p>\n<p>Green Clean Group procesa sus datos personales cuando utiliza nuestros servicios y\/o los proporciona directamente. A continuaci\u00f3n, se presenta un resumen de los datos personales que procesamos:<\/p>\n<ul>\n<li>Nombre y apellidos<\/li>\n<li>G\u00e9nero<\/li>\n<li>Fecha de nacimiento<\/li>\n<li>Lugar de nacimiento<\/li>\n<li>Datos de direcci\u00f3n<\/li>\n<li>N\u00famero de tel\u00e9fono<\/li>\n<li>Direcci\u00f3n de correo electr\u00f3nico<\/li>\n<li>Direcci\u00f3n IP<\/li>\n<li>Navegador de Internet y tipo de dispositivo<\/li>\n<li>N\u00famero de cuenta bancaria<\/li>\n<\/ul>\n<p><strong>Datos personales especiales y\/o sensibles:<\/strong><\/p>\n<p>Nuestro sitio web y\/o servicio no tiene la intenci\u00f3n de recopilar datos sobre visitantes menores de 16 a\u00f1os, a menos que cuenten con el consentimiento de los padres o tutores. Sin embargo, no podemos verificar si un visitante tiene m\u00e1s de 16 a\u00f1os. Recomendamos a los padres que participen en las actividades en l\u00ednea de sus hijos para evitar la recopilaci\u00f3n de datos sobre menores sin el consentimiento parental. Si cree que hemos recopilado datos personales sobre un menor sin consentimiento, cont\u00e1ctenos a <a target=\"_new\" rel=\"noopener\">info@greencleangroup.es<\/a> y eliminaremos esa informaci\u00f3n.<\/p>\n<p><strong>Prop\u00f3sito y base legal para el procesamiento de datos personales:<\/strong><\/p>\n<p><strong>Green Clean Group procesa sus datos personales para los siguientes prop\u00f3sitos:<\/strong><\/p>\n<ul>\n<li>Procesar su pago<\/li>\n<li>Enviar nuestro bolet\u00edn informativo y\/o material publicitario<\/li>\n<li>Poder llamarle o enviarle un correo electr\u00f3nico si es necesario para prestar nuestros servicios<\/li>\n<li>Informarle sobre cambios en nuestros servicios y productos<\/li>\n<li>Brindarle la posibilidad de crear una cuenta<\/li>\n<li>Analizar su comportamiento en el sitio web para mejorar el sitio y adaptar la oferta de productos y servicios a sus preferencias<\/li>\n<li>Seguir su comportamiento de navegaci\u00f3n en diferentes sitios web para ajustar nuestros productos y servicios a sus necesidades<\/li>\n<li>Procesar datos personales cuando estemos legalmente obligados, como datos necesarios para nuestras declaraciones de impuestos<\/li>\n<\/ul>\n<p><strong>Toma de decisiones automatizada:<\/strong><\/p>\n<p>Green Clean Group, bas\u00e1ndose en procesos automatizados, toma decisiones sobre asuntos que pueden tener consecuencias (significativas) para las personas. Estas son decisiones tomadas por programas o sistemas inform\u00e1ticos sin la intervenci\u00f3n de un ser humano (por ejemplo, un empleado de Green Clean Group). Green Clean Group utiliza los siguientes programas o sistemas inform\u00e1ticos: Google Analytics<\/p>\n<p>Duraci\u00f3n de la retenci\u00f3n de datos personales:<\/p>\n<p>Green Clean Group no retiene sus datos personales por m\u00e1s tiempo del estrictamente necesario para lograr los fines para los cuales se recopilan sus datos. Seguimos per\u00edodos de retenci\u00f3n espec\u00edficos para diversas (categor\u00edas de) datos personales:<\/p>\n<p>1 a\u00f1o<\/p>\n<p><strong>Compartir datos personales con terceros:<\/strong><\/p>\n<p>Green Clean Group solo divulga datos personales a terceros cuando es necesario para la ejecuci\u00f3n de nuestro acuerdo con usted o para cumplir con una obligaci\u00f3n legal.<\/p>\n<p><strong>Cookies y tecnolog\u00edas similares:<\/strong><\/p>\n<p>Green Clean Group utiliza solo cookies t\u00e9cnicas y funcionales, junto con cookies anal\u00edticas que no infringen su privacidad. Una cookie es un peque\u00f1o archivo de texto almacenado en su computadora, tableta o tel\u00e9fono inteligente durante su primera visita al sitio web. Las cookies que utilizamos son necesarias para el funcionamiento t\u00e9cnico del sitio web y su comodidad de uso. Aseguran el correcto funcionamiento del sitio web y recuerdan, por ejemplo, sus preferencias. Puede optar por no aceptar cookies configurando su navegador de Internet para que ya no almacene cookies. Adem\u00e1s, tambi\u00e9n puede eliminar toda la informaci\u00f3n almacenada previamente a trav\u00e9s de la configuraci\u00f3n de su navegador.<\/p>\n<p><strong>Acceso, modificaci\u00f3n o eliminaci\u00f3n de datos:<\/strong><\/p>\n<p>Usted tiene el derecho de acceder, corregir o eliminar sus datos personales. Tambi\u00e9n tiene el derecho de retirar su consentimiento para el procesamiento de datos o de oponerse al procesamiento de sus datos personales por parte de Green Clean Group, as\u00ed como el derecho a la portabilidad de datos. Esto significa que puede solicitar que le enviemos los datos personales que tenemos sobre usted en un archivo inform\u00e1tico, ya sea a usted o a otra organizaci\u00f3n que usted especifique.<\/p>\n<p>Para solicitar acceso, correcci\u00f3n, eliminaci\u00f3n, transferencia de datos, retiro de consentimiento u objeci\u00f3n al procesamiento de datos personales, env\u00ede un correo electr\u00f3nico a <a target=\"_new\" rel=\"noopener\">info@greencleangroup.es<\/a>. Para verificar su solicitud de acceso, le pedimos que incluya una copia de su documento de identidad. En esta copia, enmascare su foto, MRZ (zona legible por m\u00e1quina, la franja con n\u00fameros en la parte inferior del pasaporte), n\u00famero de pasaporte y n\u00famero de servicio ciudadano (BSN) para proteger su privacidad. Responderemos lo m\u00e1s r\u00e1pido posible, pero en un plazo m\u00e1ximo de cuatro semanas, a su solicitud.<\/p>\n<p>Green Clean Group tambi\u00e9n desea informarle que tiene el derecho de presentar una queja ante la autoridad de supervisi\u00f3n nacional, la Agencia de Protecci\u00f3n de Datos. Esto se puede hacer a trav\u00e9s del siguiente enlace: <a href=\"https:\/\/autoriteitpersoonsgegevens.nl\/nl\/contact-met-de-autoriteit-persoonsgegevens\/tip-ons\" target=\"_new\" rel=\"noopener\">https:\/\/autoriteitpersoonsgegevens.nl\/nl\/contact-met-de-autoriteit-persoonsgegevens\/tip-ons<\/a><\/p>\n<p><strong>C\u00f3mo protegemos los datos personales:<\/strong><\/p>\n<p>Green Clean Group toma en serio la protecci\u00f3n de sus datos e implementa medidas adecuadas para evitar el mal uso, la p\u00e9rdida, el acceso no autorizado, la divulgaci\u00f3n no deseada y la alteraci\u00f3n no autorizada. Si tiene la impresi\u00f3n de que sus datos no est\u00e1n debidamente protegidos o si hay indicios de mal uso, p\u00f3ngase en contacto con nuestro servicio de atenci\u00f3n al cliente o <a target=\"_new\" rel=\"noopener\">info@greencleangroup.es<\/a>.<\/p>\n<\/div>\n<\/div>\n<\/div>\n<\/div>\n<\/div>\n<\/div>\n<\/div>\n<\/div>\n<\/div><\/section><\/div>\n","protected":false},"excerpt":{"rendered":"","protected":false},"author":2,"featured_media":0,"parent":0,"menu_order":0,"comment_status":"closed","ping_status":"closed","template":"","meta":{"_joinchat":[],"footnotes":""},"class_list":["post-1815","page","type-page","status-publish","hentry"],"yoast_head":"<!-- This site is optimized with the Yoast SEO plugin v27.2 - https:\/\/yoast.com\/product\/yoast-seo-wordpress\/ -->\n<title>Declaraci\u00f3n de Privacidad - Green Clean Group<\/title>\n<meta name=\"robots\" content=\"index, follow, max-snippet:-1, max-image-preview:large, max-video-preview:-1\" \/>\n<link rel=\"canonical\" href=\"https:\/\/greencleangroup.es\/es\/declaracion-de-privacidad\/\" \/>\n<meta property=\"og:locale\" content=\"es_ES\" \/>\n<meta property=\"og:type\" content=\"article\" \/>\n<meta property=\"og:title\" content=\"Declaraci\u00f3n de Privacidad - Green Clean Group\" \/>\n<meta property=\"og:url\" content=\"https:\/\/greencleangroup.es\/es\/declaracion-de-privacidad\/\" \/>\n<meta property=\"og:site_name\" content=\"Green Clean Group\" \/>\n<meta property=\"article:modified_time\" content=\"2024-01-30T12:43:24+00:00\" \/>\n<meta name=\"twitter:card\" content=\"summary_large_image\" \/>\n<meta name=\"twitter:label1\" content=\"Tiempo de lectura\" \/>\n\t<meta name=\"twitter:data1\" content=\"4 minutos\" \/>\n<script type=\"application\/ld+json\" class=\"yoast-schema-graph\">{\"@context\":\"https:\/\/schema.org\",\"@graph\":[{\"@type\":\"WebPage\",\"@id\":\"https:\/\/greencleangroup.es\/es\/declaracion-de-privacidad\/\",\"url\":\"https:\/\/greencleangroup.es\/es\/declaracion-de-privacidad\/\",\"name\":\"Declaraci\u00f3n de Privacidad - Green Clean Group\",\"isPartOf\":{\"@id\":\"https:\/\/greencleangroup.es\/es\/#website\"},\"datePublished\":\"2023-02-03T19:51:12+00:00\",\"dateModified\":\"2024-01-30T12:43:24+00:00\",\"breadcrumb\":{\"@id\":\"https:\/\/greencleangroup.es\/es\/declaracion-de-privacidad\/#breadcrumb\"},\"inLanguage\":\"es\",\"potentialAction\":[{\"@type\":\"ReadAction\",\"target\":[\"https:\/\/greencleangroup.es\/es\/declaracion-de-privacidad\/\"]}]},{\"@type\":\"BreadcrumbList\",\"@id\":\"https:\/\/greencleangroup.es\/es\/declaracion-de-privacidad\/#breadcrumb\",\"itemListElement\":[{\"@type\":\"ListItem\",\"position\":1,\"name\":\"Home\",\"item\":\"https:\/\/greencleangroup.es\/es\/\"},{\"@type\":\"ListItem\",\"position\":2,\"name\":\"Declaraci\u00f3n de Privacidad\"}]},{\"@type\":\"WebSite\",\"@id\":\"https:\/\/greencleangroup.es\/es\/#website\",\"url\":\"https:\/\/greencleangroup.es\/es\/\",\"name\":\"Green Clean Group\",\"description\":\"Allround exterior cleaning\",\"potentialAction\":[{\"@type\":\"SearchAction\",\"target\":{\"@type\":\"EntryPoint\",\"urlTemplate\":\"https:\/\/greencleangroup.es\/es\/?s={search_term_string}\"},\"query-input\":{\"@type\":\"PropertyValueSpecification\",\"valueRequired\":true,\"valueName\":\"search_term_string\"}}],\"inLanguage\":\"es\"}]}<\/script>\n<!-- \/ Yoast SEO plugin. -->","yoast_head_json":{"title":"Declaraci\u00f3n de Privacidad - Green Clean Group","robots":{"index":"index","follow":"follow","max-snippet":"max-snippet:-1","max-image-preview":"max-image-preview:large","max-video-preview":"max-video-preview:-1"},"canonical":"https:\/\/greencleangroup.es\/es\/declaracion-de-privacidad\/","og_locale":"es_ES","og_type":"article","og_title":"Declaraci\u00f3n de Privacidad - Green Clean Group","og_url":"https:\/\/greencleangroup.es\/es\/declaracion-de-privacidad\/","og_site_name":"Green Clean Group","article_modified_time":"2024-01-30T12:43:24+00:00","twitter_card":"summary_large_image","twitter_misc":{"Tiempo de lectura":"4 minutos"},"schema":{"@context":"https:\/\/schema.org","@graph":[{"@type":"WebPage","@id":"https:\/\/greencleangroup.es\/es\/declaracion-de-privacidad\/","url":"https:\/\/greencleangroup.es\/es\/declaracion-de-privacidad\/","name":"Declaraci\u00f3n de Privacidad - Green Clean Group","isPartOf":{"@id":"https:\/\/greencleangroup.es\/es\/#website"},"datePublished":"2023-02-03T19:51:12+00:00","dateModified":"2024-01-30T12:43:24+00:00","breadcrumb":{"@id":"https:\/\/greencleangroup.es\/es\/declaracion-de-privacidad\/#breadcrumb"},"inLanguage":"es","potentialAction":[{"@type":"ReadAction","target":["https:\/\/greencleangroup.es\/es\/declaracion-de-privacidad\/"]}]},{"@type":"BreadcrumbList","@id":"https:\/\/greencleangroup.es\/es\/declaracion-de-privacidad\/#breadcrumb","itemListElement":[{"@type":"ListItem","position":1,"name":"Home","item":"https:\/\/greencleangroup.es\/es\/"},{"@type":"ListItem","position":2,"name":"Declaraci\u00f3n de Privacidad"}]},{"@type":"WebSite","@id":"https:\/\/greencleangroup.es\/es\/#website","url":"https:\/\/greencleangroup.es\/es\/","name":"Green Clean Group","description":"Allround exterior cleaning","potentialAction":[{"@type":"SearchAction","target":{"@type":"EntryPoint","urlTemplate":"https:\/\/greencleangroup.es\/es\/?s={search_term_string}"},"query-input":{"@type":"PropertyValueSpecification","valueRequired":true,"valueName":"search_term_string"}}],"inLanguage":"es"}]}},"_links":{"self":[{"href":"https:\/\/greencleangroup.es\/es\/wp-json\/wp\/v2\/pages\/1815","targetHints":{"allow":["GET"]}}],"collection":[{"href":"https:\/\/greencleangroup.es\/es\/wp-json\/wp\/v2\/pages"}],"about":[{"href":"https:\/\/greencleangroup.es\/es\/wp-json\/wp\/v2\/types\/page"}],"author":[{"embeddable":true,"href":"https:\/\/greencleangroup.es\/es\/wp-json\/wp\/v2\/users\/2"}],"replies":[{"embeddable":true,"href":"https:\/\/greencleangroup.es\/es\/wp-json\/wp\/v2\/comments?post=1815"}],"version-history":[{"count":3,"href":"https:\/\/greencleangroup.es\/es\/wp-json\/wp\/v2\/pages\/1815\/revisions"}],"predecessor-version":[{"id":1838,"href":"https:\/\/greencleangroup.es\/es\/wp-json\/wp\/v2\/pages\/1815\/revisions\/1838"}],"wp:attachment":[{"href":"https:\/\/greencleangroup.es\/es\/wp-json\/wp\/v2\/media?parent=1815"}],"curies":[{"name":"wp","href":"https:\/\/api.w.org\/{rel}","templated":true}]}}